{"id":139,"date":"2017-05-04T15:27:58","date_gmt":"2017-05-04T15:27:58","guid":{"rendered":"http:\/\/nationaltrustcanada.ca?page_id=139"},"modified":"2023-08-09T10:08:24","modified_gmt":"2023-08-09T14:08:24","slug":"accueil","status":"publish","type":"page","link":"https:\/\/nationaltrustcanada.ca\/fr","title":{"rendered":"Accueil"},"content":{"rendered":"<p>Le patrimoine en vie<\/p>\n<p>La Fiducie nationale agit et inspire a agir afin de proteger des lieux qui importent. Nos sites, nos projets et nos programmes mobilisent lest Canadiens, mettent en valeur l&rsquo;identite locale et donnent vie au patrimoine.<\/p>\n<p><strong>Rehaussez la vitalit\u00e9 de votre lieu du patrimoine<\/strong><\/p>\n<p>R\u00e9g\u00e9n\u00e9raction, c\u2019est un guichet unique o\u00f9 vous trouverez des outils, de la formation et de l\u2019encadrement pour vous aider \u00e0 rehausser la vitalit\u00e9 de votre lieu du patrimoine.<\/p>\n<table>\n<tbody>\n<tr>\n<td width=\"156\">REVENUS ET ACTIVIT\u00c9S DE FINANCEMENT<\/td>\n<td width=\"156\">LIEUX DE CULTE<\/td>\n<td width=\"156\">CENTRES-VILLES<\/td>\n<td width=\"156\">IMMEUBLES ET SITES<\/td>\n<\/tr>\n<\/tbody>\n<\/table>\n<p>D\u00e9couvrez des lieux qui racontent nos r\u00e9cits<br \/>\nVisitez et d\u00e9couvrez de magnifiques immeubles, des paysages extraordinaires et des quartiers urbains dynamiques.<br \/>\nLIEUX \u00ab PASSEPORT \u00bb DESTINATIONS CLASSIQUES<\/p>\n<p>Nous aidons les Canadiens \u00e0 sauver des lieux qui importent<br \/>\nCe lieu importe<br \/>\nNotre plateforme de sociofinancement a permis de recueillir plus de 1 400 000 $ pour des lieux historiques. Partout au pays, des collectivit\u00e9s insufflent une nouvelle vie \u00e0 de magnifiques lieux historiques gr\u00e2ce \u00e0 Ce lieu importe.<br \/>\nConf\u00e9rence 2017 de la Fiducie nationale<br \/>\nLa Conf\u00e9rence Fiducie nationale-APT de cette ann\u00e9e sera la plus grande rencontre jamais vue au Canada de sp\u00e9cialistes et de promoteurs de la conservation.<\/p>\n<p>Palmar\u00e8s des 10 sites les plus menac\u00e9s<br \/>\nVous pouvez utiliser notre Palmar\u00e8s des 10 sites les plus menac\u00e9s pour braquer les projecteurs de la nation sur des lieux historiques qui sont menac\u00e9s parce qu\u2019ils sont n\u00e9glig\u00e9s, par manque de fonds, par suite d\u2019un am\u00e9nagement inappropri\u00e9 ou en raison de la faiblesse des lois.<\/p>\n<p>&nbsp;<\/p>\n<p><strong>D\u00e9couvrez des lieux qui racontent nos r\u00e9cits<\/strong><\/p>\n<p>Visitez et d\u00e9couvrez de magnifiques immeubles, des paysages extraordinaires et des quartiers urbains dynamiques.<\/p>\n<table>\n<tbody>\n<tr>\n<td width=\"312\">LIEUX \u00ab\u00a0PASSEPORT\u00a0\u00bb<\/td>\n<td width=\"312\">DESTINATIONS CLASSIQUES<\/td>\n<\/tr>\n<\/tbody>\n<\/table>\n<p>&nbsp;<\/p>\n<p><strong>Nous aidons les Canadiens \u00e0 sauver des lieux qui importent<\/strong><\/p>\n<p>Ce lieu importe<\/p>\n<p>Notre plateforme de sociofinancement a permis de recueillir plus de 1\u00a0400\u00a0000\u00a0$ pour des lieux historiques. Partout au pays, des collectivit\u00e9s insufflent une nouvelle vie \u00e0 de magnifiques lieux historiques gr\u00e2ce \u00e0 Ce lieu importe.<\/p>\n<p>Conf\u00e9rence 2017 de la Fiducie nationale<\/p>\n<p>La Conf\u00e9rence Fiducie nationale-APT de cette ann\u00e9e sera la plus grande rencontre jamais vue au Canada de sp\u00e9cialistes et de promoteurs de la conservation.<\/p>\n<p>&nbsp;<\/p>\n<p>Palmar\u00e8s des 10\u00a0sites les plus menac\u00e9s<\/p>\n<p>Vous pouvez utiliser notre Palmar\u00e8s des 10\u00a0sites les plus menac\u00e9s pour braquer les projecteurs de la nation sur des lieux historiques qui sont menac\u00e9s parce qu\u2019ils sont n\u00e9glig\u00e9s, par manque de fonds, par suite d\u2019un am\u00e9nagement inappropri\u00e9 ou en raison de la faiblesse des lois.<\/p>\n","protected":false},"excerpt":{"rendered":"<p>Le patrimoine en vie La Fiducie nationale agit et inspire a agir afin de proteger des lieux qui importent. Nos&#8230;<\/p>\n","protected":false},"author":1,"featured_media":0,"parent":0,"menu_order":0,"comment_status":"closed","ping_status":"closed","template":"template-parts\/template-homepage.php","meta":{"_acf_changed":false,"footnotes":""},"class_list":["post-139","page","type-page","status-publish","hentry"],"acf":[],"yoast_head":"<!-- This site is optimized with the Yoast SEO plugin v26.3 - https:\/\/yoast.com\/wordpress\/plugins\/seo\/ -->\n<title>Accueil - La Fiducie nationale du Canada - Le patrimoine en vie<\/title>\n<meta name=\"description\" content=\"La Fiducie nationale agit et inspire \u00e0 agir afin de prot\u00e9ger des lieux qui importent. Nos programmes mobilisent les Canadiens et donnent vie au patrimoine.\" \/>\n<meta name=\"robots\" content=\"index, follow, max-snippet:-1, max-image-preview:large, max-video-preview:-1\" \/>\n<link rel=\"canonical\" href=\"https:\/\/nationaltrustcanada.ca\/fr\" \/>\n<meta property=\"og:locale\" content=\"fr_FR\" \/>\n<meta property=\"og:type\" content=\"article\" \/>\n<meta property=\"og:title\" content=\"Accueil - La Fiducie nationale du Canada - Le patrimoine en vie\" \/>\n<meta property=\"og:description\" content=\"La Fiducie nationale agit et inspire \u00e0 agir afin de prot\u00e9ger des lieux qui importent. Nos programmes mobilisent les Canadiens et donnent vie au patrimoine.\" \/>\n<meta property=\"og:url\" content=\"https:\/\/nationaltrustcanada.ca\/fr\" \/>\n<meta property=\"og:site_name\" content=\"Fiducie nationale du Canada\" \/>\n<meta property=\"article:modified_time\" content=\"2023-08-09T14:08:24+00:00\" \/>\n<meta name=\"twitter:card\" content=\"summary_large_image\" \/>\n<meta name=\"twitter:label1\" content=\"Dur\u00e9e de lecture estim\u00e9e\" \/>\n\t<meta name=\"twitter:data1\" content=\"2 minutes\" \/>\n<script type=\"application\/ld+json\" class=\"yoast-schema-graph\">{\"@context\":\"https:\/\/schema.org\",\"@graph\":[{\"@type\":\"WebPage\",\"@id\":\"https:\/\/nationaltrustcanada.ca\/fr\",\"url\":\"https:\/\/nationaltrustcanada.ca\/fr\",\"name\":\"Accueil - La Fiducie nationale du Canada - Le patrimoine en vie\",\"isPartOf\":{\"@id\":\"https:\/\/nationaltrustcanada.ca\/#website\"},\"datePublished\":\"2017-05-04T15:27:58+00:00\",\"dateModified\":\"2023-08-09T14:08:24+00:00\",\"description\":\"La Fiducie nationale agit et inspire \u00e0 agir afin de prot\u00e9ger des lieux qui importent. Nos programmes mobilisent les Canadiens et donnent vie au patrimoine.\",\"breadcrumb\":{\"@id\":\"https:\/\/nationaltrustcanada.ca\/fr#breadcrumb\"},\"inLanguage\":\"fr-FR\",\"potentialAction\":[{\"@type\":\"ReadAction\",\"target\":[\"https:\/\/nationaltrustcanada.ca\/fr\"]}]},{\"@type\":\"BreadcrumbList\",\"@id\":\"https:\/\/nationaltrustcanada.ca\/fr#breadcrumb\",\"itemListElement\":[{\"@type\":\"ListItem\",\"position\":1,\"name\":\"Home\",\"item\":\"https:\/\/nationaltrustcanada.ca\/fr\"},{\"@type\":\"ListItem\",\"position\":2,\"name\":\"Accueil\"}]},{\"@type\":\"WebSite\",\"@id\":\"https:\/\/nationaltrustcanada.ca\/#website\",\"url\":\"https:\/\/nationaltrustcanada.ca\/\",\"name\":\"Fiducie nationale du Canada\",\"description\":\"Bringing Heritage to Life\",\"potentialAction\":[{\"@type\":\"SearchAction\",\"target\":{\"@type\":\"EntryPoint\",\"urlTemplate\":\"https:\/\/nationaltrustcanada.ca\/?s={search_term_string}\"},\"query-input\":{\"@type\":\"PropertyValueSpecification\",\"valueRequired\":true,\"valueName\":\"search_term_string\"}}],\"inLanguage\":\"fr-FR\"}]}<\/script>\n<!-- \/ Yoast SEO plugin. -->","yoast_head_json":{"title":"Accueil - La Fiducie nationale du Canada - Le patrimoine en vie","description":"La Fiducie nationale agit et inspire \u00e0 agir afin de prot\u00e9ger des lieux qui importent. Nos programmes mobilisent les Canadiens et donnent vie au patrimoine.","robots":{"index":"index","follow":"follow","max-snippet":"max-snippet:-1","max-image-preview":"max-image-preview:large","max-video-preview":"max-video-preview:-1"},"canonical":"https:\/\/nationaltrustcanada.ca\/fr","og_locale":"fr_FR","og_type":"article","og_title":"Accueil - La Fiducie nationale du Canada - Le patrimoine en vie","og_description":"La Fiducie nationale agit et inspire \u00e0 agir afin de prot\u00e9ger des lieux qui importent. Nos programmes mobilisent les Canadiens et donnent vie au patrimoine.","og_url":"https:\/\/nationaltrustcanada.ca\/fr","og_site_name":"Fiducie nationale du Canada","article_modified_time":"2023-08-09T14:08:24+00:00","twitter_card":"summary_large_image","twitter_misc":{"Dur\u00e9e de lecture estim\u00e9e":"2 minutes"},"schema":{"@context":"https:\/\/schema.org","@graph":[{"@type":"WebPage","@id":"https:\/\/nationaltrustcanada.ca\/fr","url":"https:\/\/nationaltrustcanada.ca\/fr","name":"Accueil - La Fiducie nationale du Canada - Le patrimoine en vie","isPartOf":{"@id":"https:\/\/nationaltrustcanada.ca\/#website"},"datePublished":"2017-05-04T15:27:58+00:00","dateModified":"2023-08-09T14:08:24+00:00","description":"La Fiducie nationale agit et inspire \u00e0 agir afin de prot\u00e9ger des lieux qui importent. Nos programmes mobilisent les Canadiens et donnent vie au patrimoine.","breadcrumb":{"@id":"https:\/\/nationaltrustcanada.ca\/fr#breadcrumb"},"inLanguage":"fr-FR","potentialAction":[{"@type":"ReadAction","target":["https:\/\/nationaltrustcanada.ca\/fr"]}]},{"@type":"BreadcrumbList","@id":"https:\/\/nationaltrustcanada.ca\/fr#breadcrumb","itemListElement":[{"@type":"ListItem","position":1,"name":"Home","item":"https:\/\/nationaltrustcanada.ca\/fr"},{"@type":"ListItem","position":2,"name":"Accueil"}]},{"@type":"WebSite","@id":"https:\/\/nationaltrustcanada.ca\/#website","url":"https:\/\/nationaltrustcanada.ca\/","name":"Fiducie nationale du Canada","description":"Bringing Heritage to Life","potentialAction":[{"@type":"SearchAction","target":{"@type":"EntryPoint","urlTemplate":"https:\/\/nationaltrustcanada.ca\/?s={search_term_string}"},"query-input":{"@type":"PropertyValueSpecification","valueRequired":true,"valueName":"search_term_string"}}],"inLanguage":"fr-FR"}]}},"_links":{"self":[{"href":"https:\/\/nationaltrustcanada.ca\/fr\/wp-json\/wp\/v2\/pages\/139","targetHints":{"allow":["GET"]}}],"collection":[{"href":"https:\/\/nationaltrustcanada.ca\/fr\/wp-json\/wp\/v2\/pages"}],"about":[{"href":"https:\/\/nationaltrustcanada.ca\/fr\/wp-json\/wp\/v2\/types\/page"}],"author":[{"embeddable":true,"href":"https:\/\/nationaltrustcanada.ca\/fr\/wp-json\/wp\/v2\/users\/1"}],"replies":[{"embeddable":true,"href":"https:\/\/nationaltrustcanada.ca\/fr\/wp-json\/wp\/v2\/comments?post=139"}],"version-history":[{"count":57,"href":"https:\/\/nationaltrustcanada.ca\/fr\/wp-json\/wp\/v2\/pages\/139\/revisions"}],"predecessor-version":[{"id":17879,"href":"https:\/\/nationaltrustcanada.ca\/fr\/wp-json\/wp\/v2\/pages\/139\/revisions\/17879"}],"wp:attachment":[{"href":"https:\/\/nationaltrustcanada.ca\/fr\/wp-json\/wp\/v2\/media?parent=139"}],"curies":[{"name":"wp","href":"https:\/\/api.w.org\/{rel}","templated":true}]}}