{"id":1351,"date":"2017-09-11T13:16:01","date_gmt":"2017-09-11T13:16:01","guid":{"rendered":"http:\/\/nationaltrustcanada.ca?page_id=1351"},"modified":"2021-01-22T14:19:44","modified_gmt":"2021-01-22T19:19:44","slug":"liste-des-lieux-menaces","status":"publish","type":"page","link":"https:\/\/nationaltrustcanada.ca\/fr\/ce-que-nous-offrons\/liste-des-lieux-menaces","title":{"rendered":"Liste des lieux menac\u00e9s"},"content":{"rendered":"<p>La Liste des lieux menac\u00e9s de la Fiducie nationale du Canada braque les projecteurs de la nation sur les lieux du patrimoine en p\u00e9ril, que ce soit ces lieux de culte, des paysages culturels autochtones, des demeures et des \u00e9coles historiques ou des rues principales traditionnelles.<\/p>\n<p>Pour apporter davantage d\u2019attention \u00e0 des lieux qui en ont besoin, la Fiducie nationale accepte maintenant toute l\u2019ann\u00e9e des candidatures \u00e0 sa Liste des lieux menac\u00e9s. Les candidatures seront \u00e9tudi\u00e9es par le personnel de la Fiducie nationale, et s\u00e9lectionn\u00e9es en consultation avec des experts en la mati\u00e8re de partout au pays.<\/p>\n<p><a href=\"https:\/\/nationaltrustcanada.ca\/fr\/ce-que-nous-offrons\/liste-des-lieux-menaces\/proposez-la-candidature-dun-site-menace\" target=\"_blank\" rel=\"noopener noreferrer\"><strong>PROPOSEZ LA CANDIDATURE D\u2019UN SITE MENAC\u00c9<\/strong><\/a> | <a href=\"https:\/\/nationaltrustcanada.ca\/fr\/ce-que-nous-offrons\/liste-des-lieux-menaces\/faq-sur-les-candidatures-au-palmares-des-10-sites-les-plus-menaces\">FAQ<\/a><\/p>\n<p><strong>Avez-vous besoin d\u2019aide pour sauver un site menac\u00e9? <\/strong>\u00c9laborez votre strat\u00e9gie en utilisant notre <strong><a href=\"https:\/\/regenerationworks.ca\/fr\/ressources\/trousse-doutils-lieux-menaces\/\">TROUSSE D\u2019OUTILS DES LIEUX MENAC\u00c9S<\/a><\/strong>.<\/p>\n<p><a href=\"http:\/\/archive.fiducienationalecanada.ca\/dossiers-et-campagnes\/dix-sites-menac%C3%A9s\/palmar%C3%A8s-pass%C3%A9s\" target=\"_blank\" rel=\"noopener noreferrer\">\u00c9DITIONS PR\u00c9C\u00c9DENTES DE LA LISTE\u00a0(2005-2016)<\/a><\/p>\n<p><a href=\"https:\/\/nationaltrustcanada.ca\/wp-content\/uploads\/2020\/12\/EPL-2020-Year-in-Review-Final_FR.pdf\">Liste des lieux menac\u00e9s en 2020 &#8211; Retrospective de l&rsquo;ann\u00e9e<\/a><\/p>\n","protected":false},"excerpt":{"rendered":"<p>La Liste des lieux menac\u00e9s de la Fiducie nationale du Canada braque les projecteurs de la nation sur les lieux&#8230;<\/p>\n","protected":false},"author":4,"featured_media":1659,"parent":1307,"menu_order":8,"comment_status":"closed","ping_status":"closed","template":"template-parts\/template-endangered.php","meta":{"_acf_changed":false,"footnotes":""},"class_list":["post-1351","page","type-page","status-publish","has-post-thumbnail","hentry"],"acf":[],"yoast_head":"<!-- This site is optimized with the Yoast SEO plugin v26.3 - https:\/\/yoast.com\/wordpress\/plugins\/seo\/ -->\n<title>Liste des lieux menac\u00e9s - Fiducie nationale du Canada<\/title>\n<meta name=\"robots\" content=\"index, follow, max-snippet:-1, max-image-preview:large, max-video-preview:-1\" \/>\n<link rel=\"canonical\" href=\"https:\/\/nationaltrustcanada.ca\/fr\/ce-que-nous-offrons\/liste-des-lieux-menaces\" \/>\n<meta property=\"og:locale\" content=\"fr_FR\" \/>\n<meta property=\"og:type\" content=\"article\" \/>\n<meta property=\"og:title\" content=\"Liste des lieux menac\u00e9s - Fiducie nationale du Canada\" \/>\n<meta property=\"og:description\" content=\"La Liste des lieux menac\u00e9s de la Fiducie nationale du Canada braque les projecteurs de la nation sur les lieux...\" \/>\n<meta property=\"og:url\" content=\"https:\/\/nationaltrustcanada.ca\/fr\/ce-que-nous-offrons\/liste-des-lieux-menaces\" \/>\n<meta property=\"og:site_name\" content=\"Fiducie nationale du Canada\" \/>\n<meta property=\"article:modified_time\" content=\"2021-01-22T19:19:44+00:00\" \/>\n<meta property=\"og:image\" content=\"https:\/\/nationaltrustcanada.ca\/wp-content\/uploads\/2017\/05\/Endangered-Stamp_F.jpg\" \/>\n\t<meta property=\"og:image:width\" content=\"590\" \/>\n\t<meta property=\"og:image:height\" content=\"360\" \/>\n\t<meta property=\"og:image:type\" content=\"image\/jpeg\" \/>\n<meta name=\"twitter:card\" content=\"summary_large_image\" \/>\n<meta name=\"twitter:label1\" content=\"Dur\u00e9e de lecture estim\u00e9e\" \/>\n\t<meta name=\"twitter:data1\" content=\"1 minute\" \/>\n<script type=\"application\/ld+json\" class=\"yoast-schema-graph\">{\"@context\":\"https:\/\/schema.org\",\"@graph\":[{\"@type\":\"WebPage\",\"@id\":\"https:\/\/nationaltrustcanada.ca\/fr\/ce-que-nous-offrons\/liste-des-lieux-menaces\",\"url\":\"https:\/\/nationaltrustcanada.ca\/fr\/ce-que-nous-offrons\/liste-des-lieux-menaces\",\"name\":\"Liste des lieux menac\u00e9s - Fiducie nationale du Canada\",\"isPartOf\":{\"@id\":\"https:\/\/nationaltrustcanada.ca\/#website\"},\"primaryImageOfPage\":{\"@id\":\"https:\/\/nationaltrustcanada.ca\/fr\/ce-que-nous-offrons\/liste-des-lieux-menaces#primaryimage\"},\"image\":{\"@id\":\"https:\/\/nationaltrustcanada.ca\/fr\/ce-que-nous-offrons\/liste-des-lieux-menaces#primaryimage\"},\"thumbnailUrl\":\"https:\/\/nationaltrustcanada.ca\/wp-content\/uploads\/2017\/05\/Endangered-Stamp_F.jpg\",\"datePublished\":\"2017-09-11T13:16:01+00:00\",\"dateModified\":\"2021-01-22T19:19:44+00:00\",\"breadcrumb\":{\"@id\":\"https:\/\/nationaltrustcanada.ca\/fr\/ce-que-nous-offrons\/liste-des-lieux-menaces#breadcrumb\"},\"inLanguage\":\"fr-FR\",\"potentialAction\":[{\"@type\":\"ReadAction\",\"target\":[\"https:\/\/nationaltrustcanada.ca\/fr\/ce-que-nous-offrons\/liste-des-lieux-menaces\"]}]},{\"@type\":\"ImageObject\",\"inLanguage\":\"fr-FR\",\"@id\":\"https:\/\/nationaltrustcanada.ca\/fr\/ce-que-nous-offrons\/liste-des-lieux-menaces#primaryimage\",\"url\":\"https:\/\/nationaltrustcanada.ca\/wp-content\/uploads\/2017\/05\/Endangered-Stamp_F.jpg\",\"contentUrl\":\"https:\/\/nationaltrustcanada.ca\/wp-content\/uploads\/2017\/05\/Endangered-Stamp_F.jpg\",\"width\":590,\"height\":360},{\"@type\":\"BreadcrumbList\",\"@id\":\"https:\/\/nationaltrustcanada.ca\/fr\/ce-que-nous-offrons\/liste-des-lieux-menaces#breadcrumb\",\"itemListElement\":[{\"@type\":\"ListItem\",\"position\":1,\"name\":\"Home\",\"item\":\"https:\/\/nationaltrustcanada.ca\/fr\"},{\"@type\":\"ListItem\",\"position\":2,\"name\":\"Ce que nous offrons\",\"item\":\"https:\/\/nationaltrustcanada.ca\/fr\/ce-que-nous-offrons\"},{\"@type\":\"ListItem\",\"position\":3,\"name\":\"Liste des lieux menac\u00e9s\"}]},{\"@type\":\"WebSite\",\"@id\":\"https:\/\/nationaltrustcanada.ca\/#website\",\"url\":\"https:\/\/nationaltrustcanada.ca\/\",\"name\":\"Fiducie nationale du Canada\",\"description\":\"Bringing Heritage to Life\",\"potentialAction\":[{\"@type\":\"SearchAction\",\"target\":{\"@type\":\"EntryPoint\",\"urlTemplate\":\"https:\/\/nationaltrustcanada.ca\/?s={search_term_string}\"},\"query-input\":{\"@type\":\"PropertyValueSpecification\",\"valueRequired\":true,\"valueName\":\"search_term_string\"}}],\"inLanguage\":\"fr-FR\"}]}<\/script>\n<!-- \/ Yoast SEO plugin. -->","yoast_head_json":{"title":"Liste des lieux menac\u00e9s - Fiducie nationale du Canada","robots":{"index":"index","follow":"follow","max-snippet":"max-snippet:-1","max-image-preview":"max-image-preview:large","max-video-preview":"max-video-preview:-1"},"canonical":"https:\/\/nationaltrustcanada.ca\/fr\/ce-que-nous-offrons\/liste-des-lieux-menaces","og_locale":"fr_FR","og_type":"article","og_title":"Liste des lieux menac\u00e9s - Fiducie nationale du Canada","og_description":"La Liste des lieux menac\u00e9s de la Fiducie nationale du Canada braque les projecteurs de la nation sur les lieux...","og_url":"https:\/\/nationaltrustcanada.ca\/fr\/ce-que-nous-offrons\/liste-des-lieux-menaces","og_site_name":"Fiducie nationale du Canada","article_modified_time":"2021-01-22T19:19:44+00:00","og_image":[{"width":590,"height":360,"url":"https:\/\/nationaltrustcanada.ca\/wp-content\/uploads\/2017\/05\/Endangered-Stamp_F.jpg","type":"image\/jpeg"}],"twitter_card":"summary_large_image","twitter_misc":{"Dur\u00e9e de lecture estim\u00e9e":"1 minute"},"schema":{"@context":"https:\/\/schema.org","@graph":[{"@type":"WebPage","@id":"https:\/\/nationaltrustcanada.ca\/fr\/ce-que-nous-offrons\/liste-des-lieux-menaces","url":"https:\/\/nationaltrustcanada.ca\/fr\/ce-que-nous-offrons\/liste-des-lieux-menaces","name":"Liste des lieux menac\u00e9s - Fiducie nationale du Canada","isPartOf":{"@id":"https:\/\/nationaltrustcanada.ca\/#website"},"primaryImageOfPage":{"@id":"https:\/\/nationaltrustcanada.ca\/fr\/ce-que-nous-offrons\/liste-des-lieux-menaces#primaryimage"},"image":{"@id":"https:\/\/nationaltrustcanada.ca\/fr\/ce-que-nous-offrons\/liste-des-lieux-menaces#primaryimage"},"thumbnailUrl":"https:\/\/nationaltrustcanada.ca\/wp-content\/uploads\/2017\/05\/Endangered-Stamp_F.jpg","datePublished":"2017-09-11T13:16:01+00:00","dateModified":"2021-01-22T19:19:44+00:00","breadcrumb":{"@id":"https:\/\/nationaltrustcanada.ca\/fr\/ce-que-nous-offrons\/liste-des-lieux-menaces#breadcrumb"},"inLanguage":"fr-FR","potentialAction":[{"@type":"ReadAction","target":["https:\/\/nationaltrustcanada.ca\/fr\/ce-que-nous-offrons\/liste-des-lieux-menaces"]}]},{"@type":"ImageObject","inLanguage":"fr-FR","@id":"https:\/\/nationaltrustcanada.ca\/fr\/ce-que-nous-offrons\/liste-des-lieux-menaces#primaryimage","url":"https:\/\/nationaltrustcanada.ca\/wp-content\/uploads\/2017\/05\/Endangered-Stamp_F.jpg","contentUrl":"https:\/\/nationaltrustcanada.ca\/wp-content\/uploads\/2017\/05\/Endangered-Stamp_F.jpg","width":590,"height":360},{"@type":"BreadcrumbList","@id":"https:\/\/nationaltrustcanada.ca\/fr\/ce-que-nous-offrons\/liste-des-lieux-menaces#breadcrumb","itemListElement":[{"@type":"ListItem","position":1,"name":"Home","item":"https:\/\/nationaltrustcanada.ca\/fr"},{"@type":"ListItem","position":2,"name":"Ce que nous offrons","item":"https:\/\/nationaltrustcanada.ca\/fr\/ce-que-nous-offrons"},{"@type":"ListItem","position":3,"name":"Liste des lieux menac\u00e9s"}]},{"@type":"WebSite","@id":"https:\/\/nationaltrustcanada.ca\/#website","url":"https:\/\/nationaltrustcanada.ca\/","name":"Fiducie nationale du Canada","description":"Bringing Heritage to Life","potentialAction":[{"@type":"SearchAction","target":{"@type":"EntryPoint","urlTemplate":"https:\/\/nationaltrustcanada.ca\/?s={search_term_string}"},"query-input":{"@type":"PropertyValueSpecification","valueRequired":true,"valueName":"search_term_string"}}],"inLanguage":"fr-FR"}]}},"_links":{"self":[{"href":"https:\/\/nationaltrustcanada.ca\/fr\/wp-json\/wp\/v2\/pages\/1351","targetHints":{"allow":["GET"]}}],"collection":[{"href":"https:\/\/nationaltrustcanada.ca\/fr\/wp-json\/wp\/v2\/pages"}],"about":[{"href":"https:\/\/nationaltrustcanada.ca\/fr\/wp-json\/wp\/v2\/types\/page"}],"author":[{"embeddable":true,"href":"https:\/\/nationaltrustcanada.ca\/fr\/wp-json\/wp\/v2\/users\/4"}],"replies":[{"embeddable":true,"href":"https:\/\/nationaltrustcanada.ca\/fr\/wp-json\/wp\/v2\/comments?post=1351"}],"version-history":[{"count":50,"href":"https:\/\/nationaltrustcanada.ca\/fr\/wp-json\/wp\/v2\/pages\/1351\/revisions"}],"predecessor-version":[{"id":10741,"href":"https:\/\/nationaltrustcanada.ca\/fr\/wp-json\/wp\/v2\/pages\/1351\/revisions\/10741"}],"up":[{"embeddable":true,"href":"https:\/\/nationaltrustcanada.ca\/fr\/wp-json\/wp\/v2\/pages\/1307"}],"wp:featuredmedia":[{"embeddable":true,"href":"https:\/\/nationaltrustcanada.ca\/fr\/wp-json\/wp\/v2\/media\/1659"}],"wp:attachment":[{"href":"https:\/\/nationaltrustcanada.ca\/fr\/wp-json\/wp\/v2\/media?parent=1351"}],"curies":[{"name":"wp","href":"https:\/\/api.w.org\/{rel}","templated":true}]}}