{"id":13437,"date":"2022-03-08T10:06:12","date_gmt":"2022-03-08T15:06:12","guid":{"rendered":"https:\/\/nationaltrustcanada.ca\/?page_id=13437"},"modified":"2022-03-08T11:00:13","modified_gmt":"2022-03-08T16:00:13","slug":"acces-membre","status":"publish","type":"page","link":"https:\/\/nationaltrustcanada.ca\/fr\/acces-membre","title":{"rendered":"Acc\u00e8s membre"},"content":{"rendered":"<h2>Connexion<\/h2>\n<p>Vous \u00eates d\u00e9j\u00e0 membre de la Fiducie nationale? Connectez-vous ci-dessous pour acc\u00e9der \u00e0 vos avantages de l\u2019Apprentissage \u00e0 la carte.<\/p>\n<p>Vous n\u2019\u00eates pas encore membre de la Fiducie nationale? Envisagez de devenir membre de la Fiducie nationale du Canada pour acc\u00e9der \u00e0 une vaste offre de webinaires et s\u00e9ances de conf\u00e9rence sur demande \u2013 \u00e0 votre convenance. <a href=\"https:\/\/nationaltrustcanada.ca\/fr\/ce-que-nous-offrons\/apprentissage-a-la-carte\/avantages-de-lapprentissage-a-la-carte\">En savoir plus<\/a><\/p>\n<p>Vous n\u2019\u00eates pas membre? <a href=\"https:\/\/nationaltrustcanada.ca\/fr\/ce-que-vous-pouvez-faire\/devenez-membre\">Devenez membre d\u00e8s aujourd\u2019hui!<\/a><\/p>\n<p>La d\u00e9connexion se fera automatiquement apr\u00e8s 24 minutes.<\/p>\n","protected":false},"excerpt":{"rendered":"<p>Connexion Vous \u00eates d\u00e9j\u00e0 membre de la Fiducie nationale? Connectez-vous ci-dessous pour acc\u00e9der \u00e0 vos avantages de l\u2019Apprentissage \u00e0 la&#8230;<\/p>\n","protected":false},"author":8,"featured_media":0,"parent":0,"menu_order":0,"comment_status":"closed","ping_status":"closed","template":"template-parts\/template-login.php","meta":{"_acf_changed":false,"footnotes":""},"class_list":["post-13437","page","type-page","status-publish","hentry"],"acf":[],"yoast_head":"<!-- This site is optimized with the Yoast SEO plugin v26.3 - https:\/\/yoast.com\/wordpress\/plugins\/seo\/ -->\n<title>Acc\u00e8s membre - Fiducie nationale du Canada<\/title>\n<meta name=\"robots\" content=\"index, follow, max-snippet:-1, max-image-preview:large, max-video-preview:-1\" \/>\n<link rel=\"canonical\" href=\"https:\/\/nationaltrustcanada.ca\/fr\/acces-membre\" \/>\n<meta property=\"og:locale\" content=\"fr_FR\" \/>\n<meta property=\"og:type\" content=\"article\" \/>\n<meta property=\"og:title\" content=\"Acc\u00e8s membre - Fiducie nationale du Canada\" \/>\n<meta property=\"og:description\" content=\"Connexion Vous \u00eates d\u00e9j\u00e0 membre de la Fiducie nationale? Connectez-vous ci-dessous pour acc\u00e9der \u00e0 vos avantages de l\u2019Apprentissage \u00e0 la...\" \/>\n<meta property=\"og:url\" content=\"https:\/\/nationaltrustcanada.ca\/fr\/acces-membre\" \/>\n<meta property=\"og:site_name\" content=\"Fiducie nationale du Canada\" \/>\n<meta property=\"article:modified_time\" content=\"2022-03-08T16:00:13+00:00\" \/>\n<meta name=\"twitter:card\" content=\"summary_large_image\" \/>\n<script type=\"application\/ld+json\" class=\"yoast-schema-graph\">{\"@context\":\"https:\/\/schema.org\",\"@graph\":[{\"@type\":\"WebPage\",\"@id\":\"https:\/\/nationaltrustcanada.ca\/fr\/acces-membre\",\"url\":\"https:\/\/nationaltrustcanada.ca\/fr\/acces-membre\",\"name\":\"Acc\u00e8s membre - Fiducie nationale du Canada\",\"isPartOf\":{\"@id\":\"https:\/\/nationaltrustcanada.ca\/#website\"},\"datePublished\":\"2022-03-08T15:06:12+00:00\",\"dateModified\":\"2022-03-08T16:00:13+00:00\",\"breadcrumb\":{\"@id\":\"https:\/\/nationaltrustcanada.ca\/fr\/acces-membre#breadcrumb\"},\"inLanguage\":\"fr-FR\",\"potentialAction\":[{\"@type\":\"ReadAction\",\"target\":[\"https:\/\/nationaltrustcanada.ca\/fr\/acces-membre\"]}]},{\"@type\":\"BreadcrumbList\",\"@id\":\"https:\/\/nationaltrustcanada.ca\/fr\/acces-membre#breadcrumb\",\"itemListElement\":[{\"@type\":\"ListItem\",\"position\":1,\"name\":\"Home\",\"item\":\"https:\/\/nationaltrustcanada.ca\/fr\"},{\"@type\":\"ListItem\",\"position\":2,\"name\":\"Acc\u00e8s membre\"}]},{\"@type\":\"WebSite\",\"@id\":\"https:\/\/nationaltrustcanada.ca\/#website\",\"url\":\"https:\/\/nationaltrustcanada.ca\/\",\"name\":\"Fiducie nationale du Canada\",\"description\":\"Bringing Heritage to Life\",\"potentialAction\":[{\"@type\":\"SearchAction\",\"target\":{\"@type\":\"EntryPoint\",\"urlTemplate\":\"https:\/\/nationaltrustcanada.ca\/?s={search_term_string}\"},\"query-input\":{\"@type\":\"PropertyValueSpecification\",\"valueRequired\":true,\"valueName\":\"search_term_string\"}}],\"inLanguage\":\"fr-FR\"}]}<\/script>\n<!-- \/ Yoast SEO plugin. -->","yoast_head_json":{"title":"Acc\u00e8s membre - Fiducie nationale du Canada","robots":{"index":"index","follow":"follow","max-snippet":"max-snippet:-1","max-image-preview":"max-image-preview:large","max-video-preview":"max-video-preview:-1"},"canonical":"https:\/\/nationaltrustcanada.ca\/fr\/acces-membre","og_locale":"fr_FR","og_type":"article","og_title":"Acc\u00e8s membre - Fiducie nationale du Canada","og_description":"Connexion Vous \u00eates d\u00e9j\u00e0 membre de la Fiducie nationale? Connectez-vous ci-dessous pour acc\u00e9der \u00e0 vos avantages de l\u2019Apprentissage \u00e0 la...","og_url":"https:\/\/nationaltrustcanada.ca\/fr\/acces-membre","og_site_name":"Fiducie nationale du Canada","article_modified_time":"2022-03-08T16:00:13+00:00","twitter_card":"summary_large_image","schema":{"@context":"https:\/\/schema.org","@graph":[{"@type":"WebPage","@id":"https:\/\/nationaltrustcanada.ca\/fr\/acces-membre","url":"https:\/\/nationaltrustcanada.ca\/fr\/acces-membre","name":"Acc\u00e8s membre - Fiducie nationale du Canada","isPartOf":{"@id":"https:\/\/nationaltrustcanada.ca\/#website"},"datePublished":"2022-03-08T15:06:12+00:00","dateModified":"2022-03-08T16:00:13+00:00","breadcrumb":{"@id":"https:\/\/nationaltrustcanada.ca\/fr\/acces-membre#breadcrumb"},"inLanguage":"fr-FR","potentialAction":[{"@type":"ReadAction","target":["https:\/\/nationaltrustcanada.ca\/fr\/acces-membre"]}]},{"@type":"BreadcrumbList","@id":"https:\/\/nationaltrustcanada.ca\/fr\/acces-membre#breadcrumb","itemListElement":[{"@type":"ListItem","position":1,"name":"Home","item":"https:\/\/nationaltrustcanada.ca\/fr"},{"@type":"ListItem","position":2,"name":"Acc\u00e8s membre"}]},{"@type":"WebSite","@id":"https:\/\/nationaltrustcanada.ca\/#website","url":"https:\/\/nationaltrustcanada.ca\/","name":"Fiducie nationale du Canada","description":"Bringing Heritage to Life","potentialAction":[{"@type":"SearchAction","target":{"@type":"EntryPoint","urlTemplate":"https:\/\/nationaltrustcanada.ca\/?s={search_term_string}"},"query-input":{"@type":"PropertyValueSpecification","valueRequired":true,"valueName":"search_term_string"}}],"inLanguage":"fr-FR"}]}},"_links":{"self":[{"href":"https:\/\/nationaltrustcanada.ca\/fr\/wp-json\/wp\/v2\/pages\/13437","targetHints":{"allow":["GET"]}}],"collection":[{"href":"https:\/\/nationaltrustcanada.ca\/fr\/wp-json\/wp\/v2\/pages"}],"about":[{"href":"https:\/\/nationaltrustcanada.ca\/fr\/wp-json\/wp\/v2\/types\/page"}],"author":[{"embeddable":true,"href":"https:\/\/nationaltrustcanada.ca\/fr\/wp-json\/wp\/v2\/users\/8"}],"replies":[{"embeddable":true,"href":"https:\/\/nationaltrustcanada.ca\/fr\/wp-json\/wp\/v2\/comments?post=13437"}],"version-history":[{"count":3,"href":"https:\/\/nationaltrustcanada.ca\/fr\/wp-json\/wp\/v2\/pages\/13437\/revisions"}],"predecessor-version":[{"id":13447,"href":"https:\/\/nationaltrustcanada.ca\/fr\/wp-json\/wp\/v2\/pages\/13437\/revisions\/13447"}],"wp:attachment":[{"href":"https:\/\/nationaltrustcanada.ca\/fr\/wp-json\/wp\/v2\/media?parent=13437"}],"curies":[{"name":"wp","href":"https:\/\/api.w.org\/{rel}","templated":true}]}}