{"id":1342,"date":"2016-09-01T18:52:37","date_gmt":"2016-09-01T18:52:37","guid":{"rendered":"http:\/\/nationaltrustcanada.ca?page_id=1342"},"modified":"2022-07-15T17:26:01","modified_gmt":"2022-07-15T21:26:01","slug":"partenaires","status":"publish","type":"page","link":"https:\/\/nationaltrustcanada.ca\/fr\/qui-nous-sommes-2\/partenaires","title":{"rendered":"Partenaires"},"content":{"rendered":"<h3>La Fiducie nationale est fi\u00e8re de coop\u00e9rer avec les partenaires gouvernementaux, les entreprises et les organismes sans but lucratif suivants :<\/h3>\n<table width=\"100%\">\n<tbody>\n<tr>\n<td width=\"30%\"><img loading=\"lazy\" decoding=\"async\" class=\"wp-image-5342 size-full aligncenter\" src=\"https:\/\/nationaltrustcanada.ca\/wp-content\/uploads\/2018\/11\/Government-of-Canada.gif\" alt=\"\" width=\"249\" height=\"63\" \/><\/td>\n<td width=\"70%\">La Fiducie nationale du Canada est fi\u00e8re d\u2019offrir le programme <a href=\"https:\/\/nationaltrustcanada.ca\/fr\/ce-que-nous-offrons\/jeuness-canada-au-travail\">Jeunesse Canada au travail (JCT)<\/a> qui fournit des emplois d\u2019\u00e9t\u00e9 et des stages, dans le cadre d\u2019une initiative conjointe avec le minist\u00e8re du Patrimoine canadien. Nous sommes aussi reconnaissants du financement de d\u00e9marrage accord\u00e9 par le minist\u00e8re du Patrimoine canadien pour nous aider \u00e0 lancer notre portail Web <a href=\"https:\/\/regenerationworks.ca\/fr\/\" target=\"_blank\" rel=\"noopener\">R\u00e9g\u00e9n\u00e9raction<\/a>.<\/td>\n<\/tr>\n<tr>\n<td width=\"30%\"><img loading=\"lazy\" decoding=\"async\" class=\"size-medium wp-image-5343 aligncenter\" src=\"https:\/\/nationaltrustcanada.ca\/wp-content\/uploads\/2018\/11\/partnership_logo_fr400-300x125.jpg\" alt=\"\" width=\"300\" height=\"125\" srcset=\"https:\/\/nationaltrustcanada.ca\/wp-content\/uploads\/2018\/11\/partnership_logo_fr400-300x125.jpg 300w, https:\/\/nationaltrustcanada.ca\/wp-content\/uploads\/2018\/11\/partnership_logo_fr400.jpg 400w\" sizes=\"auto, (max-width: 300px) 100vw, 300px\" \/><\/td>\n<td width=\"70%\">La Fiducie nationale est fi\u00e8re de former chaque ann\u00e9e un partenariat avec Parcs Canada dans le cadre de la <a href=\"https:\/\/historicplacesday.ca\/fr\/\" target=\"_blank\" rel=\"noopener noreferrer\">Journ\u00e9es des lieux patrimoniaux<\/a> \u2013 une initiative nationale encourageant les Canadiens \u00e0 visiter les magnifiques lieux historiques qui se trouvent partout au pays.<\/td>\n<\/tr>\n<tr>\n<td width=\"30%\"><a href=\"https:\/\/www.ecclesiastical.ca\/\" target=\"_blank\" rel=\"noopener noreferrer\"><img loading=\"lazy\" decoding=\"async\" class=\"aligncenter size-medium wp-image-10987\" src=\"https:\/\/nationaltrustcanada.ca\/wp-content\/uploads\/2021\/03\/EIOHorizontalLogo_Colour-300x46.png\" alt=\"Assurances Eccl\u00e9siastiques\" width=\"300\" height=\"46\" srcset=\"https:\/\/nationaltrustcanada.ca\/wp-content\/uploads\/2021\/03\/EIOHorizontalLogo_Colour-300x46.png 300w, https:\/\/nationaltrustcanada.ca\/wp-content\/uploads\/2021\/03\/EIOHorizontalLogo_Colour-1024x156.png 1024w, https:\/\/nationaltrustcanada.ca\/wp-content\/uploads\/2021\/03\/EIOHorizontalLogo_Colour-768x117.png 768w, https:\/\/nationaltrustcanada.ca\/wp-content\/uploads\/2021\/03\/EIOHorizontalLogo_Colour.png 1122w\" sizes=\"auto, (max-width: 300px) 100vw, 300px\" \/><\/a><\/td>\n<td width=\"70%\"><a href=\"https:\/\/www.ecclesiastical.ca\/\" target=\"_blank\" rel=\"noopener noreferrer\">Assurances Eccl\u00e9siastiques<\/a> est un commanditaire pr\u00e9cieux du prix des reb\u00e2tisseurs de la Fiducie nationale.<\/td>\n<\/tr>\n<tr>\n<td width=\"30%\"><a href=\"http:\/\/www.rbc.com\/collectivites-durabilite\/index.html\" target=\"_blank\" rel=\"noopener noreferrer\"><img loading=\"lazy\" decoding=\"async\" class=\"wp-image-1814 size-medium aligncenter\" src=\"http:\/\/nationaltrustcanada.ca\/wp-content\/uploads\/2017\/01\/RBC-Foundation-300x112.jpg\" alt=\"Fondation RBC\" width=\"300\" height=\"112\" srcset=\"https:\/\/nationaltrustcanada.ca\/wp-content\/uploads\/2017\/01\/RBC-Foundation-300x112.jpg 300w, https:\/\/nationaltrustcanada.ca\/wp-content\/uploads\/2017\/01\/RBC-Foundation.jpg 367w\" sizes=\"auto, (max-width: 300px) 100vw, 300px\" \/><\/a><\/td>\n<td width=\"70%\">Gr\u00e2ce au g\u00e9n\u00e9reux appui de la <a href=\"http:\/\/www.rbc.com\/collectivites-durabilite\/index.html\" target=\"_blank\" rel=\"noopener noreferrer\">Fondation RBC<\/a> et \u00e0 son engagement pour trois ans \u00e0 titre de premier commanditaire fondateur, nous avons pu lancer le programme <a href=\"https:\/\/thisplacematters.ca\/fr\/\" target=\"_blank\" rel=\"noopener noreferrer\">CE LIEU IMPORTE<\/a>, accro\u00eetre sa port\u00e9e et ainsi apporter plus de 1\u00a0400\u00a0000\u00a0$ \u00e0 des lieux historiques.<\/td>\n<\/tr>\n<tr>\n<td width=\"30%\"><a href=\"http:\/\/www.commercial-properties.ca\/\" target=\"_blank\" rel=\"noopener noreferrer\"><img loading=\"lazy\" decoding=\"async\" class=\"wp-image-1816 size-medium aligncenter\" src=\"http:\/\/nationaltrustcanada.ca\/wp-content\/uploads\/2017\/01\/CPL-logo-300x75.jpg\" alt=\"Commercial Properties\" width=\"300\" height=\"75\" srcset=\"https:\/\/nationaltrustcanada.ca\/wp-content\/uploads\/2017\/01\/CPL-logo-300x75.jpg 300w, https:\/\/nationaltrustcanada.ca\/wp-content\/uploads\/2017\/01\/CPL-logo.jpg 346w\" sizes=\"auto, (max-width: 300px) 100vw, 300px\" \/><\/a><\/td>\n<td width=\"70%\"><a href=\"http:\/\/www.commercial-properties.ca\/\" target=\"_blank\" rel=\"noopener noreferrer\">Commercial Properties<\/a> \u00e9tait fier commanditaire, dans le Canada atlantique, de notre fructueux concours <a href=\"https:\/\/thisplacematters.ca\/fr\/\" target=\"_blank\" rel=\"noopener noreferrer\">CE LIEU IMPORTE<\/a> 2017.<\/td>\n<\/tr>\n<tr>\n<td width=\"30%\"><a href=\"http:\/\/www.cca-acc.com\/fr\/\" target=\"_blank\" rel=\"noopener noreferrer\"><img loading=\"lazy\" decoding=\"async\" class=\"wp-image-6189 aligncenter\" src=\"https:\/\/nationaltrustcanada.ca\/wp-content\/uploads\/2019\/03\/PRO-5-CCA-fre-logo-horizontal-outline.png\" alt=\"\" width=\"236\" height=\"98\" srcset=\"https:\/\/nationaltrustcanada.ca\/wp-content\/uploads\/2019\/03\/PRO-5-CCA-fre-logo-horizontal-outline.png 809w, https:\/\/nationaltrustcanada.ca\/wp-content\/uploads\/2019\/03\/PRO-5-CCA-fre-logo-horizontal-outline-300x125.png 300w, https:\/\/nationaltrustcanada.ca\/wp-content\/uploads\/2019\/03\/PRO-5-CCA-fre-logo-horizontal-outline-768x320.png 768w\" sizes=\"auto, (max-width: 236px) 100vw, 236px\" \/><\/a><\/td>\n<td width=\"70%\">Nous sommes fiers du partenariat avec l\u2019<strong><a href=\"http:\/\/www.cca-acc.com\/fr\/\">Association canadienne de la construction<\/a><\/strong> dans le cadre du Palmar\u00e8s des 10\u00a0sites les plus menac\u00e9s de 2018.<\/td>\n<\/tr>\n<tr>\n<td width=\"30%\"><a href=\"https:\/\/ca.rbcwealthmanagement.com\/menard.kinkaid\/\" target=\"_blank\" rel=\"noopener\"><strong><img loading=\"lazy\" decoding=\"async\" class=\"aligncenter size-medium wp-image-10999\" src=\"https:\/\/nationaltrustcanada.ca\/wp-content\/uploads\/2021\/03\/rbc-wmds-logo-en-300x78.png\" alt=\"RBC Menard Kinkaid\" width=\"300\" height=\"78\" srcset=\"https:\/\/nationaltrustcanada.ca\/wp-content\/uploads\/2021\/03\/rbc-wmds-logo-en-300x78.png 300w, https:\/\/nationaltrustcanada.ca\/wp-content\/uploads\/2021\/03\/rbc-wmds-logo-en-1024x265.png 1024w, https:\/\/nationaltrustcanada.ca\/wp-content\/uploads\/2021\/03\/rbc-wmds-logo-en-768x199.png 768w, https:\/\/nationaltrustcanada.ca\/wp-content\/uploads\/2021\/03\/rbc-wmds-logo-en.png 1165w\" sizes=\"auto, (max-width: 300px) 100vw, 300px\" \/><\/strong><\/a><\/td>\n<td width=\"70%\">Un g\u00e9n\u00e9reux appui du cabinet de gestion du patrimoine <a href=\"https:\/\/ca.rbcwealthmanagement.com\/menard.kinkaid\/\" target=\"_blank\" rel=\"noopener noreferrer\">RBC Menard Kinkaid<\/a> nous aide \u00e0 explorer les obstacles \u00e0 la r\u00e9utilisation de lieux historiques.<\/td>\n<\/tr>\n<tr>\n<td width=\"30%\"><a href=\"https:\/\/cahp-acecp.ca\/fr\/\" target=\"_blank\" rel=\"noopener\"><strong><img loading=\"lazy\" decoding=\"async\" class=\"aligncenter size-medium wp-image-10996\" src=\"https:\/\/nationaltrustcanada.ca\/wp-content\/uploads\/2021\/03\/Logos-CAHP-01-300x99.jpg\" alt=\"Association canadienne d\u2019experts-conseils en patrimoine\" width=\"300\" height=\"99\" srcset=\"https:\/\/nationaltrustcanada.ca\/wp-content\/uploads\/2021\/03\/Logos-CAHP-01-300x99.jpg 300w, https:\/\/nationaltrustcanada.ca\/wp-content\/uploads\/2021\/03\/Logos-CAHP-01-1024x337.jpg 1024w, https:\/\/nationaltrustcanada.ca\/wp-content\/uploads\/2021\/03\/Logos-CAHP-01-768x253.jpg 768w, https:\/\/nationaltrustcanada.ca\/wp-content\/uploads\/2021\/03\/Logos-CAHP-01-1536x505.jpg 1536w, https:\/\/nationaltrustcanada.ca\/wp-content\/uploads\/2021\/03\/Logos-CAHP-01-2048x674.jpg 2048w\" sizes=\"auto, (max-width: 300px) 100vw, 300px\" \/><\/strong><\/a><\/td>\n<td width=\"70%\">Depuis 2008, l\u2019<a href=\"https:\/\/www.ecclesiastical.ca\/\" target=\"_blank\" rel=\"noopener noreferrer\">Association canadienne d\u2019experts-conseils en patrimoine (ACECP)<\/a> est un partenaire contribuant chaque ann\u00e9e \u00e0 la Conf\u00e9rence de la Fiducie nationale.<\/td>\n<\/tr>\n<\/tbody>\n<\/table>\n<p><strong>La Fiducie nationale est heureuse aussi de son \u00e9troite collaboration avec les nombreuses organisations provinciales et territoriales vou\u00e9es au patrimoine qui participent \u00e0 notre <a href=\"https:\/\/nationaltrustcanada.ca\/fr\/qui-nous-sommes-2\/notre-conseil-national\" target=\"_blank\" rel=\"noopener noreferrer\">Conseil national<\/a>. <\/strong><\/p>\n<p>Nous sommes \u00e9galement reconnaissants de l\u2019apport des nombreuses entreprises partenaires qui commanditent notre <a href=\"https:\/\/nationaltrustcanada.ca\/fr\/ce-que-nous-offrons\/conference-nationale\" target=\"_blank\" rel=\"noopener noreferrer\">Conf\u00e9rence annuelle<\/a>.<\/p>\n","protected":false},"excerpt":{"rendered":"<p>La Fiducie nationale est fi\u00e8re de coop\u00e9rer avec les partenaires gouvernementaux, les entreprises et les organismes sans but lucratif suivants&#8230;<\/p>\n","protected":false},"author":4,"featured_media":115,"parent":14554,"menu_order":0,"comment_status":"closed","ping_status":"closed","template":"","meta":{"_acf_changed":false,"footnotes":""},"class_list":["post-1342","page","type-page","status-publish","has-post-thumbnail","hentry"],"acf":[],"yoast_head":"<!-- This site is optimized with the Yoast SEO plugin v26.3 - https:\/\/yoast.com\/wordpress\/plugins\/seo\/ -->\n<title>Partenaires - Fiducie Nationale du Canada - fiere partenaires<\/title>\n<meta name=\"description\" content=\"La Fiducie nationale est fi\u00e8re de coop\u00e9rer avec les entreprises partenaires suivantes : Fondation RBC, Assurances Eccl\u00e9siastiques et ACC.\" \/>\n<meta name=\"robots\" content=\"index, follow, max-snippet:-1, max-image-preview:large, max-video-preview:-1\" \/>\n<link rel=\"canonical\" href=\"https:\/\/nationaltrustcanada.ca\/fr\/qui-nous-sommes-2\/partenaires\" \/>\n<meta property=\"og:locale\" content=\"fr_FR\" \/>\n<meta property=\"og:type\" content=\"article\" \/>\n<meta property=\"og:title\" content=\"Partenaires - Fiducie Nationale du Canada - fiere partenaires\" \/>\n<meta property=\"og:description\" content=\"La Fiducie nationale est fi\u00e8re de coop\u00e9rer avec les entreprises partenaires suivantes : Fondation RBC, Assurances Eccl\u00e9siastiques et ACC.\" \/>\n<meta property=\"og:url\" content=\"https:\/\/nationaltrustcanada.ca\/fr\/qui-nous-sommes-2\/partenaires\" \/>\n<meta property=\"og:site_name\" content=\"Fiducie nationale du Canada\" \/>\n<meta property=\"article:modified_time\" content=\"2022-07-15T21:26:01+00:00\" \/>\n<meta property=\"og:image\" content=\"https:\/\/nationaltrustcanada.ca\/wp-content\/uploads\/2017\/04\/cta-who-we-are-board@2x-1.jpg\" \/>\n\t<meta property=\"og:image:width\" content=\"1180\" \/>\n\t<meta property=\"og:image:height\" content=\"720\" \/>\n\t<meta property=\"og:image:type\" content=\"image\/jpeg\" \/>\n<meta name=\"twitter:card\" content=\"summary_large_image\" \/>\n<meta name=\"twitter:label1\" content=\"Dur\u00e9e de lecture estim\u00e9e\" \/>\n\t<meta name=\"twitter:data1\" content=\"3 minutes\" \/>\n<script type=\"application\/ld+json\" class=\"yoast-schema-graph\">{\"@context\":\"https:\/\/schema.org\",\"@graph\":[{\"@type\":\"WebPage\",\"@id\":\"https:\/\/nationaltrustcanada.ca\/fr\/qui-nous-sommes-2\/partenaires\",\"url\":\"https:\/\/nationaltrustcanada.ca\/fr\/qui-nous-sommes-2\/partenaires\",\"name\":\"Partenaires - Fiducie Nationale du Canada - fiere partenaires\",\"isPartOf\":{\"@id\":\"https:\/\/nationaltrustcanada.ca\/#website\"},\"primaryImageOfPage\":{\"@id\":\"https:\/\/nationaltrustcanada.ca\/fr\/qui-nous-sommes-2\/partenaires#primaryimage\"},\"image\":{\"@id\":\"https:\/\/nationaltrustcanada.ca\/fr\/qui-nous-sommes-2\/partenaires#primaryimage\"},\"thumbnailUrl\":\"https:\/\/nationaltrustcanada.ca\/wp-content\/uploads\/2017\/04\/cta-who-we-are-board@2x-1.jpg\",\"datePublished\":\"2016-09-01T18:52:37+00:00\",\"dateModified\":\"2022-07-15T21:26:01+00:00\",\"description\":\"La Fiducie nationale est fi\u00e8re de coop\u00e9rer avec les entreprises partenaires suivantes : Fondation RBC, Assurances Eccl\u00e9siastiques et ACC.\",\"breadcrumb\":{\"@id\":\"https:\/\/nationaltrustcanada.ca\/fr\/qui-nous-sommes-2\/partenaires#breadcrumb\"},\"inLanguage\":\"fr-FR\",\"potentialAction\":[{\"@type\":\"ReadAction\",\"target\":[\"https:\/\/nationaltrustcanada.ca\/fr\/qui-nous-sommes-2\/partenaires\"]}]},{\"@type\":\"ImageObject\",\"inLanguage\":\"fr-FR\",\"@id\":\"https:\/\/nationaltrustcanada.ca\/fr\/qui-nous-sommes-2\/partenaires#primaryimage\",\"url\":\"https:\/\/nationaltrustcanada.ca\/wp-content\/uploads\/2017\/04\/cta-who-we-are-board@2x-1.jpg\",\"contentUrl\":\"https:\/\/nationaltrustcanada.ca\/wp-content\/uploads\/2017\/04\/cta-who-we-are-board@2x-1.jpg\",\"width\":1180,\"height\":720},{\"@type\":\"BreadcrumbList\",\"@id\":\"https:\/\/nationaltrustcanada.ca\/fr\/qui-nous-sommes-2\/partenaires#breadcrumb\",\"itemListElement\":[{\"@type\":\"ListItem\",\"position\":1,\"name\":\"Home\",\"item\":\"https:\/\/nationaltrustcanada.ca\/fr\"},{\"@type\":\"ListItem\",\"position\":2,\"name\":\"Qui Nous Sommes\",\"item\":\"https:\/\/nationaltrustcanada.ca\/fr\/qui-nous-sommes-2\"},{\"@type\":\"ListItem\",\"position\":3,\"name\":\"Partenaires\"}]},{\"@type\":\"WebSite\",\"@id\":\"https:\/\/nationaltrustcanada.ca\/#website\",\"url\":\"https:\/\/nationaltrustcanada.ca\/\",\"name\":\"Fiducie nationale du Canada\",\"description\":\"Bringing Heritage to Life\",\"potentialAction\":[{\"@type\":\"SearchAction\",\"target\":{\"@type\":\"EntryPoint\",\"urlTemplate\":\"https:\/\/nationaltrustcanada.ca\/?s={search_term_string}\"},\"query-input\":{\"@type\":\"PropertyValueSpecification\",\"valueRequired\":true,\"valueName\":\"search_term_string\"}}],\"inLanguage\":\"fr-FR\"}]}<\/script>\n<!-- \/ Yoast SEO plugin. -->","yoast_head_json":{"title":"Partenaires - Fiducie Nationale du Canada - fiere partenaires","description":"La Fiducie nationale est fi\u00e8re de coop\u00e9rer avec les entreprises partenaires suivantes : Fondation RBC, Assurances Eccl\u00e9siastiques et ACC.","robots":{"index":"index","follow":"follow","max-snippet":"max-snippet:-1","max-image-preview":"max-image-preview:large","max-video-preview":"max-video-preview:-1"},"canonical":"https:\/\/nationaltrustcanada.ca\/fr\/qui-nous-sommes-2\/partenaires","og_locale":"fr_FR","og_type":"article","og_title":"Partenaires - Fiducie Nationale du Canada - fiere partenaires","og_description":"La Fiducie nationale est fi\u00e8re de coop\u00e9rer avec les entreprises partenaires suivantes : Fondation RBC, Assurances Eccl\u00e9siastiques et ACC.","og_url":"https:\/\/nationaltrustcanada.ca\/fr\/qui-nous-sommes-2\/partenaires","og_site_name":"Fiducie nationale du Canada","article_modified_time":"2022-07-15T21:26:01+00:00","og_image":[{"width":1180,"height":720,"url":"https:\/\/nationaltrustcanada.ca\/wp-content\/uploads\/2017\/04\/cta-who-we-are-board@2x-1.jpg","type":"image\/jpeg"}],"twitter_card":"summary_large_image","twitter_misc":{"Dur\u00e9e de lecture estim\u00e9e":"3 minutes"},"schema":{"@context":"https:\/\/schema.org","@graph":[{"@type":"WebPage","@id":"https:\/\/nationaltrustcanada.ca\/fr\/qui-nous-sommes-2\/partenaires","url":"https:\/\/nationaltrustcanada.ca\/fr\/qui-nous-sommes-2\/partenaires","name":"Partenaires - Fiducie Nationale du Canada - fiere partenaires","isPartOf":{"@id":"https:\/\/nationaltrustcanada.ca\/#website"},"primaryImageOfPage":{"@id":"https:\/\/nationaltrustcanada.ca\/fr\/qui-nous-sommes-2\/partenaires#primaryimage"},"image":{"@id":"https:\/\/nationaltrustcanada.ca\/fr\/qui-nous-sommes-2\/partenaires#primaryimage"},"thumbnailUrl":"https:\/\/nationaltrustcanada.ca\/wp-content\/uploads\/2017\/04\/cta-who-we-are-board@2x-1.jpg","datePublished":"2016-09-01T18:52:37+00:00","dateModified":"2022-07-15T21:26:01+00:00","description":"La Fiducie nationale est fi\u00e8re de coop\u00e9rer avec les entreprises partenaires suivantes : Fondation RBC, Assurances Eccl\u00e9siastiques et ACC.","breadcrumb":{"@id":"https:\/\/nationaltrustcanada.ca\/fr\/qui-nous-sommes-2\/partenaires#breadcrumb"},"inLanguage":"fr-FR","potentialAction":[{"@type":"ReadAction","target":["https:\/\/nationaltrustcanada.ca\/fr\/qui-nous-sommes-2\/partenaires"]}]},{"@type":"ImageObject","inLanguage":"fr-FR","@id":"https:\/\/nationaltrustcanada.ca\/fr\/qui-nous-sommes-2\/partenaires#primaryimage","url":"https:\/\/nationaltrustcanada.ca\/wp-content\/uploads\/2017\/04\/cta-who-we-are-board@2x-1.jpg","contentUrl":"https:\/\/nationaltrustcanada.ca\/wp-content\/uploads\/2017\/04\/cta-who-we-are-board@2x-1.jpg","width":1180,"height":720},{"@type":"BreadcrumbList","@id":"https:\/\/nationaltrustcanada.ca\/fr\/qui-nous-sommes-2\/partenaires#breadcrumb","itemListElement":[{"@type":"ListItem","position":1,"name":"Home","item":"https:\/\/nationaltrustcanada.ca\/fr"},{"@type":"ListItem","position":2,"name":"Qui Nous Sommes","item":"https:\/\/nationaltrustcanada.ca\/fr\/qui-nous-sommes-2"},{"@type":"ListItem","position":3,"name":"Partenaires"}]},{"@type":"WebSite","@id":"https:\/\/nationaltrustcanada.ca\/#website","url":"https:\/\/nationaltrustcanada.ca\/","name":"Fiducie nationale du Canada","description":"Bringing Heritage to Life","potentialAction":[{"@type":"SearchAction","target":{"@type":"EntryPoint","urlTemplate":"https:\/\/nationaltrustcanada.ca\/?s={search_term_string}"},"query-input":{"@type":"PropertyValueSpecification","valueRequired":true,"valueName":"search_term_string"}}],"inLanguage":"fr-FR"}]}},"_links":{"self":[{"href":"https:\/\/nationaltrustcanada.ca\/fr\/wp-json\/wp\/v2\/pages\/1342","targetHints":{"allow":["GET"]}}],"collection":[{"href":"https:\/\/nationaltrustcanada.ca\/fr\/wp-json\/wp\/v2\/pages"}],"about":[{"href":"https:\/\/nationaltrustcanada.ca\/fr\/wp-json\/wp\/v2\/types\/page"}],"author":[{"embeddable":true,"href":"https:\/\/nationaltrustcanada.ca\/fr\/wp-json\/wp\/v2\/users\/4"}],"replies":[{"embeddable":true,"href":"https:\/\/nationaltrustcanada.ca\/fr\/wp-json\/wp\/v2\/comments?post=1342"}],"version-history":[{"count":27,"href":"https:\/\/nationaltrustcanada.ca\/fr\/wp-json\/wp\/v2\/pages\/1342\/revisions"}],"predecessor-version":[{"id":14540,"href":"https:\/\/nationaltrustcanada.ca\/fr\/wp-json\/wp\/v2\/pages\/1342\/revisions\/14540"}],"up":[{"embeddable":true,"href":"https:\/\/nationaltrustcanada.ca\/fr\/wp-json\/wp\/v2\/pages\/14554"}],"wp:featuredmedia":[{"embeddable":true,"href":"https:\/\/nationaltrustcanada.ca\/fr\/wp-json\/wp\/v2\/media\/115"}],"wp:attachment":[{"href":"https:\/\/nationaltrustcanada.ca\/fr\/wp-json\/wp\/v2\/media?parent=1342"}],"curies":[{"name":"wp","href":"https:\/\/api.w.org\/{rel}","templated":true}]}}