{"id":13349,"date":"2022-02-28T11:21:50","date_gmt":"2022-02-28T16:21:50","guid":{"rendered":"https:\/\/nationaltrustcanada.ca\/?page_id=13349"},"modified":"2022-02-28T11:26:24","modified_gmt":"2022-02-28T16:26:24","slug":"avantages-de-lapprentissage-a-la-carte","status":"publish","type":"page","link":"https:\/\/nationaltrustcanada.ca\/fr\/ce-que-nous-offrons\/apprentissage-a-la-carte\/avantages-de-lapprentissage-a-la-carte","title":{"rendered":"Avantages de l\u2019Apprentissage \u00e0 la carte"},"content":{"rendered":"<p><strong>Acc\u00e9dez \u00e0 des webinaires et \u00e0 des s\u00e9ances de conf\u00e9rence sur demande. Des webinaires sont ajout\u00e9s tous les mois. Tenez-vous \u00e0 jour sur un \u00e9ventail de sujets, depuis le financement jusqu\u2019au patrimoine autochtone. Comme membre, vous avez plein acc\u00e8s \u00e0 notre offre de possibilit\u00e9s d\u2019apprentissage toute l\u2019ann\u00e9e.<\/strong><\/p>\n<p>\u00c0 la Fiducie nationale du Canada, nous nous donnons pour mission de doter les Canadiens des connaissances voulues pour sauver et renouveler des lieux qui importent. Vous pouvez puiser dans la liste de nos s\u00e9ances d\u2019apprentissage les plus populaires, quand vous voulez. Enrichissez vos connaissances gr\u00e2ce \u00e0 des sp\u00e9cialistes de calibre mondial du patrimoine, du financement, du marketing et du num\u00e9rique, et \u00e0 des chefs de file communautaires qui assurent la vitalit\u00e9 et la pertinence des lieux dont ils ont la garde.<\/p>\n<p>Que vous soyez urbaniste, b\u00e9n\u00e9vole, responsable des politiques, d\u00e9fenseur du patrimoine ou gestionnaire d\u2019un lieu du patrimoine, vous y trouverez de quoi vous int\u00e9resser. Nos webinaires vous pr\u00e9sentent des strat\u00e9gies simples pour accro\u00eetre votre efficacit\u00e9 en financement et en marketing, et pour augmenter vos connaissances en mati\u00e8re de revitalisation communautaire, de tourisme patrimonial, de d\u00e9veloppement durable et de changement climatique.<\/p>\n<p>De plus, comme membre de la Fiducie nationale, vous pouvez d\u00e9couvrir dans notre magazine <em>Locale <\/em>des r\u00e9cits inspirants de lieux sauv\u00e9s et renouvel\u00e9s. Vous b\u00e9n\u00e9ficiez aussi de tarifs de faveur \u00e0 la Conf\u00e9rence de la Fiducie nationale et de l\u2019acc\u00e8s gratuit aux Lieux Passeport de fiducies nationales au Canada et \u00e0 l\u2019\u00e9tranger.<\/p>\n<p><a href=\"https:\/\/nationaltrustcanada.ca\/fr\/ce-que-vous-pouvez-faire\/devenez-membre\"><strong>Devenez membre<\/strong><\/a> d\u00e8s aujourd\u2019hui pour profiter d\u2019une ann\u00e9e d\u2019<strong>Apprentissage \u00e0 la carte<\/strong>.<\/p>\n<p>Vous \u00eates d\u00e9j\u00e0 membre?\u00a0<a href=\"https:\/\/nationaltrustcanada.ca\/member-login\"><strong>Ouvrez une session<\/strong><strong>.<\/strong><\/a><\/p>\n<form action=\"\/fr\/ce-que-vous-pouvez-faire\/devenez-membre\"><input type=\"submit\" value=\"Devenez membre d\u00e8s aujourd\u2019hui\" \/><\/p>\n<h3><strong>On apprend toute la vie. Soyez des n\u00f4tres!<\/strong><\/h3>\n<\/form>\n<table width=\"100%\">\n<tbody>\n<tr>\n<td style=\"text-align: center;\" width=\"20%\"><img loading=\"lazy\" decoding=\"async\" class=\"alignright wp-image-12390\" src=\"https:\/\/nationaltrustcanada.ca\/wp-content\/uploads\/2021\/11\/BIPOC-150x150.png\" alt=\"\" width=\"100\" height=\"107\" \/><\/td>\n<td><strong>Des leaders des communaut\u00e9s de personnes noires, autochtones et racialis\u00e9es vous indiquent comment communiquer avec des publics sous-repr\u00e9sent\u00e9s et comment prot\u00e9ger et c\u00e9l\u00e9brer les lieux diversifi\u00e9s du Canada.<\/strong><\/td>\n<\/tr>\n<tr>\n<td style=\"text-align: center;\"><img loading=\"lazy\" decoding=\"async\" class=\"alignright wp-image-12383\" src=\"https:\/\/nationaltrustcanada.ca\/wp-content\/uploads\/2021\/11\/Tools.png\" alt=\"\" width=\"102\" height=\"97\" \/><\/td>\n<td><strong>D\u00e9couvrez des strat\u00e9gies de r\u00e9g\u00e9n\u00e9ration et de renouvellement; apprenez tout sur la revitalisation communautaire, la r\u00e9utilisation d\u2019un immeuble et le changement climatique.<br \/>\n<\/strong><\/td>\n<\/tr>\n<tr>\n<td style=\"text-align: center;\"><img loading=\"lazy\" decoding=\"async\" class=\"alignright wp-image-12392\" src=\"https:\/\/nationaltrustcanada.ca\/wp-content\/uploads\/2021\/11\/Dollar-150x150.png\" alt=\"\" width=\"100\" height=\"102\" \/><\/td>\n<td><strong>Obtenez les conseils dont vous avez besoin pour r\u00e9unir des fonds et cr\u00e9er de nouvelles sources de revenus pour votre lieu historique.<\/strong><\/td>\n<\/tr>\n<tr>\n<td style=\"text-align: center;\"><img loading=\"lazy\" decoding=\"async\" class=\"alignright wp-image-12394\" src=\"https:\/\/nationaltrustcanada.ca\/wp-content\/uploads\/2021\/11\/Bullseye-150x150.png\" alt=\"\" width=\"100\" height=\"100\" srcset=\"https:\/\/nationaltrustcanada.ca\/wp-content\/uploads\/2021\/11\/Bullseye-150x150.png 150w, https:\/\/nationaltrustcanada.ca\/wp-content\/uploads\/2021\/11\/Bullseye.png 202w\" sizes=\"auto, (max-width: 100px) 100vw, 100px\" \/><\/td>\n<td><strong>Apprenez comment attirer et enchanter de nouveaux publics avec de nouvelles initiatives de marketing et des exp\u00e9riences num\u00e9riques.<\/strong><\/td>\n<\/tr>\n<tr>\n<td style=\"text-align: center;\"><img loading=\"lazy\" decoding=\"async\" class=\"alignright wp-image-12381\" src=\"https:\/\/nationaltrustcanada.ca\/wp-content\/uploads\/2021\/11\/Home3.png\" alt=\"\" width=\"101\" height=\"96\" \/><\/td>\n<td><strong>Perfectionnez vos talents en mati\u00e8re de pr\u00e9sentation de r\u00e9cits, d\u2019exp\u00e9riences virtuelles, de tourisme patrimonial, de m\u00e9dias sociaux et bien plus encore.<\/strong><\/td>\n<\/tr>\n<\/tbody>\n<\/table>\n<p>Explorez les th\u00e8mes ci-dessus \u00e0 votre convenance.<\/p>\n<p><a href=\"https:\/\/nationaltrustcanada.ca\/what-we-offer\/a-year-of-learning\"><strong>Voyez l\u2019offre compl\u00e8te d\u2019Apprentissage \u00e0 la carte ici.<\/strong><\/a><\/p>\n<p>Devenez membre d\u00e8s aujourd\u2019hui pour profiter d\u2019une ann\u00e9e d\u2019<strong>Apprentissage \u00e0 la carte<\/strong>.<\/p>\n<form action=\"\/fr\/ce-que-vous-pouvez-faire\/devenez-membre\"><input type=\"submit\" value=\"Devenez membre d\u00e8s aujourd\u2019hui\" \/><\/form>\n<p>&nbsp;<\/p>\n","protected":false},"excerpt":{"rendered":"<p>Acc\u00e9dez \u00e0 des webinaires et \u00e0 des s\u00e9ances de conf\u00e9rence sur demande. Des webinaires sont ajout\u00e9s tous les mois. Tenez-vous&#8230;<\/p>\n","protected":false},"author":4,"featured_media":12380,"parent":13343,"menu_order":0,"comment_status":"closed","ping_status":"closed","template":"template-parts\/template-toplevel.php","meta":{"_acf_changed":false,"footnotes":""},"class_list":["post-13349","page","type-page","status-publish","has-post-thumbnail","hentry"],"acf":[],"yoast_head":"<!-- This site is optimized with the Yoast SEO plugin v26.3 - https:\/\/yoast.com\/wordpress\/plugins\/seo\/ -->\n<title>Avantages de l\u2019Apprentissage \u00e0 la carte - Fiducie nationale du Canada<\/title>\n<meta name=\"robots\" content=\"index, follow, max-snippet:-1, max-image-preview:large, max-video-preview:-1\" \/>\n<link rel=\"canonical\" href=\"https:\/\/nationaltrustcanada.ca\/fr\/ce-que-nous-offrons\/apprentissage-a-la-carte\/avantages-de-lapprentissage-a-la-carte\" \/>\n<meta property=\"og:locale\" content=\"fr_FR\" \/>\n<meta property=\"og:type\" content=\"article\" \/>\n<meta property=\"og:title\" content=\"Avantages de l\u2019Apprentissage \u00e0 la carte - Fiducie nationale du Canada\" \/>\n<meta property=\"og:description\" content=\"Acc\u00e9dez \u00e0 des webinaires et \u00e0 des s\u00e9ances de conf\u00e9rence sur demande. Des webinaires sont ajout\u00e9s tous les mois. Tenez-vous...\" \/>\n<meta property=\"og:url\" content=\"https:\/\/nationaltrustcanada.ca\/fr\/ce-que-nous-offrons\/apprentissage-a-la-carte\/avantages-de-lapprentissage-a-la-carte\" \/>\n<meta property=\"og:site_name\" content=\"Fiducie nationale du Canada\" \/>\n<meta property=\"article:modified_time\" content=\"2022-02-28T16:26:24+00:00\" \/>\n<meta property=\"og:image\" content=\"https:\/\/nationaltrustcanada.ca\/wp-content\/uploads\/2021\/11\/Day1NTOCConference_MikeSudoma_65-scaled.jpg\" \/>\n\t<meta property=\"og:image:width\" content=\"2560\" \/>\n\t<meta property=\"og:image:height\" content=\"1707\" \/>\n\t<meta property=\"og:image:type\" content=\"image\/jpeg\" \/>\n<meta name=\"twitter:card\" content=\"summary_large_image\" \/>\n<meta name=\"twitter:label1\" content=\"Dur\u00e9e de lecture estim\u00e9e\" \/>\n\t<meta name=\"twitter:data1\" content=\"3 minutes\" \/>\n<script type=\"application\/ld+json\" class=\"yoast-schema-graph\">{\"@context\":\"https:\/\/schema.org\",\"@graph\":[{\"@type\":\"WebPage\",\"@id\":\"https:\/\/nationaltrustcanada.ca\/fr\/ce-que-nous-offrons\/apprentissage-a-la-carte\/avantages-de-lapprentissage-a-la-carte\",\"url\":\"https:\/\/nationaltrustcanada.ca\/fr\/ce-que-nous-offrons\/apprentissage-a-la-carte\/avantages-de-lapprentissage-a-la-carte\",\"name\":\"Avantages de l\u2019Apprentissage \u00e0 la carte - Fiducie nationale du Canada\",\"isPartOf\":{\"@id\":\"https:\/\/nationaltrustcanada.ca\/#website\"},\"primaryImageOfPage\":{\"@id\":\"https:\/\/nationaltrustcanada.ca\/fr\/ce-que-nous-offrons\/apprentissage-a-la-carte\/avantages-de-lapprentissage-a-la-carte#primaryimage\"},\"image\":{\"@id\":\"https:\/\/nationaltrustcanada.ca\/fr\/ce-que-nous-offrons\/apprentissage-a-la-carte\/avantages-de-lapprentissage-a-la-carte#primaryimage\"},\"thumbnailUrl\":\"https:\/\/nationaltrustcanada.ca\/wp-content\/uploads\/2021\/11\/Day1NTOCConference_MikeSudoma_65-scaled.jpg\",\"datePublished\":\"2022-02-28T16:21:50+00:00\",\"dateModified\":\"2022-02-28T16:26:24+00:00\",\"breadcrumb\":{\"@id\":\"https:\/\/nationaltrustcanada.ca\/fr\/ce-que-nous-offrons\/apprentissage-a-la-carte\/avantages-de-lapprentissage-a-la-carte#breadcrumb\"},\"inLanguage\":\"fr-FR\",\"potentialAction\":[{\"@type\":\"ReadAction\",\"target\":[\"https:\/\/nationaltrustcanada.ca\/fr\/ce-que-nous-offrons\/apprentissage-a-la-carte\/avantages-de-lapprentissage-a-la-carte\"]}]},{\"@type\":\"ImageObject\",\"inLanguage\":\"fr-FR\",\"@id\":\"https:\/\/nationaltrustcanada.ca\/fr\/ce-que-nous-offrons\/apprentissage-a-la-carte\/avantages-de-lapprentissage-a-la-carte#primaryimage\",\"url\":\"https:\/\/nationaltrustcanada.ca\/wp-content\/uploads\/2021\/11\/Day1NTOCConference_MikeSudoma_65-scaled.jpg\",\"contentUrl\":\"https:\/\/nationaltrustcanada.ca\/wp-content\/uploads\/2021\/11\/Day1NTOCConference_MikeSudoma_65-scaled.jpg\",\"width\":2560,\"height\":1707},{\"@type\":\"BreadcrumbList\",\"@id\":\"https:\/\/nationaltrustcanada.ca\/fr\/ce-que-nous-offrons\/apprentissage-a-la-carte\/avantages-de-lapprentissage-a-la-carte#breadcrumb\",\"itemListElement\":[{\"@type\":\"ListItem\",\"position\":1,\"name\":\"Home\",\"item\":\"https:\/\/nationaltrustcanada.ca\/fr\"},{\"@type\":\"ListItem\",\"position\":2,\"name\":\"Ce que nous offrons\",\"item\":\"https:\/\/nationaltrustcanada.ca\/fr\/ce-que-nous-offrons\"},{\"@type\":\"ListItem\",\"position\":3,\"name\":\"Apprentissage \u00e0 la carte\",\"item\":\"https:\/\/nationaltrustcanada.ca\/fr\/ce-que-nous-offrons\/apprentissage-a-la-carte\"},{\"@type\":\"ListItem\",\"position\":4,\"name\":\"Avantages de l\u2019Apprentissage \u00e0 la carte\"}]},{\"@type\":\"WebSite\",\"@id\":\"https:\/\/nationaltrustcanada.ca\/#website\",\"url\":\"https:\/\/nationaltrustcanada.ca\/\",\"name\":\"Fiducie nationale du Canada\",\"description\":\"Bringing Heritage to Life\",\"potentialAction\":[{\"@type\":\"SearchAction\",\"target\":{\"@type\":\"EntryPoint\",\"urlTemplate\":\"https:\/\/nationaltrustcanada.ca\/?s={search_term_string}\"},\"query-input\":{\"@type\":\"PropertyValueSpecification\",\"valueRequired\":true,\"valueName\":\"search_term_string\"}}],\"inLanguage\":\"fr-FR\"}]}<\/script>\n<!-- \/ Yoast SEO plugin. -->","yoast_head_json":{"title":"Avantages de l\u2019Apprentissage \u00e0 la carte - Fiducie nationale du Canada","robots":{"index":"index","follow":"follow","max-snippet":"max-snippet:-1","max-image-preview":"max-image-preview:large","max-video-preview":"max-video-preview:-1"},"canonical":"https:\/\/nationaltrustcanada.ca\/fr\/ce-que-nous-offrons\/apprentissage-a-la-carte\/avantages-de-lapprentissage-a-la-carte","og_locale":"fr_FR","og_type":"article","og_title":"Avantages de l\u2019Apprentissage \u00e0 la carte - Fiducie nationale du Canada","og_description":"Acc\u00e9dez \u00e0 des webinaires et \u00e0 des s\u00e9ances de conf\u00e9rence sur demande. Des webinaires sont ajout\u00e9s tous les mois. Tenez-vous...","og_url":"https:\/\/nationaltrustcanada.ca\/fr\/ce-que-nous-offrons\/apprentissage-a-la-carte\/avantages-de-lapprentissage-a-la-carte","og_site_name":"Fiducie nationale du Canada","article_modified_time":"2022-02-28T16:26:24+00:00","og_image":[{"width":2560,"height":1707,"url":"https:\/\/nationaltrustcanada.ca\/wp-content\/uploads\/2021\/11\/Day1NTOCConference_MikeSudoma_65-scaled.jpg","type":"image\/jpeg"}],"twitter_card":"summary_large_image","twitter_misc":{"Dur\u00e9e de lecture estim\u00e9e":"3 minutes"},"schema":{"@context":"https:\/\/schema.org","@graph":[{"@type":"WebPage","@id":"https:\/\/nationaltrustcanada.ca\/fr\/ce-que-nous-offrons\/apprentissage-a-la-carte\/avantages-de-lapprentissage-a-la-carte","url":"https:\/\/nationaltrustcanada.ca\/fr\/ce-que-nous-offrons\/apprentissage-a-la-carte\/avantages-de-lapprentissage-a-la-carte","name":"Avantages de l\u2019Apprentissage \u00e0 la carte - Fiducie nationale du Canada","isPartOf":{"@id":"https:\/\/nationaltrustcanada.ca\/#website"},"primaryImageOfPage":{"@id":"https:\/\/nationaltrustcanada.ca\/fr\/ce-que-nous-offrons\/apprentissage-a-la-carte\/avantages-de-lapprentissage-a-la-carte#primaryimage"},"image":{"@id":"https:\/\/nationaltrustcanada.ca\/fr\/ce-que-nous-offrons\/apprentissage-a-la-carte\/avantages-de-lapprentissage-a-la-carte#primaryimage"},"thumbnailUrl":"https:\/\/nationaltrustcanada.ca\/wp-content\/uploads\/2021\/11\/Day1NTOCConference_MikeSudoma_65-scaled.jpg","datePublished":"2022-02-28T16:21:50+00:00","dateModified":"2022-02-28T16:26:24+00:00","breadcrumb":{"@id":"https:\/\/nationaltrustcanada.ca\/fr\/ce-que-nous-offrons\/apprentissage-a-la-carte\/avantages-de-lapprentissage-a-la-carte#breadcrumb"},"inLanguage":"fr-FR","potentialAction":[{"@type":"ReadAction","target":["https:\/\/nationaltrustcanada.ca\/fr\/ce-que-nous-offrons\/apprentissage-a-la-carte\/avantages-de-lapprentissage-a-la-carte"]}]},{"@type":"ImageObject","inLanguage":"fr-FR","@id":"https:\/\/nationaltrustcanada.ca\/fr\/ce-que-nous-offrons\/apprentissage-a-la-carte\/avantages-de-lapprentissage-a-la-carte#primaryimage","url":"https:\/\/nationaltrustcanada.ca\/wp-content\/uploads\/2021\/11\/Day1NTOCConference_MikeSudoma_65-scaled.jpg","contentUrl":"https:\/\/nationaltrustcanada.ca\/wp-content\/uploads\/2021\/11\/Day1NTOCConference_MikeSudoma_65-scaled.jpg","width":2560,"height":1707},{"@type":"BreadcrumbList","@id":"https:\/\/nationaltrustcanada.ca\/fr\/ce-que-nous-offrons\/apprentissage-a-la-carte\/avantages-de-lapprentissage-a-la-carte#breadcrumb","itemListElement":[{"@type":"ListItem","position":1,"name":"Home","item":"https:\/\/nationaltrustcanada.ca\/fr"},{"@type":"ListItem","position":2,"name":"Ce que nous offrons","item":"https:\/\/nationaltrustcanada.ca\/fr\/ce-que-nous-offrons"},{"@type":"ListItem","position":3,"name":"Apprentissage \u00e0 la carte","item":"https:\/\/nationaltrustcanada.ca\/fr\/ce-que-nous-offrons\/apprentissage-a-la-carte"},{"@type":"ListItem","position":4,"name":"Avantages de l\u2019Apprentissage \u00e0 la carte"}]},{"@type":"WebSite","@id":"https:\/\/nationaltrustcanada.ca\/#website","url":"https:\/\/nationaltrustcanada.ca\/","name":"Fiducie nationale du Canada","description":"Bringing Heritage to Life","potentialAction":[{"@type":"SearchAction","target":{"@type":"EntryPoint","urlTemplate":"https:\/\/nationaltrustcanada.ca\/?s={search_term_string}"},"query-input":{"@type":"PropertyValueSpecification","valueRequired":true,"valueName":"search_term_string"}}],"inLanguage":"fr-FR"}]}},"_links":{"self":[{"href":"https:\/\/nationaltrustcanada.ca\/fr\/wp-json\/wp\/v2\/pages\/13349","targetHints":{"allow":["GET"]}}],"collection":[{"href":"https:\/\/nationaltrustcanada.ca\/fr\/wp-json\/wp\/v2\/pages"}],"about":[{"href":"https:\/\/nationaltrustcanada.ca\/fr\/wp-json\/wp\/v2\/types\/page"}],"author":[{"embeddable":true,"href":"https:\/\/nationaltrustcanada.ca\/fr\/wp-json\/wp\/v2\/users\/4"}],"replies":[{"embeddable":true,"href":"https:\/\/nationaltrustcanada.ca\/fr\/wp-json\/wp\/v2\/comments?post=13349"}],"version-history":[{"count":4,"href":"https:\/\/nationaltrustcanada.ca\/fr\/wp-json\/wp\/v2\/pages\/13349\/revisions"}],"predecessor-version":[{"id":13353,"href":"https:\/\/nationaltrustcanada.ca\/fr\/wp-json\/wp\/v2\/pages\/13349\/revisions\/13353"}],"up":[{"embeddable":true,"href":"https:\/\/nationaltrustcanada.ca\/fr\/wp-json\/wp\/v2\/pages\/13343"}],"wp:featuredmedia":[{"embeddable":true,"href":"https:\/\/nationaltrustcanada.ca\/fr\/wp-json\/wp\/v2\/media\/12380"}],"wp:attachment":[{"href":"https:\/\/nationaltrustcanada.ca\/fr\/wp-json\/wp\/v2\/media?parent=13349"}],"curies":[{"name":"wp","href":"https:\/\/api.w.org\/{rel}","templated":true}]}}