{"id":13343,"date":"2022-02-28T11:05:30","date_gmt":"2022-02-28T16:05:30","guid":{"rendered":"https:\/\/nationaltrustcanada.ca\/?page_id=13343"},"modified":"2022-03-14T09:07:36","modified_gmt":"2022-03-14T13:07:36","slug":"apprentissage-a-la-carte","status":"publish","type":"page","link":"https:\/\/nationaltrustcanada.ca\/fr\/ce-que-nous-offrons\/apprentissage-a-la-carte","title":{"rendered":"Apprentissage \u00e0 la carte"},"content":{"rendered":"<p>Profitez de notre offre de webinaires et s\u00e9ances de conf\u00e9rence sur demande, \u00e0 votre disposition en tant que membre de la Fiducie nationale!<\/p>\n<p>Enrichissez vos connaissances gr\u00e2ce \u00e0 des sp\u00e9cialistes de calibre mondial du patrimoine, du financement, du marketing et du num\u00e9rique, et \u00e0 des chefs de file communautaires qui assurent la vitalit\u00e9 des lieux dont ils ont la garde.<\/p>\n<p>Ces s\u00e9ances vous pr\u00e9sentent des strat\u00e9gies simples pour accro\u00eetre votre efficacit\u00e9 en financement et en marketing et pour agir face \u00e0 des enjeux d\u2019actualit\u00e9 pour le mouvement du patrimoine au Canada, y compris la revitalisation communautaire, le tourisme patrimonial, le d\u00e9veloppement durable et le changement climatique. De nouveaux webinaires sont ajout\u00e9s tous les mois.<\/p>\n<p><strong>Vous \u00eates d\u00e9j\u00e0 membre? Cliquez simplement sur une des activit\u00e9s ci-dessous pour d\u00e9marrer.<\/strong><\/p>\n<p><a href=\"https:\/\/nationaltrustcanada.ca\/fr\/ce-que-nous-offrons\/apprentissage-a-la-carte\/avantages-de-lapprentissage-a-la-carte\">Vous n\u2019\u00eates pas membre? D\u00e9couvrez les avantages de l\u2019Apprentissage \u00e0 la carte!<\/a><\/p>\n<p><em>Veuillez noter que les \u00e9v\u00e9nements ci-dessous sont pr\u00e9sentement disponibles en anglais seulement.<\/em><\/p>\n","protected":false},"excerpt":{"rendered":"<p>Profitez de notre offre de webinaires et s\u00e9ances de conf\u00e9rence sur demande, \u00e0 votre disposition en tant que membre de&#8230;<\/p>\n","protected":false},"author":4,"featured_media":12885,"parent":1307,"menu_order":0,"comment_status":"closed","ping_status":"closed","template":"template-parts\/template-webinars.php","meta":{"_acf_changed":false,"footnotes":""},"class_list":["post-13343","page","type-page","status-publish","has-post-thumbnail","hentry"],"acf":[],"yoast_head":"<!-- This site is optimized with the Yoast SEO plugin v26.3 - https:\/\/yoast.com\/wordpress\/plugins\/seo\/ -->\n<title>Apprentissage \u00e0 la carte - Fiducie nationale du Canada<\/title>\n<meta name=\"robots\" content=\"index, follow, max-snippet:-1, max-image-preview:large, max-video-preview:-1\" \/>\n<link rel=\"canonical\" href=\"https:\/\/nationaltrustcanada.ca\/fr\/ce-que-nous-offrons\/apprentissage-a-la-carte\" \/>\n<meta property=\"og:locale\" content=\"fr_FR\" \/>\n<meta property=\"og:type\" content=\"article\" \/>\n<meta property=\"og:title\" content=\"Apprentissage \u00e0 la carte - Fiducie nationale du Canada\" \/>\n<meta property=\"og:description\" content=\"Profitez de notre offre de webinaires et s\u00e9ances de conf\u00e9rence sur demande, \u00e0 votre disposition en tant que membre de...\" \/>\n<meta property=\"og:url\" content=\"https:\/\/nationaltrustcanada.ca\/fr\/ce-que-nous-offrons\/apprentissage-a-la-carte\" \/>\n<meta property=\"og:site_name\" content=\"Fiducie nationale du Canada\" \/>\n<meta property=\"article:modified_time\" content=\"2022-03-14T13:07:36+00:00\" \/>\n<meta property=\"og:image\" content=\"https:\/\/nationaltrustcanada.ca\/wp-content\/uploads\/2022\/01\/Day1NTOCConference_MikeSudoma_65-scaled.jpg\" \/>\n\t<meta property=\"og:image:width\" content=\"2560\" \/>\n\t<meta property=\"og:image:height\" content=\"1707\" \/>\n\t<meta property=\"og:image:type\" content=\"image\/jpeg\" \/>\n<meta name=\"twitter:card\" content=\"summary_large_image\" \/>\n<meta name=\"twitter:label1\" content=\"Dur\u00e9e de lecture estim\u00e9e\" \/>\n\t<meta name=\"twitter:data1\" content=\"1 minute\" \/>\n<script type=\"application\/ld+json\" class=\"yoast-schema-graph\">{\"@context\":\"https:\/\/schema.org\",\"@graph\":[{\"@type\":\"WebPage\",\"@id\":\"https:\/\/nationaltrustcanada.ca\/fr\/ce-que-nous-offrons\/apprentissage-a-la-carte\",\"url\":\"https:\/\/nationaltrustcanada.ca\/fr\/ce-que-nous-offrons\/apprentissage-a-la-carte\",\"name\":\"Apprentissage \u00e0 la carte - Fiducie nationale du Canada\",\"isPartOf\":{\"@id\":\"https:\/\/nationaltrustcanada.ca\/#website\"},\"primaryImageOfPage\":{\"@id\":\"https:\/\/nationaltrustcanada.ca\/fr\/ce-que-nous-offrons\/apprentissage-a-la-carte#primaryimage\"},\"image\":{\"@id\":\"https:\/\/nationaltrustcanada.ca\/fr\/ce-que-nous-offrons\/apprentissage-a-la-carte#primaryimage\"},\"thumbnailUrl\":\"https:\/\/nationaltrustcanada.ca\/wp-content\/uploads\/2022\/01\/Day1NTOCConference_MikeSudoma_65-scaled.jpg\",\"datePublished\":\"2022-02-28T16:05:30+00:00\",\"dateModified\":\"2022-03-14T13:07:36+00:00\",\"breadcrumb\":{\"@id\":\"https:\/\/nationaltrustcanada.ca\/fr\/ce-que-nous-offrons\/apprentissage-a-la-carte#breadcrumb\"},\"inLanguage\":\"fr-FR\",\"potentialAction\":[{\"@type\":\"ReadAction\",\"target\":[\"https:\/\/nationaltrustcanada.ca\/fr\/ce-que-nous-offrons\/apprentissage-a-la-carte\"]}]},{\"@type\":\"ImageObject\",\"inLanguage\":\"fr-FR\",\"@id\":\"https:\/\/nationaltrustcanada.ca\/fr\/ce-que-nous-offrons\/apprentissage-a-la-carte#primaryimage\",\"url\":\"https:\/\/nationaltrustcanada.ca\/wp-content\/uploads\/2022\/01\/Day1NTOCConference_MikeSudoma_65-scaled.jpg\",\"contentUrl\":\"https:\/\/nationaltrustcanada.ca\/wp-content\/uploads\/2022\/01\/Day1NTOCConference_MikeSudoma_65-scaled.jpg\",\"width\":2560,\"height\":1707},{\"@type\":\"BreadcrumbList\",\"@id\":\"https:\/\/nationaltrustcanada.ca\/fr\/ce-que-nous-offrons\/apprentissage-a-la-carte#breadcrumb\",\"itemListElement\":[{\"@type\":\"ListItem\",\"position\":1,\"name\":\"Home\",\"item\":\"https:\/\/nationaltrustcanada.ca\/fr\"},{\"@type\":\"ListItem\",\"position\":2,\"name\":\"Ce que nous offrons\",\"item\":\"https:\/\/nationaltrustcanada.ca\/fr\/ce-que-nous-offrons\"},{\"@type\":\"ListItem\",\"position\":3,\"name\":\"Apprentissage \u00e0 la carte\"}]},{\"@type\":\"WebSite\",\"@id\":\"https:\/\/nationaltrustcanada.ca\/#website\",\"url\":\"https:\/\/nationaltrustcanada.ca\/\",\"name\":\"Fiducie nationale du Canada\",\"description\":\"Bringing Heritage to Life\",\"potentialAction\":[{\"@type\":\"SearchAction\",\"target\":{\"@type\":\"EntryPoint\",\"urlTemplate\":\"https:\/\/nationaltrustcanada.ca\/?s={search_term_string}\"},\"query-input\":{\"@type\":\"PropertyValueSpecification\",\"valueRequired\":true,\"valueName\":\"search_term_string\"}}],\"inLanguage\":\"fr-FR\"}]}<\/script>\n<!-- \/ Yoast SEO plugin. -->","yoast_head_json":{"title":"Apprentissage \u00e0 la carte - Fiducie nationale du Canada","robots":{"index":"index","follow":"follow","max-snippet":"max-snippet:-1","max-image-preview":"max-image-preview:large","max-video-preview":"max-video-preview:-1"},"canonical":"https:\/\/nationaltrustcanada.ca\/fr\/ce-que-nous-offrons\/apprentissage-a-la-carte","og_locale":"fr_FR","og_type":"article","og_title":"Apprentissage \u00e0 la carte - Fiducie nationale du Canada","og_description":"Profitez de notre offre de webinaires et s\u00e9ances de conf\u00e9rence sur demande, \u00e0 votre disposition en tant que membre de...","og_url":"https:\/\/nationaltrustcanada.ca\/fr\/ce-que-nous-offrons\/apprentissage-a-la-carte","og_site_name":"Fiducie nationale du Canada","article_modified_time":"2022-03-14T13:07:36+00:00","og_image":[{"width":2560,"height":1707,"url":"https:\/\/nationaltrustcanada.ca\/wp-content\/uploads\/2022\/01\/Day1NTOCConference_MikeSudoma_65-scaled.jpg","type":"image\/jpeg"}],"twitter_card":"summary_large_image","twitter_misc":{"Dur\u00e9e de lecture estim\u00e9e":"1 minute"},"schema":{"@context":"https:\/\/schema.org","@graph":[{"@type":"WebPage","@id":"https:\/\/nationaltrustcanada.ca\/fr\/ce-que-nous-offrons\/apprentissage-a-la-carte","url":"https:\/\/nationaltrustcanada.ca\/fr\/ce-que-nous-offrons\/apprentissage-a-la-carte","name":"Apprentissage \u00e0 la carte - Fiducie nationale du Canada","isPartOf":{"@id":"https:\/\/nationaltrustcanada.ca\/#website"},"primaryImageOfPage":{"@id":"https:\/\/nationaltrustcanada.ca\/fr\/ce-que-nous-offrons\/apprentissage-a-la-carte#primaryimage"},"image":{"@id":"https:\/\/nationaltrustcanada.ca\/fr\/ce-que-nous-offrons\/apprentissage-a-la-carte#primaryimage"},"thumbnailUrl":"https:\/\/nationaltrustcanada.ca\/wp-content\/uploads\/2022\/01\/Day1NTOCConference_MikeSudoma_65-scaled.jpg","datePublished":"2022-02-28T16:05:30+00:00","dateModified":"2022-03-14T13:07:36+00:00","breadcrumb":{"@id":"https:\/\/nationaltrustcanada.ca\/fr\/ce-que-nous-offrons\/apprentissage-a-la-carte#breadcrumb"},"inLanguage":"fr-FR","potentialAction":[{"@type":"ReadAction","target":["https:\/\/nationaltrustcanada.ca\/fr\/ce-que-nous-offrons\/apprentissage-a-la-carte"]}]},{"@type":"ImageObject","inLanguage":"fr-FR","@id":"https:\/\/nationaltrustcanada.ca\/fr\/ce-que-nous-offrons\/apprentissage-a-la-carte#primaryimage","url":"https:\/\/nationaltrustcanada.ca\/wp-content\/uploads\/2022\/01\/Day1NTOCConference_MikeSudoma_65-scaled.jpg","contentUrl":"https:\/\/nationaltrustcanada.ca\/wp-content\/uploads\/2022\/01\/Day1NTOCConference_MikeSudoma_65-scaled.jpg","width":2560,"height":1707},{"@type":"BreadcrumbList","@id":"https:\/\/nationaltrustcanada.ca\/fr\/ce-que-nous-offrons\/apprentissage-a-la-carte#breadcrumb","itemListElement":[{"@type":"ListItem","position":1,"name":"Home","item":"https:\/\/nationaltrustcanada.ca\/fr"},{"@type":"ListItem","position":2,"name":"Ce que nous offrons","item":"https:\/\/nationaltrustcanada.ca\/fr\/ce-que-nous-offrons"},{"@type":"ListItem","position":3,"name":"Apprentissage \u00e0 la carte"}]},{"@type":"WebSite","@id":"https:\/\/nationaltrustcanada.ca\/#website","url":"https:\/\/nationaltrustcanada.ca\/","name":"Fiducie nationale du Canada","description":"Bringing Heritage to Life","potentialAction":[{"@type":"SearchAction","target":{"@type":"EntryPoint","urlTemplate":"https:\/\/nationaltrustcanada.ca\/?s={search_term_string}"},"query-input":{"@type":"PropertyValueSpecification","valueRequired":true,"valueName":"search_term_string"}}],"inLanguage":"fr-FR"}]}},"_links":{"self":[{"href":"https:\/\/nationaltrustcanada.ca\/fr\/wp-json\/wp\/v2\/pages\/13343","targetHints":{"allow":["GET"]}}],"collection":[{"href":"https:\/\/nationaltrustcanada.ca\/fr\/wp-json\/wp\/v2\/pages"}],"about":[{"href":"https:\/\/nationaltrustcanada.ca\/fr\/wp-json\/wp\/v2\/types\/page"}],"author":[{"embeddable":true,"href":"https:\/\/nationaltrustcanada.ca\/fr\/wp-json\/wp\/v2\/users\/4"}],"replies":[{"embeddable":true,"href":"https:\/\/nationaltrustcanada.ca\/fr\/wp-json\/wp\/v2\/comments?post=13343"}],"version-history":[{"count":7,"href":"https:\/\/nationaltrustcanada.ca\/fr\/wp-json\/wp\/v2\/pages\/13343\/revisions"}],"predecessor-version":[{"id":13503,"href":"https:\/\/nationaltrustcanada.ca\/fr\/wp-json\/wp\/v2\/pages\/13343\/revisions\/13503"}],"up":[{"embeddable":true,"href":"https:\/\/nationaltrustcanada.ca\/fr\/wp-json\/wp\/v2\/pages\/1307"}],"wp:featuredmedia":[{"embeddable":true,"href":"https:\/\/nationaltrustcanada.ca\/fr\/wp-json\/wp\/v2\/media\/12885"}],"wp:attachment":[{"href":"https:\/\/nationaltrustcanada.ca\/fr\/wp-json\/wp\/v2\/media?parent=13343"}],"curies":[{"name":"wp","href":"https:\/\/api.w.org\/{rel}","templated":true}]}}