{"id":1330,"date":"2016-09-06T18:36:12","date_gmt":"2016-09-06T18:36:12","guid":{"rendered":"http:\/\/nationaltrustcanada.ca?page_id=1330"},"modified":"2017-09-27T20:14:41","modified_gmt":"2017-09-27T20:14:41","slug":"ce-qui-nous-tient-a-coeur","status":"publish","type":"page","link":"https:\/\/nationaltrustcanada.ca\/fr\/qui-nous-sommes\/ce-qui-nous-tient-a-coeur","title":{"rendered":"Ce qui nous tient \u00e0 c\u0153ur"},"content":{"rendered":"<p>Nous croyons que le patrimoine est dynamique et bien vivant, essentiel \u00e0 un mode de vie durable, et le reflet de la diversit\u00e9 culturelle du Canada.<\/p>\n<p>Nous croyons que le r\u00e9cit collectif du Canada est racont\u00e9 par nos lieux sp\u00e9ciaux.<\/p>\n<p>Nous croyons que le fait de mettre en valeur le tissu historique et les r\u00e9cits des lieux du patrimoine cr\u00e9e un sentiment d\u2019appartenance et fa\u00e7onne notre identit\u00e9 nationale collective.<\/p>\n<p>Nous nous inspirons des principes de v\u00e9rit\u00e9 et de r\u00e9conciliation, du Programme de d\u00e9veloppement durable \u00e0 l\u2019horizon 2030 et des chartes internationales sur la conservation de la culture et du patrimoine.<\/p>\n","protected":false},"excerpt":{"rendered":"<p>Nous croyons que le patrimoine est dynamique et bien vivant, essentiel \u00e0 un mode de vie durable, et le reflet&#8230;<\/p>\n","protected":false},"author":4,"featured_media":1205,"parent":1303,"menu_order":0,"comment_status":"closed","ping_status":"closed","template":"template-parts\/template-toplevel.php","meta":{"_acf_changed":false,"footnotes":""},"class_list":["post-1330","page","type-page","status-publish","has-post-thumbnail","hentry"],"acf":[],"yoast_head":"<!-- This site is optimized with the Yoast SEO plugin v26.3 - https:\/\/yoast.com\/wordpress\/plugins\/seo\/ -->\n<title>Ce qui nous tient \u00e0 c\u0153ur - Fiducie nationale du Canada<\/title>\n<meta name=\"robots\" content=\"index, follow, max-snippet:-1, max-image-preview:large, max-video-preview:-1\" \/>\n<link rel=\"canonical\" href=\"https:\/\/nationaltrustcanada.ca\/fr\/qui-nous-sommes\/ce-qui-nous-tient-a-coeur\" \/>\n<meta property=\"og:locale\" content=\"fr_FR\" \/>\n<meta property=\"og:type\" content=\"article\" \/>\n<meta property=\"og:title\" content=\"Ce qui nous tient \u00e0 c\u0153ur - Fiducie nationale du Canada\" \/>\n<meta property=\"og:description\" content=\"Nous croyons que le patrimoine est dynamique et bien vivant, essentiel \u00e0 un mode de vie durable, et le reflet...\" \/>\n<meta property=\"og:url\" content=\"https:\/\/nationaltrustcanada.ca\/fr\/qui-nous-sommes\/ce-qui-nous-tient-a-coeur\" \/>\n<meta property=\"og:site_name\" content=\"Fiducie nationale du Canada\" \/>\n<meta property=\"article:modified_time\" content=\"2017-09-27T20:14:41+00:00\" \/>\n<meta property=\"og:image\" content=\"https:\/\/nationaltrustcanada.ca\/wp-content\/uploads\/2017\/04\/Care_1440-1.jpg\" \/>\n\t<meta property=\"og:image:width\" content=\"1440\" \/>\n\t<meta property=\"og:image:height\" content=\"960\" \/>\n\t<meta property=\"og:image:type\" content=\"image\/jpeg\" \/>\n<meta name=\"twitter:card\" content=\"summary_large_image\" \/>\n<meta name=\"twitter:label1\" content=\"Dur\u00e9e de lecture estim\u00e9e\" \/>\n\t<meta name=\"twitter:data1\" content=\"1 minute\" \/>\n<script type=\"application\/ld+json\" class=\"yoast-schema-graph\">{\"@context\":\"https:\/\/schema.org\",\"@graph\":[{\"@type\":\"WebPage\",\"@id\":\"https:\/\/nationaltrustcanada.ca\/fr\/qui-nous-sommes\/ce-qui-nous-tient-a-coeur\",\"url\":\"https:\/\/nationaltrustcanada.ca\/fr\/qui-nous-sommes\/ce-qui-nous-tient-a-coeur\",\"name\":\"Ce qui nous tient \u00e0 c\u0153ur - Fiducie nationale du Canada\",\"isPartOf\":{\"@id\":\"https:\/\/nationaltrustcanada.ca\/#website\"},\"primaryImageOfPage\":{\"@id\":\"https:\/\/nationaltrustcanada.ca\/fr\/qui-nous-sommes\/ce-qui-nous-tient-a-coeur#primaryimage\"},\"image\":{\"@id\":\"https:\/\/nationaltrustcanada.ca\/fr\/qui-nous-sommes\/ce-qui-nous-tient-a-coeur#primaryimage\"},\"thumbnailUrl\":\"https:\/\/nationaltrustcanada.ca\/wp-content\/uploads\/2017\/04\/Care_1440-1.jpg\",\"datePublished\":\"2016-09-06T18:36:12+00:00\",\"dateModified\":\"2017-09-27T20:14:41+00:00\",\"breadcrumb\":{\"@id\":\"https:\/\/nationaltrustcanada.ca\/fr\/qui-nous-sommes\/ce-qui-nous-tient-a-coeur#breadcrumb\"},\"inLanguage\":\"fr-FR\",\"potentialAction\":[{\"@type\":\"ReadAction\",\"target\":[\"https:\/\/nationaltrustcanada.ca\/fr\/qui-nous-sommes\/ce-qui-nous-tient-a-coeur\"]}]},{\"@type\":\"ImageObject\",\"inLanguage\":\"fr-FR\",\"@id\":\"https:\/\/nationaltrustcanada.ca\/fr\/qui-nous-sommes\/ce-qui-nous-tient-a-coeur#primaryimage\",\"url\":\"https:\/\/nationaltrustcanada.ca\/wp-content\/uploads\/2017\/04\/Care_1440-1.jpg\",\"contentUrl\":\"https:\/\/nationaltrustcanada.ca\/wp-content\/uploads\/2017\/04\/Care_1440-1.jpg\",\"width\":1440,\"height\":960},{\"@type\":\"BreadcrumbList\",\"@id\":\"https:\/\/nationaltrustcanada.ca\/fr\/qui-nous-sommes\/ce-qui-nous-tient-a-coeur#breadcrumb\",\"itemListElement\":[{\"@type\":\"ListItem\",\"position\":1,\"name\":\"Home\",\"item\":\"https:\/\/nationaltrustcanada.ca\/fr\"},{\"@type\":\"ListItem\",\"position\":2,\"name\":\"Qui nous sommes &#8211; old\",\"item\":\"https:\/\/nationaltrustcanada.ca\/fr\/qui-nous-sommes\"},{\"@type\":\"ListItem\",\"position\":3,\"name\":\"Ce qui nous tient \u00e0 c\u0153ur\"}]},{\"@type\":\"WebSite\",\"@id\":\"https:\/\/nationaltrustcanada.ca\/#website\",\"url\":\"https:\/\/nationaltrustcanada.ca\/\",\"name\":\"Fiducie nationale du Canada\",\"description\":\"Bringing Heritage to Life\",\"potentialAction\":[{\"@type\":\"SearchAction\",\"target\":{\"@type\":\"EntryPoint\",\"urlTemplate\":\"https:\/\/nationaltrustcanada.ca\/?s={search_term_string}\"},\"query-input\":{\"@type\":\"PropertyValueSpecification\",\"valueRequired\":true,\"valueName\":\"search_term_string\"}}],\"inLanguage\":\"fr-FR\"}]}<\/script>\n<!-- \/ Yoast SEO plugin. -->","yoast_head_json":{"title":"Ce qui nous tient \u00e0 c\u0153ur - Fiducie nationale du Canada","robots":{"index":"index","follow":"follow","max-snippet":"max-snippet:-1","max-image-preview":"max-image-preview:large","max-video-preview":"max-video-preview:-1"},"canonical":"https:\/\/nationaltrustcanada.ca\/fr\/qui-nous-sommes\/ce-qui-nous-tient-a-coeur","og_locale":"fr_FR","og_type":"article","og_title":"Ce qui nous tient \u00e0 c\u0153ur - Fiducie nationale du Canada","og_description":"Nous croyons que le patrimoine est dynamique et bien vivant, essentiel \u00e0 un mode de vie durable, et le reflet...","og_url":"https:\/\/nationaltrustcanada.ca\/fr\/qui-nous-sommes\/ce-qui-nous-tient-a-coeur","og_site_name":"Fiducie nationale du Canada","article_modified_time":"2017-09-27T20:14:41+00:00","og_image":[{"width":1440,"height":960,"url":"https:\/\/nationaltrustcanada.ca\/wp-content\/uploads\/2017\/04\/Care_1440-1.jpg","type":"image\/jpeg"}],"twitter_card":"summary_large_image","twitter_misc":{"Dur\u00e9e de lecture estim\u00e9e":"1 minute"},"schema":{"@context":"https:\/\/schema.org","@graph":[{"@type":"WebPage","@id":"https:\/\/nationaltrustcanada.ca\/fr\/qui-nous-sommes\/ce-qui-nous-tient-a-coeur","url":"https:\/\/nationaltrustcanada.ca\/fr\/qui-nous-sommes\/ce-qui-nous-tient-a-coeur","name":"Ce qui nous tient \u00e0 c\u0153ur - Fiducie nationale du Canada","isPartOf":{"@id":"https:\/\/nationaltrustcanada.ca\/#website"},"primaryImageOfPage":{"@id":"https:\/\/nationaltrustcanada.ca\/fr\/qui-nous-sommes\/ce-qui-nous-tient-a-coeur#primaryimage"},"image":{"@id":"https:\/\/nationaltrustcanada.ca\/fr\/qui-nous-sommes\/ce-qui-nous-tient-a-coeur#primaryimage"},"thumbnailUrl":"https:\/\/nationaltrustcanada.ca\/wp-content\/uploads\/2017\/04\/Care_1440-1.jpg","datePublished":"2016-09-06T18:36:12+00:00","dateModified":"2017-09-27T20:14:41+00:00","breadcrumb":{"@id":"https:\/\/nationaltrustcanada.ca\/fr\/qui-nous-sommes\/ce-qui-nous-tient-a-coeur#breadcrumb"},"inLanguage":"fr-FR","potentialAction":[{"@type":"ReadAction","target":["https:\/\/nationaltrustcanada.ca\/fr\/qui-nous-sommes\/ce-qui-nous-tient-a-coeur"]}]},{"@type":"ImageObject","inLanguage":"fr-FR","@id":"https:\/\/nationaltrustcanada.ca\/fr\/qui-nous-sommes\/ce-qui-nous-tient-a-coeur#primaryimage","url":"https:\/\/nationaltrustcanada.ca\/wp-content\/uploads\/2017\/04\/Care_1440-1.jpg","contentUrl":"https:\/\/nationaltrustcanada.ca\/wp-content\/uploads\/2017\/04\/Care_1440-1.jpg","width":1440,"height":960},{"@type":"BreadcrumbList","@id":"https:\/\/nationaltrustcanada.ca\/fr\/qui-nous-sommes\/ce-qui-nous-tient-a-coeur#breadcrumb","itemListElement":[{"@type":"ListItem","position":1,"name":"Home","item":"https:\/\/nationaltrustcanada.ca\/fr"},{"@type":"ListItem","position":2,"name":"Qui nous sommes &#8211; old","item":"https:\/\/nationaltrustcanada.ca\/fr\/qui-nous-sommes"},{"@type":"ListItem","position":3,"name":"Ce qui nous tient \u00e0 c\u0153ur"}]},{"@type":"WebSite","@id":"https:\/\/nationaltrustcanada.ca\/#website","url":"https:\/\/nationaltrustcanada.ca\/","name":"Fiducie nationale du Canada","description":"Bringing Heritage to Life","potentialAction":[{"@type":"SearchAction","target":{"@type":"EntryPoint","urlTemplate":"https:\/\/nationaltrustcanada.ca\/?s={search_term_string}"},"query-input":{"@type":"PropertyValueSpecification","valueRequired":true,"valueName":"search_term_string"}}],"inLanguage":"fr-FR"}]}},"_links":{"self":[{"href":"https:\/\/nationaltrustcanada.ca\/fr\/wp-json\/wp\/v2\/pages\/1330","targetHints":{"allow":["GET"]}}],"collection":[{"href":"https:\/\/nationaltrustcanada.ca\/fr\/wp-json\/wp\/v2\/pages"}],"about":[{"href":"https:\/\/nationaltrustcanada.ca\/fr\/wp-json\/wp\/v2\/types\/page"}],"author":[{"embeddable":true,"href":"https:\/\/nationaltrustcanada.ca\/fr\/wp-json\/wp\/v2\/users\/4"}],"replies":[{"embeddable":true,"href":"https:\/\/nationaltrustcanada.ca\/fr\/wp-json\/wp\/v2\/comments?post=1330"}],"version-history":[{"count":4,"href":"https:\/\/nationaltrustcanada.ca\/fr\/wp-json\/wp\/v2\/pages\/1330\/revisions"}],"predecessor-version":[{"id":2031,"href":"https:\/\/nationaltrustcanada.ca\/fr\/wp-json\/wp\/v2\/pages\/1330\/revisions\/2031"}],"up":[{"embeddable":true,"href":"https:\/\/nationaltrustcanada.ca\/fr\/wp-json\/wp\/v2\/pages\/1303"}],"wp:featuredmedia":[{"embeddable":true,"href":"https:\/\/nationaltrustcanada.ca\/fr\/wp-json\/wp\/v2\/media\/1205"}],"wp:attachment":[{"href":"https:\/\/nationaltrustcanada.ca\/fr\/wp-json\/wp\/v2\/media?parent=1330"}],"curies":[{"name":"wp","href":"https:\/\/api.w.org\/{rel}","templated":true}]}}