{"id":1324,"date":"2016-09-05T17:46:07","date_gmt":"2016-09-05T17:46:07","guid":{"rendered":"http:\/\/nationaltrustcanada.ca?page_id=1324"},"modified":"2025-10-24T07:57:33","modified_gmt":"2025-10-24T11:57:33","slug":"devenez-membre","status":"publish","type":"page","link":"https:\/\/nationaltrustcanada.ca\/fr\/ce-que-vous-pouvez-faire\/devenez-membre","title":{"rendered":"Devenez membre"},"content":{"rendered":"<p>Nous pouvons tous penser \u00e0 des lieux historiques que nous aimons. Lorsque vous devenez membre de la Fiducie nationale, en plus de recevoir des avantages appr\u00e9ciables, vous renforcez la voix nationale en faveur du patrimoine, et vous nous aidez \u00e0 d\u00e9montrer que les lieux historiques importent.<\/p>\n<p>En tant que membre, vous recevrez le magazine de la Fiducie nationale du Canada, Locale, et vous b\u00e9n\u00e9ficierez d&rsquo;un tarif de faveur \u00e0 la Conf\u00e9rence de la Fiducie nationale. Vous pourrez aussi planifier des visites futures, sachant que vous aurez l&rsquo;entr\u00e9e gratuite \u00e0 des destinations du patrimoine au Canada et \u00e0 l&rsquo;\u00e9tranger.<\/p>\n<p>Nouveau \u2013 D\u00e9couvrez l\u2019<a href=\"https:\/\/nationaltrustcanada.ca\/fr\/ce-que-vous-pouvez-faire\/devenez-membre\/avantages-offerts-aux-membres\/programme-dassurance-de-maison-patrimoniale\">assurance habitation patrimoniale de la Fiducie nationale<\/a>, un nouveau programme offert aux membres de la Fiducie nationale du Canada.<\/p>\n<p>Cotisation \u00e0 partir de seulement 42 $ + taxe<\/p>\n","protected":false},"excerpt":{"rendered":"<p>Nous pouvons tous penser \u00e0 des lieux historiques que nous aimons. Lorsque vous devenez membre de la Fiducie nationale, en&#8230;<\/p>\n","protected":false},"author":4,"featured_media":11318,"parent":1314,"menu_order":0,"comment_status":"closed","ping_status":"closed","template":"template-parts\/template-membership.php","meta":{"_acf_changed":false,"footnotes":""},"class_list":["post-1324","page","type-page","status-publish","has-post-thumbnail","hentry"],"acf":[],"yoast_head":"<!-- This site is optimized with the Yoast SEO plugin v26.3 - https:\/\/yoast.com\/wordpress\/plugins\/seo\/ -->\n<title>Devenez membre - Fiducie nationale du Canada - le patrimoine en vie<\/title>\n<meta name=\"description\" content=\"Comme membre, vous b\u00e9n\u00e9ficierez de l\u2019entr\u00e9e gratuite \u00e0 des destinations du patrimoine et de prix r\u00e9duits pour vivre des exp\u00e9riences formidables\" \/>\n<meta name=\"robots\" content=\"index, follow, max-snippet:-1, max-image-preview:large, max-video-preview:-1\" \/>\n<link rel=\"canonical\" href=\"https:\/\/nationaltrustcanada.ca\/fr\/ce-que-vous-pouvez-faire\/devenez-membre\" \/>\n<meta property=\"og:locale\" content=\"fr_FR\" \/>\n<meta property=\"og:type\" content=\"article\" \/>\n<meta property=\"og:title\" content=\"Devenez membre - Fiducie nationale du Canada - le patrimoine en vie\" \/>\n<meta property=\"og:description\" content=\"Comme membre, vous b\u00e9n\u00e9ficierez de l\u2019entr\u00e9e gratuite \u00e0 des destinations du patrimoine et de prix r\u00e9duits pour vivre des exp\u00e9riences formidables\" \/>\n<meta property=\"og:url\" content=\"https:\/\/nationaltrustcanada.ca\/fr\/ce-que-vous-pouvez-faire\/devenez-membre\" \/>\n<meta property=\"og:site_name\" content=\"Fiducie nationale du Canada\" \/>\n<meta property=\"article:modified_time\" content=\"2025-10-24T11:57:33+00:00\" \/>\n<meta property=\"og:image\" content=\"https:\/\/nationaltrustcanada.ca\/wp-content\/uploads\/2021\/05\/CapeBonavistaresize.jpg\" \/>\n\t<meta property=\"og:image:width\" content=\"1212\" \/>\n\t<meta property=\"og:image:height\" content=\"807\" \/>\n\t<meta property=\"og:image:type\" content=\"image\/jpeg\" \/>\n<meta name=\"twitter:card\" content=\"summary_large_image\" \/>\n<meta name=\"twitter:label1\" content=\"Dur\u00e9e de lecture estim\u00e9e\" \/>\n\t<meta name=\"twitter:data1\" content=\"1 minute\" \/>\n<script type=\"application\/ld+json\" class=\"yoast-schema-graph\">{\"@context\":\"https:\/\/schema.org\",\"@graph\":[{\"@type\":\"WebPage\",\"@id\":\"https:\/\/nationaltrustcanada.ca\/fr\/ce-que-vous-pouvez-faire\/devenez-membre\",\"url\":\"https:\/\/nationaltrustcanada.ca\/fr\/ce-que-vous-pouvez-faire\/devenez-membre\",\"name\":\"Devenez membre - Fiducie nationale du Canada - le patrimoine en vie\",\"isPartOf\":{\"@id\":\"https:\/\/nationaltrustcanada.ca\/#website\"},\"primaryImageOfPage\":{\"@id\":\"https:\/\/nationaltrustcanada.ca\/fr\/ce-que-vous-pouvez-faire\/devenez-membre#primaryimage\"},\"image\":{\"@id\":\"https:\/\/nationaltrustcanada.ca\/fr\/ce-que-vous-pouvez-faire\/devenez-membre#primaryimage\"},\"thumbnailUrl\":\"https:\/\/nationaltrustcanada.ca\/wp-content\/uploads\/2021\/05\/CapeBonavistaresize.jpg\",\"datePublished\":\"2016-09-05T17:46:07+00:00\",\"dateModified\":\"2025-10-24T11:57:33+00:00\",\"description\":\"Comme membre, vous b\u00e9n\u00e9ficierez de l\u2019entr\u00e9e gratuite \u00e0 des destinations du patrimoine et de prix r\u00e9duits pour vivre des exp\u00e9riences formidables\",\"breadcrumb\":{\"@id\":\"https:\/\/nationaltrustcanada.ca\/fr\/ce-que-vous-pouvez-faire\/devenez-membre#breadcrumb\"},\"inLanguage\":\"fr-FR\",\"potentialAction\":[{\"@type\":\"ReadAction\",\"target\":[\"https:\/\/nationaltrustcanada.ca\/fr\/ce-que-vous-pouvez-faire\/devenez-membre\"]}]},{\"@type\":\"ImageObject\",\"inLanguage\":\"fr-FR\",\"@id\":\"https:\/\/nationaltrustcanada.ca\/fr\/ce-que-vous-pouvez-faire\/devenez-membre#primaryimage\",\"url\":\"https:\/\/nationaltrustcanada.ca\/wp-content\/uploads\/2021\/05\/CapeBonavistaresize.jpg\",\"contentUrl\":\"https:\/\/nationaltrustcanada.ca\/wp-content\/uploads\/2021\/05\/CapeBonavistaresize.jpg\",\"width\":1212,\"height\":807},{\"@type\":\"BreadcrumbList\",\"@id\":\"https:\/\/nationaltrustcanada.ca\/fr\/ce-que-vous-pouvez-faire\/devenez-membre#breadcrumb\",\"itemListElement\":[{\"@type\":\"ListItem\",\"position\":1,\"name\":\"Home\",\"item\":\"https:\/\/nationaltrustcanada.ca\/fr\"},{\"@type\":\"ListItem\",\"position\":2,\"name\":\"Ce que vous pouvez faire\",\"item\":\"https:\/\/nationaltrustcanada.ca\/fr\/ce-que-vous-pouvez-faire\"},{\"@type\":\"ListItem\",\"position\":3,\"name\":\"Devenez membre\"}]},{\"@type\":\"WebSite\",\"@id\":\"https:\/\/nationaltrustcanada.ca\/#website\",\"url\":\"https:\/\/nationaltrustcanada.ca\/\",\"name\":\"Fiducie nationale du Canada\",\"description\":\"Bringing Heritage to Life\",\"potentialAction\":[{\"@type\":\"SearchAction\",\"target\":{\"@type\":\"EntryPoint\",\"urlTemplate\":\"https:\/\/nationaltrustcanada.ca\/?s={search_term_string}\"},\"query-input\":{\"@type\":\"PropertyValueSpecification\",\"valueRequired\":true,\"valueName\":\"search_term_string\"}}],\"inLanguage\":\"fr-FR\"}]}<\/script>\n<!-- \/ Yoast SEO plugin. -->","yoast_head_json":{"title":"Devenez membre - Fiducie nationale du Canada - le patrimoine en vie","description":"Comme membre, vous b\u00e9n\u00e9ficierez de l\u2019entr\u00e9e gratuite \u00e0 des destinations du patrimoine et de prix r\u00e9duits pour vivre des exp\u00e9riences formidables","robots":{"index":"index","follow":"follow","max-snippet":"max-snippet:-1","max-image-preview":"max-image-preview:large","max-video-preview":"max-video-preview:-1"},"canonical":"https:\/\/nationaltrustcanada.ca\/fr\/ce-que-vous-pouvez-faire\/devenez-membre","og_locale":"fr_FR","og_type":"article","og_title":"Devenez membre - Fiducie nationale du Canada - le patrimoine en vie","og_description":"Comme membre, vous b\u00e9n\u00e9ficierez de l\u2019entr\u00e9e gratuite \u00e0 des destinations du patrimoine et de prix r\u00e9duits pour vivre des exp\u00e9riences formidables","og_url":"https:\/\/nationaltrustcanada.ca\/fr\/ce-que-vous-pouvez-faire\/devenez-membre","og_site_name":"Fiducie nationale du Canada","article_modified_time":"2025-10-24T11:57:33+00:00","og_image":[{"width":1212,"height":807,"url":"https:\/\/nationaltrustcanada.ca\/wp-content\/uploads\/2021\/05\/CapeBonavistaresize.jpg","type":"image\/jpeg"}],"twitter_card":"summary_large_image","twitter_misc":{"Dur\u00e9e de lecture estim\u00e9e":"1 minute"},"schema":{"@context":"https:\/\/schema.org","@graph":[{"@type":"WebPage","@id":"https:\/\/nationaltrustcanada.ca\/fr\/ce-que-vous-pouvez-faire\/devenez-membre","url":"https:\/\/nationaltrustcanada.ca\/fr\/ce-que-vous-pouvez-faire\/devenez-membre","name":"Devenez membre - Fiducie nationale du Canada - le patrimoine en vie","isPartOf":{"@id":"https:\/\/nationaltrustcanada.ca\/#website"},"primaryImageOfPage":{"@id":"https:\/\/nationaltrustcanada.ca\/fr\/ce-que-vous-pouvez-faire\/devenez-membre#primaryimage"},"image":{"@id":"https:\/\/nationaltrustcanada.ca\/fr\/ce-que-vous-pouvez-faire\/devenez-membre#primaryimage"},"thumbnailUrl":"https:\/\/nationaltrustcanada.ca\/wp-content\/uploads\/2021\/05\/CapeBonavistaresize.jpg","datePublished":"2016-09-05T17:46:07+00:00","dateModified":"2025-10-24T11:57:33+00:00","description":"Comme membre, vous b\u00e9n\u00e9ficierez de l\u2019entr\u00e9e gratuite \u00e0 des destinations du patrimoine et de prix r\u00e9duits pour vivre des exp\u00e9riences formidables","breadcrumb":{"@id":"https:\/\/nationaltrustcanada.ca\/fr\/ce-que-vous-pouvez-faire\/devenez-membre#breadcrumb"},"inLanguage":"fr-FR","potentialAction":[{"@type":"ReadAction","target":["https:\/\/nationaltrustcanada.ca\/fr\/ce-que-vous-pouvez-faire\/devenez-membre"]}]},{"@type":"ImageObject","inLanguage":"fr-FR","@id":"https:\/\/nationaltrustcanada.ca\/fr\/ce-que-vous-pouvez-faire\/devenez-membre#primaryimage","url":"https:\/\/nationaltrustcanada.ca\/wp-content\/uploads\/2021\/05\/CapeBonavistaresize.jpg","contentUrl":"https:\/\/nationaltrustcanada.ca\/wp-content\/uploads\/2021\/05\/CapeBonavistaresize.jpg","width":1212,"height":807},{"@type":"BreadcrumbList","@id":"https:\/\/nationaltrustcanada.ca\/fr\/ce-que-vous-pouvez-faire\/devenez-membre#breadcrumb","itemListElement":[{"@type":"ListItem","position":1,"name":"Home","item":"https:\/\/nationaltrustcanada.ca\/fr"},{"@type":"ListItem","position":2,"name":"Ce que vous pouvez faire","item":"https:\/\/nationaltrustcanada.ca\/fr\/ce-que-vous-pouvez-faire"},{"@type":"ListItem","position":3,"name":"Devenez membre"}]},{"@type":"WebSite","@id":"https:\/\/nationaltrustcanada.ca\/#website","url":"https:\/\/nationaltrustcanada.ca\/","name":"Fiducie nationale du Canada","description":"Bringing Heritage to Life","potentialAction":[{"@type":"SearchAction","target":{"@type":"EntryPoint","urlTemplate":"https:\/\/nationaltrustcanada.ca\/?s={search_term_string}"},"query-input":{"@type":"PropertyValueSpecification","valueRequired":true,"valueName":"search_term_string"}}],"inLanguage":"fr-FR"}]}},"_links":{"self":[{"href":"https:\/\/nationaltrustcanada.ca\/fr\/wp-json\/wp\/v2\/pages\/1324","targetHints":{"allow":["GET"]}}],"collection":[{"href":"https:\/\/nationaltrustcanada.ca\/fr\/wp-json\/wp\/v2\/pages"}],"about":[{"href":"https:\/\/nationaltrustcanada.ca\/fr\/wp-json\/wp\/v2\/types\/page"}],"author":[{"embeddable":true,"href":"https:\/\/nationaltrustcanada.ca\/fr\/wp-json\/wp\/v2\/users\/4"}],"replies":[{"embeddable":true,"href":"https:\/\/nationaltrustcanada.ca\/fr\/wp-json\/wp\/v2\/comments?post=1324"}],"version-history":[{"count":64,"href":"https:\/\/nationaltrustcanada.ca\/fr\/wp-json\/wp\/v2\/pages\/1324\/revisions"}],"predecessor-version":[{"id":22215,"href":"https:\/\/nationaltrustcanada.ca\/fr\/wp-json\/wp\/v2\/pages\/1324\/revisions\/22215"}],"up":[{"embeddable":true,"href":"https:\/\/nationaltrustcanada.ca\/fr\/wp-json\/wp\/v2\/pages\/1314"}],"wp:featuredmedia":[{"embeddable":true,"href":"https:\/\/nationaltrustcanada.ca\/fr\/wp-json\/wp\/v2\/media\/11318"}],"wp:attachment":[{"href":"https:\/\/nationaltrustcanada.ca\/fr\/wp-json\/wp\/v2\/media?parent=1324"}],"curies":[{"name":"wp","href":"https:\/\/api.w.org\/{rel}","templated":true}]}}