{"id":1321,"date":"2017-09-05T17:32:15","date_gmt":"2017-09-05T17:32:15","guid":{"rendered":"http:\/\/nationaltrustcanada.ca?page_id=1321"},"modified":"2024-01-30T10:46:41","modified_gmt":"2024-01-30T15:46:41","slug":"faites-un-don","status":"publish","type":"page","link":"https:\/\/nationaltrustcanada.ca\/fr\/ce-que-vous-pouvez-faire\/faites-un-don","title":{"rendered":"Faites un don"},"content":{"rendered":"<p><strong>Les lieux historiques du Canada racontent nos r\u00e9cits \u2013<\/strong> qu\u2019il s\u2019agisse d\u2019un \u00e9l\u00e9vateur \u00e0 grains se dressant fi\u00e8rement sur le paysage depuis des g\u00e9n\u00e9rations, d\u2019un phare qui continue de desservir sa collectivit\u00e9 ou d\u2019une rang\u00e9e d\u2019immeubles commerciaux traditionnels sur une rue principale.<\/p>\n<p><strong><span style=\"color: #007298;\">Vous pouvez nous aider \u00e0 habiliter des personnes et des communaut\u00e9s, d\u2019un bout \u00e0 l\u2019autre du pays, \u00e0 sauver et renouveler des lieux qui leur importent.<\/span><\/strong> Vous pouvez nous aider \u00e0 faire vivre les r\u00e9cits!<\/p>\n<p>Au cours des derni\u00e8res ann\u00e9es, de nombreux lieux historiques ont d\u00fb fermer les portes et annuler des activit\u00e9s, et ils ont perdu des recettes. Maintenant ils ont besoin d\u2019acc\u00e8s \u00e0 de la formation et \u00e0 un soutien pour trouver de nouvelles sources de revenu et pour int\u00e9resser et attirer de nouveaux publics. Votre g\u00e9n\u00e9rosit\u00e9 nous permet de continuer de travailler avec les r\u00e9cipiendaires de subventions d\u2019accompagnement D\u00e9clic et avec les participants aux webinaires R\u00e9g\u00e9n\u00e9raction \u2013 \u00e0 distance \u2013 pour les aider \u00e0 relever les d\u00e9fis in\u00e9dits qui se pr\u00e9sentent \u00e0 eux.<\/p>\n<p>Versez d\u00e8s aujourd\u2019hui un don d\u00e9ductible aux fins de l\u2019imp\u00f4t et changez la donne pour les lieux qui importent.<\/p>\n","protected":false},"excerpt":{"rendered":"<p>Les lieux historiques du Canada racontent nos r\u00e9cits \u2013 qu\u2019il s\u2019agisse d\u2019un \u00e9l\u00e9vateur \u00e0 grains se dressant fi\u00e8rement sur le&#8230;<\/p>\n","protected":false},"author":4,"featured_media":18282,"parent":1314,"menu_order":0,"comment_status":"closed","ping_status":"closed","template":"template-parts\/template-membership.php","meta":{"_acf_changed":false,"footnotes":""},"class_list":["post-1321","page","type-page","status-publish","has-post-thumbnail","hentry"],"acf":[],"yoast_head":"<!-- This site is optimized with the Yoast SEO plugin v26.3 - https:\/\/yoast.com\/wordpress\/plugins\/seo\/ -->\n<title>Faites un don - Fiducie nationale du Canada - sauver des lieux historiques<\/title>\n<meta name=\"description\" content=\"Les lieux historiques sont les pierres angulaires de la m\u00e9moire et de l\u2019identit\u00e9 qui fa\u00e7onnent nos communaut\u00e9s. Aidez \u00e0 les sauver.\" \/>\n<meta name=\"robots\" content=\"index, follow, max-snippet:-1, max-image-preview:large, max-video-preview:-1\" \/>\n<link rel=\"canonical\" href=\"https:\/\/nationaltrustcanada.ca\/fr\/ce-que-vous-pouvez-faire\/faites-un-don\" \/>\n<meta property=\"og:locale\" content=\"fr_FR\" \/>\n<meta property=\"og:type\" content=\"article\" \/>\n<meta property=\"og:title\" content=\"Faites un don - Fiducie nationale du Canada - sauver des lieux historiques\" \/>\n<meta property=\"og:description\" content=\"Les lieux historiques sont les pierres angulaires de la m\u00e9moire et de l\u2019identit\u00e9 qui fa\u00e7onnent nos communaut\u00e9s. Aidez \u00e0 les sauver.\" \/>\n<meta property=\"og:url\" content=\"https:\/\/nationaltrustcanada.ca\/fr\/ce-que-vous-pouvez-faire\/faites-un-don\" \/>\n<meta property=\"og:site_name\" content=\"Fiducie nationale du Canada\" \/>\n<meta property=\"article:modified_time\" content=\"2024-01-30T15:46:41+00:00\" \/>\n<meta property=\"og:image\" content=\"https:\/\/nationaltrustcanada.ca\/wp-content\/uploads\/2023\/11\/Untitled-design-2.png\" \/>\n\t<meta property=\"og:image:width\" content=\"1200\" \/>\n\t<meta property=\"og:image:height\" content=\"600\" \/>\n\t<meta property=\"og:image:type\" content=\"image\/png\" \/>\n<meta name=\"twitter:card\" content=\"summary_large_image\" \/>\n<meta name=\"twitter:label1\" content=\"Dur\u00e9e de lecture estim\u00e9e\" \/>\n\t<meta name=\"twitter:data1\" content=\"2 minutes\" \/>\n<script type=\"application\/ld+json\" class=\"yoast-schema-graph\">{\"@context\":\"https:\/\/schema.org\",\"@graph\":[{\"@type\":\"WebPage\",\"@id\":\"https:\/\/nationaltrustcanada.ca\/fr\/ce-que-vous-pouvez-faire\/faites-un-don\",\"url\":\"https:\/\/nationaltrustcanada.ca\/fr\/ce-que-vous-pouvez-faire\/faites-un-don\",\"name\":\"Faites un don - Fiducie nationale du Canada - sauver des lieux historiques\",\"isPartOf\":{\"@id\":\"https:\/\/nationaltrustcanada.ca\/#website\"},\"primaryImageOfPage\":{\"@id\":\"https:\/\/nationaltrustcanada.ca\/fr\/ce-que-vous-pouvez-faire\/faites-un-don#primaryimage\"},\"image\":{\"@id\":\"https:\/\/nationaltrustcanada.ca\/fr\/ce-que-vous-pouvez-faire\/faites-un-don#primaryimage\"},\"thumbnailUrl\":\"https:\/\/nationaltrustcanada.ca\/wp-content\/uploads\/2023\/11\/Untitled-design-2.png\",\"datePublished\":\"2017-09-05T17:32:15+00:00\",\"dateModified\":\"2024-01-30T15:46:41+00:00\",\"description\":\"Les lieux historiques sont les pierres angulaires de la m\u00e9moire et de l\u2019identit\u00e9 qui fa\u00e7onnent nos communaut\u00e9s. Aidez \u00e0 les sauver.\",\"breadcrumb\":{\"@id\":\"https:\/\/nationaltrustcanada.ca\/fr\/ce-que-vous-pouvez-faire\/faites-un-don#breadcrumb\"},\"inLanguage\":\"fr-FR\",\"potentialAction\":[{\"@type\":\"ReadAction\",\"target\":[\"https:\/\/nationaltrustcanada.ca\/fr\/ce-que-vous-pouvez-faire\/faites-un-don\"]}]},{\"@type\":\"ImageObject\",\"inLanguage\":\"fr-FR\",\"@id\":\"https:\/\/nationaltrustcanada.ca\/fr\/ce-que-vous-pouvez-faire\/faites-un-don#primaryimage\",\"url\":\"https:\/\/nationaltrustcanada.ca\/wp-content\/uploads\/2023\/11\/Untitled-design-2.png\",\"contentUrl\":\"https:\/\/nationaltrustcanada.ca\/wp-content\/uploads\/2023\/11\/Untitled-design-2.png\",\"width\":1200,\"height\":600},{\"@type\":\"BreadcrumbList\",\"@id\":\"https:\/\/nationaltrustcanada.ca\/fr\/ce-que-vous-pouvez-faire\/faites-un-don#breadcrumb\",\"itemListElement\":[{\"@type\":\"ListItem\",\"position\":1,\"name\":\"Home\",\"item\":\"https:\/\/nationaltrustcanada.ca\/fr\"},{\"@type\":\"ListItem\",\"position\":2,\"name\":\"Ce que vous pouvez faire\",\"item\":\"https:\/\/nationaltrustcanada.ca\/fr\/ce-que-vous-pouvez-faire\"},{\"@type\":\"ListItem\",\"position\":3,\"name\":\"Faites un don\"}]},{\"@type\":\"WebSite\",\"@id\":\"https:\/\/nationaltrustcanada.ca\/#website\",\"url\":\"https:\/\/nationaltrustcanada.ca\/\",\"name\":\"Fiducie nationale du Canada\",\"description\":\"Bringing Heritage to Life\",\"potentialAction\":[{\"@type\":\"SearchAction\",\"target\":{\"@type\":\"EntryPoint\",\"urlTemplate\":\"https:\/\/nationaltrustcanada.ca\/?s={search_term_string}\"},\"query-input\":{\"@type\":\"PropertyValueSpecification\",\"valueRequired\":true,\"valueName\":\"search_term_string\"}}],\"inLanguage\":\"fr-FR\"}]}<\/script>\n<!-- \/ Yoast SEO plugin. -->","yoast_head_json":{"title":"Faites un don - Fiducie nationale du Canada - sauver des lieux historiques","description":"Les lieux historiques sont les pierres angulaires de la m\u00e9moire et de l\u2019identit\u00e9 qui fa\u00e7onnent nos communaut\u00e9s. Aidez \u00e0 les sauver.","robots":{"index":"index","follow":"follow","max-snippet":"max-snippet:-1","max-image-preview":"max-image-preview:large","max-video-preview":"max-video-preview:-1"},"canonical":"https:\/\/nationaltrustcanada.ca\/fr\/ce-que-vous-pouvez-faire\/faites-un-don","og_locale":"fr_FR","og_type":"article","og_title":"Faites un don - Fiducie nationale du Canada - sauver des lieux historiques","og_description":"Les lieux historiques sont les pierres angulaires de la m\u00e9moire et de l\u2019identit\u00e9 qui fa\u00e7onnent nos communaut\u00e9s. Aidez \u00e0 les sauver.","og_url":"https:\/\/nationaltrustcanada.ca\/fr\/ce-que-vous-pouvez-faire\/faites-un-don","og_site_name":"Fiducie nationale du Canada","article_modified_time":"2024-01-30T15:46:41+00:00","og_image":[{"width":1200,"height":600,"url":"https:\/\/nationaltrustcanada.ca\/wp-content\/uploads\/2023\/11\/Untitled-design-2.png","type":"image\/png"}],"twitter_card":"summary_large_image","twitter_misc":{"Dur\u00e9e de lecture estim\u00e9e":"2 minutes"},"schema":{"@context":"https:\/\/schema.org","@graph":[{"@type":"WebPage","@id":"https:\/\/nationaltrustcanada.ca\/fr\/ce-que-vous-pouvez-faire\/faites-un-don","url":"https:\/\/nationaltrustcanada.ca\/fr\/ce-que-vous-pouvez-faire\/faites-un-don","name":"Faites un don - Fiducie nationale du Canada - sauver des lieux historiques","isPartOf":{"@id":"https:\/\/nationaltrustcanada.ca\/#website"},"primaryImageOfPage":{"@id":"https:\/\/nationaltrustcanada.ca\/fr\/ce-que-vous-pouvez-faire\/faites-un-don#primaryimage"},"image":{"@id":"https:\/\/nationaltrustcanada.ca\/fr\/ce-que-vous-pouvez-faire\/faites-un-don#primaryimage"},"thumbnailUrl":"https:\/\/nationaltrustcanada.ca\/wp-content\/uploads\/2023\/11\/Untitled-design-2.png","datePublished":"2017-09-05T17:32:15+00:00","dateModified":"2024-01-30T15:46:41+00:00","description":"Les lieux historiques sont les pierres angulaires de la m\u00e9moire et de l\u2019identit\u00e9 qui fa\u00e7onnent nos communaut\u00e9s. Aidez \u00e0 les sauver.","breadcrumb":{"@id":"https:\/\/nationaltrustcanada.ca\/fr\/ce-que-vous-pouvez-faire\/faites-un-don#breadcrumb"},"inLanguage":"fr-FR","potentialAction":[{"@type":"ReadAction","target":["https:\/\/nationaltrustcanada.ca\/fr\/ce-que-vous-pouvez-faire\/faites-un-don"]}]},{"@type":"ImageObject","inLanguage":"fr-FR","@id":"https:\/\/nationaltrustcanada.ca\/fr\/ce-que-vous-pouvez-faire\/faites-un-don#primaryimage","url":"https:\/\/nationaltrustcanada.ca\/wp-content\/uploads\/2023\/11\/Untitled-design-2.png","contentUrl":"https:\/\/nationaltrustcanada.ca\/wp-content\/uploads\/2023\/11\/Untitled-design-2.png","width":1200,"height":600},{"@type":"BreadcrumbList","@id":"https:\/\/nationaltrustcanada.ca\/fr\/ce-que-vous-pouvez-faire\/faites-un-don#breadcrumb","itemListElement":[{"@type":"ListItem","position":1,"name":"Home","item":"https:\/\/nationaltrustcanada.ca\/fr"},{"@type":"ListItem","position":2,"name":"Ce que vous pouvez faire","item":"https:\/\/nationaltrustcanada.ca\/fr\/ce-que-vous-pouvez-faire"},{"@type":"ListItem","position":3,"name":"Faites un don"}]},{"@type":"WebSite","@id":"https:\/\/nationaltrustcanada.ca\/#website","url":"https:\/\/nationaltrustcanada.ca\/","name":"Fiducie nationale du Canada","description":"Bringing Heritage to Life","potentialAction":[{"@type":"SearchAction","target":{"@type":"EntryPoint","urlTemplate":"https:\/\/nationaltrustcanada.ca\/?s={search_term_string}"},"query-input":{"@type":"PropertyValueSpecification","valueRequired":true,"valueName":"search_term_string"}}],"inLanguage":"fr-FR"}]}},"_links":{"self":[{"href":"https:\/\/nationaltrustcanada.ca\/fr\/wp-json\/wp\/v2\/pages\/1321","targetHints":{"allow":["GET"]}}],"collection":[{"href":"https:\/\/nationaltrustcanada.ca\/fr\/wp-json\/wp\/v2\/pages"}],"about":[{"href":"https:\/\/nationaltrustcanada.ca\/fr\/wp-json\/wp\/v2\/types\/page"}],"author":[{"embeddable":true,"href":"https:\/\/nationaltrustcanada.ca\/fr\/wp-json\/wp\/v2\/users\/4"}],"replies":[{"embeddable":true,"href":"https:\/\/nationaltrustcanada.ca\/fr\/wp-json\/wp\/v2\/comments?post=1321"}],"version-history":[{"count":64,"href":"https:\/\/nationaltrustcanada.ca\/fr\/wp-json\/wp\/v2\/pages\/1321\/revisions"}],"predecessor-version":[{"id":18700,"href":"https:\/\/nationaltrustcanada.ca\/fr\/wp-json\/wp\/v2\/pages\/1321\/revisions\/18700"}],"up":[{"embeddable":true,"href":"https:\/\/nationaltrustcanada.ca\/fr\/wp-json\/wp\/v2\/pages\/1314"}],"wp:featuredmedia":[{"embeddable":true,"href":"https:\/\/nationaltrustcanada.ca\/fr\/wp-json\/wp\/v2\/media\/18282"}],"wp:attachment":[{"href":"https:\/\/nationaltrustcanada.ca\/fr\/wp-json\/wp\/v2\/media?parent=1321"}],"curies":[{"name":"wp","href":"https:\/\/api.w.org\/{rel}","templated":true}]}}