{"id":1311,"date":"2017-09-05T17:01:45","date_gmt":"2017-09-05T17:01:45","guid":{"rendered":"http:\/\/nationaltrustcanada.ca?page_id=1311"},"modified":"2021-11-08T11:18:54","modified_gmt":"2021-11-08T16:18:54","slug":"des-lieux-a-visiter","status":"publish","type":"page","link":"https:\/\/nationaltrustcanada.ca\/fr\/des-lieux-a-visiter","title":{"rendered":"Des lieux \u00e0 visiter"},"content":{"rendered":"<p>La Fiducie nationale vous ouvre la voie \u00e0 un \u00e9ventail d\u2019endroits sp\u00e9ciaux qui \u00e9merveillent, enchantent et informent.<\/p>\n<p>Les lieux historiques sont merveilleux, qu\u2019ils soient grandioses et imposants ou qu\u2019ils soient petits et inusit\u00e9s. Visitez des lieux en personne ou en virtuel, et d\u00e9couvrez tous les r\u00e9cits que rec\u00e8lent les formidables lieux historiques ici au Canada et \u00e0 l\u2019\u00e9tranger.<\/p>\n","protected":false},"excerpt":{"rendered":"<p>La Fiducie nationale vous ouvre la voie \u00e0 un \u00e9ventail d\u2019endroits sp\u00e9ciaux qui \u00e9merveillent, enchantent et informent. Les lieux historiques&#8230;<\/p>\n","protected":false},"author":4,"featured_media":75,"parent":0,"menu_order":0,"comment_status":"closed","ping_status":"closed","template":"template-parts\/template-toplevel.php","meta":{"_acf_changed":false,"footnotes":""},"class_list":["post-1311","page","type-page","status-publish","has-post-thumbnail","hentry"],"acf":[],"yoast_head":"<!-- This site is optimized with the Yoast SEO plugin v26.3 - https:\/\/yoast.com\/wordpress\/plugins\/seo\/ -->\n<title>Des lieux \u00e0 visiter - Fiducie nationale du Canada<\/title>\n<meta name=\"robots\" content=\"index, follow, max-snippet:-1, max-image-preview:large, max-video-preview:-1\" \/>\n<link rel=\"canonical\" href=\"https:\/\/nationaltrustcanada.ca\/fr\/des-lieux-a-visiter\" \/>\n<meta property=\"og:locale\" content=\"fr_FR\" \/>\n<meta property=\"og:type\" content=\"article\" \/>\n<meta property=\"og:title\" content=\"Des lieux \u00e0 visiter - Fiducie nationale du Canada\" \/>\n<meta property=\"og:description\" content=\"La Fiducie nationale vous ouvre la voie \u00e0 un \u00e9ventail d\u2019endroits sp\u00e9ciaux qui \u00e9merveillent, enchantent et informent. Les lieux historiques...\" \/>\n<meta property=\"og:url\" content=\"https:\/\/nationaltrustcanada.ca\/fr\/des-lieux-a-visiter\" \/>\n<meta property=\"og:site_name\" content=\"Fiducie nationale du Canada\" \/>\n<meta property=\"article:modified_time\" content=\"2021-11-08T16:18:54+00:00\" \/>\n<meta property=\"og:image\" content=\"https:\/\/nationaltrustcanada.ca\/wp-content\/uploads\/2017\/03\/banner-home-visit-and-discover@2x.jpg\" \/>\n\t<meta property=\"og:image:width\" content=\"2880\" \/>\n\t<meta property=\"og:image:height\" content=\"1040\" \/>\n\t<meta property=\"og:image:type\" content=\"image\/jpeg\" \/>\n<meta name=\"twitter:card\" content=\"summary_large_image\" \/>\n<meta name=\"twitter:label1\" content=\"Dur\u00e9e de lecture estim\u00e9e\" \/>\n\t<meta name=\"twitter:data1\" content=\"1 minute\" \/>\n<script type=\"application\/ld+json\" class=\"yoast-schema-graph\">{\"@context\":\"https:\/\/schema.org\",\"@graph\":[{\"@type\":\"WebPage\",\"@id\":\"https:\/\/nationaltrustcanada.ca\/fr\/des-lieux-a-visiter\",\"url\":\"https:\/\/nationaltrustcanada.ca\/fr\/des-lieux-a-visiter\",\"name\":\"Des lieux \u00e0 visiter - Fiducie nationale du Canada\",\"isPartOf\":{\"@id\":\"https:\/\/nationaltrustcanada.ca\/#website\"},\"primaryImageOfPage\":{\"@id\":\"https:\/\/nationaltrustcanada.ca\/fr\/des-lieux-a-visiter#primaryimage\"},\"image\":{\"@id\":\"https:\/\/nationaltrustcanada.ca\/fr\/des-lieux-a-visiter#primaryimage\"},\"thumbnailUrl\":\"https:\/\/nationaltrustcanada.ca\/wp-content\/uploads\/2017\/03\/banner-home-visit-and-discover@2x.jpg\",\"datePublished\":\"2017-09-05T17:01:45+00:00\",\"dateModified\":\"2021-11-08T16:18:54+00:00\",\"breadcrumb\":{\"@id\":\"https:\/\/nationaltrustcanada.ca\/fr\/des-lieux-a-visiter#breadcrumb\"},\"inLanguage\":\"fr-FR\",\"potentialAction\":[{\"@type\":\"ReadAction\",\"target\":[\"https:\/\/nationaltrustcanada.ca\/fr\/des-lieux-a-visiter\"]}]},{\"@type\":\"ImageObject\",\"inLanguage\":\"fr-FR\",\"@id\":\"https:\/\/nationaltrustcanada.ca\/fr\/des-lieux-a-visiter#primaryimage\",\"url\":\"https:\/\/nationaltrustcanada.ca\/wp-content\/uploads\/2017\/03\/banner-home-visit-and-discover@2x.jpg\",\"contentUrl\":\"https:\/\/nationaltrustcanada.ca\/wp-content\/uploads\/2017\/03\/banner-home-visit-and-discover@2x.jpg\",\"width\":2880,\"height\":1040},{\"@type\":\"BreadcrumbList\",\"@id\":\"https:\/\/nationaltrustcanada.ca\/fr\/des-lieux-a-visiter#breadcrumb\",\"itemListElement\":[{\"@type\":\"ListItem\",\"position\":1,\"name\":\"Home\",\"item\":\"https:\/\/nationaltrustcanada.ca\/fr\"},{\"@type\":\"ListItem\",\"position\":2,\"name\":\"Des lieux \u00e0 visiter\"}]},{\"@type\":\"WebSite\",\"@id\":\"https:\/\/nationaltrustcanada.ca\/#website\",\"url\":\"https:\/\/nationaltrustcanada.ca\/\",\"name\":\"Fiducie nationale du Canada\",\"description\":\"Bringing Heritage to Life\",\"potentialAction\":[{\"@type\":\"SearchAction\",\"target\":{\"@type\":\"EntryPoint\",\"urlTemplate\":\"https:\/\/nationaltrustcanada.ca\/?s={search_term_string}\"},\"query-input\":{\"@type\":\"PropertyValueSpecification\",\"valueRequired\":true,\"valueName\":\"search_term_string\"}}],\"inLanguage\":\"fr-FR\"}]}<\/script>\n<!-- \/ Yoast SEO plugin. -->","yoast_head_json":{"title":"Des lieux \u00e0 visiter - Fiducie nationale du Canada","robots":{"index":"index","follow":"follow","max-snippet":"max-snippet:-1","max-image-preview":"max-image-preview:large","max-video-preview":"max-video-preview:-1"},"canonical":"https:\/\/nationaltrustcanada.ca\/fr\/des-lieux-a-visiter","og_locale":"fr_FR","og_type":"article","og_title":"Des lieux \u00e0 visiter - Fiducie nationale du Canada","og_description":"La Fiducie nationale vous ouvre la voie \u00e0 un \u00e9ventail d\u2019endroits sp\u00e9ciaux qui \u00e9merveillent, enchantent et informent. Les lieux historiques...","og_url":"https:\/\/nationaltrustcanada.ca\/fr\/des-lieux-a-visiter","og_site_name":"Fiducie nationale du Canada","article_modified_time":"2021-11-08T16:18:54+00:00","og_image":[{"width":2880,"height":1040,"url":"https:\/\/nationaltrustcanada.ca\/wp-content\/uploads\/2017\/03\/banner-home-visit-and-discover@2x.jpg","type":"image\/jpeg"}],"twitter_card":"summary_large_image","twitter_misc":{"Dur\u00e9e de lecture estim\u00e9e":"1 minute"},"schema":{"@context":"https:\/\/schema.org","@graph":[{"@type":"WebPage","@id":"https:\/\/nationaltrustcanada.ca\/fr\/des-lieux-a-visiter","url":"https:\/\/nationaltrustcanada.ca\/fr\/des-lieux-a-visiter","name":"Des lieux \u00e0 visiter - Fiducie nationale du Canada","isPartOf":{"@id":"https:\/\/nationaltrustcanada.ca\/#website"},"primaryImageOfPage":{"@id":"https:\/\/nationaltrustcanada.ca\/fr\/des-lieux-a-visiter#primaryimage"},"image":{"@id":"https:\/\/nationaltrustcanada.ca\/fr\/des-lieux-a-visiter#primaryimage"},"thumbnailUrl":"https:\/\/nationaltrustcanada.ca\/wp-content\/uploads\/2017\/03\/banner-home-visit-and-discover@2x.jpg","datePublished":"2017-09-05T17:01:45+00:00","dateModified":"2021-11-08T16:18:54+00:00","breadcrumb":{"@id":"https:\/\/nationaltrustcanada.ca\/fr\/des-lieux-a-visiter#breadcrumb"},"inLanguage":"fr-FR","potentialAction":[{"@type":"ReadAction","target":["https:\/\/nationaltrustcanada.ca\/fr\/des-lieux-a-visiter"]}]},{"@type":"ImageObject","inLanguage":"fr-FR","@id":"https:\/\/nationaltrustcanada.ca\/fr\/des-lieux-a-visiter#primaryimage","url":"https:\/\/nationaltrustcanada.ca\/wp-content\/uploads\/2017\/03\/banner-home-visit-and-discover@2x.jpg","contentUrl":"https:\/\/nationaltrustcanada.ca\/wp-content\/uploads\/2017\/03\/banner-home-visit-and-discover@2x.jpg","width":2880,"height":1040},{"@type":"BreadcrumbList","@id":"https:\/\/nationaltrustcanada.ca\/fr\/des-lieux-a-visiter#breadcrumb","itemListElement":[{"@type":"ListItem","position":1,"name":"Home","item":"https:\/\/nationaltrustcanada.ca\/fr"},{"@type":"ListItem","position":2,"name":"Des lieux \u00e0 visiter"}]},{"@type":"WebSite","@id":"https:\/\/nationaltrustcanada.ca\/#website","url":"https:\/\/nationaltrustcanada.ca\/","name":"Fiducie nationale du Canada","description":"Bringing Heritage to Life","potentialAction":[{"@type":"SearchAction","target":{"@type":"EntryPoint","urlTemplate":"https:\/\/nationaltrustcanada.ca\/?s={search_term_string}"},"query-input":{"@type":"PropertyValueSpecification","valueRequired":true,"valueName":"search_term_string"}}],"inLanguage":"fr-FR"}]}},"_links":{"self":[{"href":"https:\/\/nationaltrustcanada.ca\/fr\/wp-json\/wp\/v2\/pages\/1311","targetHints":{"allow":["GET"]}}],"collection":[{"href":"https:\/\/nationaltrustcanada.ca\/fr\/wp-json\/wp\/v2\/pages"}],"about":[{"href":"https:\/\/nationaltrustcanada.ca\/fr\/wp-json\/wp\/v2\/types\/page"}],"author":[{"embeddable":true,"href":"https:\/\/nationaltrustcanada.ca\/fr\/wp-json\/wp\/v2\/users\/4"}],"replies":[{"embeddable":true,"href":"https:\/\/nationaltrustcanada.ca\/fr\/wp-json\/wp\/v2\/comments?post=1311"}],"version-history":[{"count":5,"href":"https:\/\/nationaltrustcanada.ca\/fr\/wp-json\/wp\/v2\/pages\/1311\/revisions"}],"predecessor-version":[{"id":12358,"href":"https:\/\/nationaltrustcanada.ca\/fr\/wp-json\/wp\/v2\/pages\/1311\/revisions\/12358"}],"wp:featuredmedia":[{"embeddable":true,"href":"https:\/\/nationaltrustcanada.ca\/fr\/wp-json\/wp\/v2\/media\/75"}],"wp:attachment":[{"href":"https:\/\/nationaltrustcanada.ca\/fr\/wp-json\/wp\/v2\/media?parent=1311"}],"curies":[{"name":"wp","href":"https:\/\/api.w.org\/{rel}","templated":true}]}}