{"id":13060,"date":"2022-01-20T15:20:40","date_gmt":"2022-01-20T20:20:40","guid":{"rendered":"https:\/\/nationaltrustcanada.ca\/?page_id=13060"},"modified":"2022-02-16T16:49:02","modified_gmt":"2022-02-16T21:49:02","slug":"assurance-et-biens-patrimoniaux","status":"publish","type":"page","link":"https:\/\/nationaltrustcanada.ca\/fr\/ce-que-vous-pouvez-faire\/advocacy-action\/assurance-et-biens-patrimoniaux","title":{"rendered":"Assurance et biens patrimoniaux"},"content":{"rendered":"<p>Depuis des ann\u00e9es, la Fiducie nationale re\u00e7oit des signalements de cas o\u00f9 des polices d\u2019assurance d\u2019immeubles du patrimoine sont annul\u00e9es sans plus de 24 heures de pr\u00e9avis, ou ne sont pas renouvel\u00e9es ou sont refus\u00e9es sans justification claire. Des immeubles sont ainsi laiss\u00e9s sans protection des risques, et leurs propri\u00e9taires doivent assumer une responsabilit\u00e9 financi\u00e8re disproportionn\u00e9e. Pourquoi est-ce que cela arrive, et que peut-on y faire?<\/p>\n<p>Le fait est que le secteur canadien des assurances est pratiquement en situation de crise, et les propri\u00e9t\u00e9s patrimoniales y jouent un r\u00f4le modeste mais crucial. Comme au milieu des ann\u00e9es 2000 quand il subissait des pressions semblables, le secteur se trouve dans un march\u00e9 difficile : il doit payer des sommes \u00e9normes \u00e0 la suite d\u2019\u00e9v\u00e9nements m\u00e9t\u00e9orologiques extr\u00eames, et il fait tout pour r\u00e9duire les autres risques. En cons\u00e9quence, l\u2019assurance de toute propri\u00e9t\u00e9 qui pr\u00e9sente des facteurs et des risques inconnus \u2013 qu\u2019ils soient r\u00e9els, per\u00e7us ou mal compris \u2013 est remise en cause ou refus\u00e9e. Il semble que les immeubles anciens, surtout les immeubles patrimoniaux d\u00e9sign\u00e9s, soient particuli\u00e8rement vis\u00e9s.<\/p>\n<hr \/>\n<h3><span style=\"color: #ff0000;\">Occasion de sensibilisation nationale! \u2013 NOUVEAU sondage aupr\u00e8s des propri\u00e9taires sur les assurances des b\u00e2timents patrimoniaux<\/span><\/h3>\n<p><strong>La Fiducie nationale du Canada et ses organisations partenaires \u00e0 travers le pays cherchent des solutions aux probl\u00e8mes d\u2019assurance auxquels sont actuellement confront\u00e9s de nombreux propri\u00e9taires de b\u00e2timents patrimoniaux. Dans certaines r\u00e9gions du Canada, les polices d\u2019assurance sont annul\u00e9es avec un pr\u00e9avis de 24 heures, ne sont pas renouvel\u00e9es ou sont rejet\u00e9es sans raison pr\u00e9cise.<\/strong><\/p>\n<p><strong>Veuillez remplir notre sondage si vous \u00eates propri\u00e9taire d\u2019un b\u00e2timent ou d\u2019une propri\u00e9t\u00e9, quels que soient son \u00e2ge, son type, son utilisation ou sa d\u00e9signation patrimoniale. Cela ne prendra que cinq minutes. \u00a0Toutes les r\u00e9ponses seront anonymes. <span style=\"color: #ff0000;\">Date limite du sondage: vendredi le 4 mars<\/span><\/strong><strong><span style=\"color: #ff0000;\">\u00a0<\/span><\/strong><a href=\"https:\/\/www.surveymonkey.com\/r\/XHLXWK2\" target=\"_blank\" rel=\"noopener\">https:\/\/www.surveymonkey.com\/r\/XHLXWK2<\/a><\/p>\n<p><strong><span style=\"color: #ff0000;\">Pourquoi le remplir?<\/span> Votre participation \u00e0 ce sondage contribuera \u00e0 une meilleure compr\u00e9hension des enjeux et fournira des donn\u00e9es quantitatives sur l\u2019\u00e9tendue du probl\u00e8me, et permettra d\u2019attirer l\u2019attention du secteur des assurances et des organismes de r\u00e9glementation gouvernementaux.\u00a0<\/strong><\/p>\n<p><strong>Notre objectif consiste \u00e0 travailler avec toutes les parties prenantes (le secteur de l\u2019assurance, les propri\u00e9taires, les gouvernements \u00e0 tous les niveaux et le secteur du patrimoine) afin d\u2019acqu\u00e9rir les informations et de d\u00e9velopper les ressources de formation n\u00e9cessaires pour lutter contre les id\u00e9es re\u00e7ues et les pr\u00e9jug\u00e9s sur les b\u00e2timents patrimoniaux, et de plaider pour une gestion \u00e9quitable et transparente. Veuillez transmettre ce sondage \u00e0 vos amis, aux membres de votre famille et aux organisations du quartier! Veuillez communiquer avec nous si vous avez des suggestions de distribution, pour toute question ou pr\u00e9occupation : <a href=\"mailto:info@nationaltrustcanada.ca\" target=\"_blank\" rel=\"noopener\">info@nationaltrustcanada.ca<\/a><\/strong><\/p>\n<hr \/>\n<p><strong>CONTEXTE<\/strong><\/p>\n<p><strong>Examens du probl\u00e8me (r\u00e9cents et pass\u00e9s)<\/strong><\/p>\n<ul>\n<li>Rencontres organis\u00e9es par la Fiducie nationale (vid\u00e9o)\n<ul>\n<li><a href=\"https:\/\/www.youtube.com\/watch?v=H6WBsTCwo8g\" target=\"_blank\" rel=\"noopener\">Insurance Issues at Historic Sites<\/a> (probl\u00e8mes d\u2019assurance pour les lieux historiques) (3\u00a0d\u00e9cembre\u00a02021)<\/li>\n<li><a href=\"https:\/\/www.youtube.com\/watch?v=TaI8sruQ4hQ\" target=\"_blank\" rel=\"noopener\">The COVID-19 Crisis and Insurance Issues at Historic Sites<\/a> (la crise de la COVID-19 et les probl\u00e8mes d\u2019assurance pour les lieux historiques) (27\u00a0mai\u00a02020)<\/li>\n<\/ul>\n<\/li>\n<li><a href=\"https:\/\/www.magazinecontinuite.com\/assurer-notre-patrimoine-un-enjeu-collectif\/\">\u00ab\u00a0Assurer notre patrimoine, un enjeu collectif\u00bb<\/a>, Ren\u00e9e Genest et Fr\u00e9d\u00e9rique Lavoie (<em>Continuit<\/em><em>\u00e9<\/em>, \u00e9t\u00e9 2021 \u2022 num\u00e9ro 169)<\/li>\n<li><a href=\"https:\/\/www.maisons-anciennes.qc.ca\/bibliotheque?id=24&amp;redirect_page_id=1479\">Amis et propri\u00e9taires de maison anciennes du Qu\u00e9bec<\/a> (APMAQ) \u2013 Articles sur la question de l\u2019assurance<\/li>\n<li>\u00ab\u00a0<a href=\"https:\/\/archive.fiducienationalecanada.ca\/sites\/www.heritagecanada.org\/files\/Getting%20Insurance%20for%20your%20Heritage%20Property_FR.pdf\" target=\"_blank\" rel=\"noopener\">Assurer un immeuble patrimonial<\/a>\u00a0\u00bb (Fiducie nationale \u2013 <em>H\u0113ritage<\/em>, hiver 2005)<\/li>\n<li>\u00ab\u00a0<a href=\"https:\/\/archive.fiducienationalecanada.ca\/sites\/www.heritagecanada.org\/files\/What%27s%20Your%20Policy_FR.pdf\" target=\"_blank\" rel=\"noopener\">Une question de polices\u00a0: Probl\u00e8mes d\u2019assurances pour les propri\u00e9taires de maisons anciennes<\/a>\u00a0\u00bb (<em>H\u0113ritage<\/em>, printemps 2004)<\/li>\n<\/ul>\n<p><strong>Guides et conseils<\/strong><\/p>\n<p>Le secteur de l\u2019assurance et diverses instances ont des ressources en ligne pour renseigner les propri\u00e9taires sur l\u2019obtention d\u2019assurance pour des immeubles historiques. Cependant, l\u2019environnement \u00e9volue constamment, et les conseils (quoique judicieux) ne tiennent pas n\u00e9cessairement compte du contexte actuel.<\/p>\n<ul>\n<li><a href=\"http:\/\/www.ibc.ca\/fr\/bc\/maison\/maisons-historiques\" target=\"_blank\" rel=\"noopener\">Propri\u00e9t\u00e9s patrimoniales<\/a> (Bureau d\u2019assurance du Canada)<\/li>\n<li><a href=\"https:\/\/archive.nationaltrustcanada.ca\/sites\/heritagecanada.org\/files\/Insuring%20your%20Heritage%20Home_FR.pdf\" target=\"_blank\" rel=\"noopener\">Assurer votre maison patrimoniale<\/a> (Bureau d\u2019assurance du Canada)<\/li>\n<li><a href=\"https:\/\/heritagebc.ca\/wp-content\/uploads\/2017\/11\/Ecclesiastical-Insuring-Heritage-Buildings.pdf\" target=\"_blank\" rel=\"noopener\">Insuring Heritage Buildings<\/a> (assurer des immeubles patrimoniaux) (Ecclesiastical)<\/li>\n<li><a href=\"https:\/\/heritagebc.ca\/wp-content\/uploads\/2017\/11\/EIO_RC_RCB_MaintainingYourHeritageProperty_2015-10-20.pdf\" target=\"_blank\" rel=\"noopener\">Maintaining Your Heritage Property<\/a> (entretenir votre propri\u00e9t\u00e9 patrimoniale) (Ecclesiastical)<\/li>\n<li><a href=\"http:\/\/www.mtc.gov.on.ca\/fr\/publications\/Heritage_Insurance.pdf\" target=\"_blank\" rel=\"noopener\">Assurance et biens patrimoniaux<\/a> (minist\u00e8re des Industries du patrimoine, du sport, du tourisme et de la culture de l\u2019Ontario, 2012)<\/li>\n<li><a href=\"http:\/\/archive.nationaltrustcanada.ca\/sites\/www.heritagecanada.org\/files\/Insuring%20Old%20Homes%20in%20NS.pdf\" target=\"_blank\" rel=\"noopener\">Insuring Old Homes in Nova Scotia<\/a> (assurer des maisons anciennes en Nouvelle-\u00c9cosse) (minist\u00e8re du Tourisme, de la Culture et du Patrimoine de la Nouvelle-\u00c9cosse)<\/li>\n<\/ul>\n<p>&nbsp;<\/p>\n<p>&nbsp;<\/p>\n","protected":false},"excerpt":{"rendered":"<p>Depuis des ann\u00e9es, la Fiducie nationale re\u00e7oit des signalements de cas o\u00f9 des polices d\u2019assurance d\u2019immeubles du patrimoine sont annul\u00e9es&#8230;<\/p>\n","protected":false},"author":1,"featured_media":0,"parent":1437,"menu_order":0,"comment_status":"closed","ping_status":"closed","template":"","meta":{"_acf_changed":false,"footnotes":""},"class_list":["post-13060","page","type-page","status-publish","hentry"],"acf":[],"yoast_head":"<!-- This site is optimized with the Yoast SEO plugin v26.3 - https:\/\/yoast.com\/wordpress\/plugins\/seo\/ -->\n<title>Assurance et biens patrimoniaux - Fiducie nationale du Canada<\/title>\n<meta name=\"robots\" content=\"index, follow, max-snippet:-1, max-image-preview:large, max-video-preview:-1\" \/>\n<link rel=\"canonical\" href=\"https:\/\/nationaltrustcanada.ca\/fr\/ce-que-vous-pouvez-faire\/advocacy-action\/assurance-et-biens-patrimoniaux\" \/>\n<meta property=\"og:locale\" content=\"fr_FR\" \/>\n<meta property=\"og:type\" content=\"article\" \/>\n<meta property=\"og:title\" content=\"Assurance et biens patrimoniaux - Fiducie nationale du Canada\" \/>\n<meta property=\"og:description\" content=\"Depuis des ann\u00e9es, la Fiducie nationale re\u00e7oit des signalements de cas o\u00f9 des polices d\u2019assurance d\u2019immeubles du patrimoine sont annul\u00e9es...\" \/>\n<meta property=\"og:url\" content=\"https:\/\/nationaltrustcanada.ca\/fr\/ce-que-vous-pouvez-faire\/advocacy-action\/assurance-et-biens-patrimoniaux\" \/>\n<meta property=\"og:site_name\" content=\"Fiducie nationale du Canada\" \/>\n<meta property=\"article:modified_time\" content=\"2022-02-16T21:49:02+00:00\" \/>\n<meta name=\"twitter:card\" content=\"summary_large_image\" \/>\n<meta name=\"twitter:label1\" content=\"Dur\u00e9e de lecture estim\u00e9e\" \/>\n\t<meta name=\"twitter:data1\" content=\"3 minutes\" \/>\n<script type=\"application\/ld+json\" class=\"yoast-schema-graph\">{\"@context\":\"https:\/\/schema.org\",\"@graph\":[{\"@type\":\"WebPage\",\"@id\":\"https:\/\/nationaltrustcanada.ca\/fr\/ce-que-vous-pouvez-faire\/advocacy-action\/assurance-et-biens-patrimoniaux\",\"url\":\"https:\/\/nationaltrustcanada.ca\/fr\/ce-que-vous-pouvez-faire\/advocacy-action\/assurance-et-biens-patrimoniaux\",\"name\":\"Assurance et biens patrimoniaux - Fiducie nationale du Canada\",\"isPartOf\":{\"@id\":\"https:\/\/nationaltrustcanada.ca\/#website\"},\"datePublished\":\"2022-01-20T20:20:40+00:00\",\"dateModified\":\"2022-02-16T21:49:02+00:00\",\"breadcrumb\":{\"@id\":\"https:\/\/nationaltrustcanada.ca\/fr\/ce-que-vous-pouvez-faire\/advocacy-action\/assurance-et-biens-patrimoniaux#breadcrumb\"},\"inLanguage\":\"fr-FR\",\"potentialAction\":[{\"@type\":\"ReadAction\",\"target\":[\"https:\/\/nationaltrustcanada.ca\/fr\/ce-que-vous-pouvez-faire\/advocacy-action\/assurance-et-biens-patrimoniaux\"]}]},{\"@type\":\"BreadcrumbList\",\"@id\":\"https:\/\/nationaltrustcanada.ca\/fr\/ce-que-vous-pouvez-faire\/advocacy-action\/assurance-et-biens-patrimoniaux#breadcrumb\",\"itemListElement\":[{\"@type\":\"ListItem\",\"position\":1,\"name\":\"Home\",\"item\":\"https:\/\/nationaltrustcanada.ca\/fr\"},{\"@type\":\"ListItem\",\"position\":2,\"name\":\"Ce que vous pouvez faire\",\"item\":\"https:\/\/nationaltrustcanada.ca\/fr\/ce-que-vous-pouvez-faire\"},{\"@type\":\"ListItem\",\"position\":3,\"name\":\"Action citoyenne\",\"item\":\"https:\/\/nationaltrustcanada.ca\/fr\/ce-que-vous-pouvez-faire\/advocacy-action\"},{\"@type\":\"ListItem\",\"position\":4,\"name\":\"Assurance et biens patrimoniaux\"}]},{\"@type\":\"WebSite\",\"@id\":\"https:\/\/nationaltrustcanada.ca\/#website\",\"url\":\"https:\/\/nationaltrustcanada.ca\/\",\"name\":\"Fiducie nationale du Canada\",\"description\":\"Bringing Heritage to Life\",\"potentialAction\":[{\"@type\":\"SearchAction\",\"target\":{\"@type\":\"EntryPoint\",\"urlTemplate\":\"https:\/\/nationaltrustcanada.ca\/?s={search_term_string}\"},\"query-input\":{\"@type\":\"PropertyValueSpecification\",\"valueRequired\":true,\"valueName\":\"search_term_string\"}}],\"inLanguage\":\"fr-FR\"}]}<\/script>\n<!-- \/ Yoast SEO plugin. -->","yoast_head_json":{"title":"Assurance et biens patrimoniaux - Fiducie nationale du Canada","robots":{"index":"index","follow":"follow","max-snippet":"max-snippet:-1","max-image-preview":"max-image-preview:large","max-video-preview":"max-video-preview:-1"},"canonical":"https:\/\/nationaltrustcanada.ca\/fr\/ce-que-vous-pouvez-faire\/advocacy-action\/assurance-et-biens-patrimoniaux","og_locale":"fr_FR","og_type":"article","og_title":"Assurance et biens patrimoniaux - Fiducie nationale du Canada","og_description":"Depuis des ann\u00e9es, la Fiducie nationale re\u00e7oit des signalements de cas o\u00f9 des polices d\u2019assurance d\u2019immeubles du patrimoine sont annul\u00e9es...","og_url":"https:\/\/nationaltrustcanada.ca\/fr\/ce-que-vous-pouvez-faire\/advocacy-action\/assurance-et-biens-patrimoniaux","og_site_name":"Fiducie nationale du Canada","article_modified_time":"2022-02-16T21:49:02+00:00","twitter_card":"summary_large_image","twitter_misc":{"Dur\u00e9e de lecture estim\u00e9e":"3 minutes"},"schema":{"@context":"https:\/\/schema.org","@graph":[{"@type":"WebPage","@id":"https:\/\/nationaltrustcanada.ca\/fr\/ce-que-vous-pouvez-faire\/advocacy-action\/assurance-et-biens-patrimoniaux","url":"https:\/\/nationaltrustcanada.ca\/fr\/ce-que-vous-pouvez-faire\/advocacy-action\/assurance-et-biens-patrimoniaux","name":"Assurance et biens patrimoniaux - Fiducie nationale du Canada","isPartOf":{"@id":"https:\/\/nationaltrustcanada.ca\/#website"},"datePublished":"2022-01-20T20:20:40+00:00","dateModified":"2022-02-16T21:49:02+00:00","breadcrumb":{"@id":"https:\/\/nationaltrustcanada.ca\/fr\/ce-que-vous-pouvez-faire\/advocacy-action\/assurance-et-biens-patrimoniaux#breadcrumb"},"inLanguage":"fr-FR","potentialAction":[{"@type":"ReadAction","target":["https:\/\/nationaltrustcanada.ca\/fr\/ce-que-vous-pouvez-faire\/advocacy-action\/assurance-et-biens-patrimoniaux"]}]},{"@type":"BreadcrumbList","@id":"https:\/\/nationaltrustcanada.ca\/fr\/ce-que-vous-pouvez-faire\/advocacy-action\/assurance-et-biens-patrimoniaux#breadcrumb","itemListElement":[{"@type":"ListItem","position":1,"name":"Home","item":"https:\/\/nationaltrustcanada.ca\/fr"},{"@type":"ListItem","position":2,"name":"Ce que vous pouvez faire","item":"https:\/\/nationaltrustcanada.ca\/fr\/ce-que-vous-pouvez-faire"},{"@type":"ListItem","position":3,"name":"Action citoyenne","item":"https:\/\/nationaltrustcanada.ca\/fr\/ce-que-vous-pouvez-faire\/advocacy-action"},{"@type":"ListItem","position":4,"name":"Assurance et biens patrimoniaux"}]},{"@type":"WebSite","@id":"https:\/\/nationaltrustcanada.ca\/#website","url":"https:\/\/nationaltrustcanada.ca\/","name":"Fiducie nationale du Canada","description":"Bringing Heritage to Life","potentialAction":[{"@type":"SearchAction","target":{"@type":"EntryPoint","urlTemplate":"https:\/\/nationaltrustcanada.ca\/?s={search_term_string}"},"query-input":{"@type":"PropertyValueSpecification","valueRequired":true,"valueName":"search_term_string"}}],"inLanguage":"fr-FR"}]}},"_links":{"self":[{"href":"https:\/\/nationaltrustcanada.ca\/fr\/wp-json\/wp\/v2\/pages\/13060","targetHints":{"allow":["GET"]}}],"collection":[{"href":"https:\/\/nationaltrustcanada.ca\/fr\/wp-json\/wp\/v2\/pages"}],"about":[{"href":"https:\/\/nationaltrustcanada.ca\/fr\/wp-json\/wp\/v2\/types\/page"}],"author":[{"embeddable":true,"href":"https:\/\/nationaltrustcanada.ca\/fr\/wp-json\/wp\/v2\/users\/1"}],"replies":[{"embeddable":true,"href":"https:\/\/nationaltrustcanada.ca\/fr\/wp-json\/wp\/v2\/comments?post=13060"}],"version-history":[{"count":8,"href":"https:\/\/nationaltrustcanada.ca\/fr\/wp-json\/wp\/v2\/pages\/13060\/revisions"}],"predecessor-version":[{"id":13283,"href":"https:\/\/nationaltrustcanada.ca\/fr\/wp-json\/wp\/v2\/pages\/13060\/revisions\/13283"}],"up":[{"embeddable":true,"href":"https:\/\/nationaltrustcanada.ca\/fr\/wp-json\/wp\/v2\/pages\/1437"}],"wp:attachment":[{"href":"https:\/\/nationaltrustcanada.ca\/fr\/wp-json\/wp\/v2\/media?parent=13060"}],"curies":[{"name":"wp","href":"https:\/\/api.w.org\/{rel}","templated":true}]}}