{"id":12353,"date":"2020-11-08T11:03:49","date_gmt":"2020-11-08T16:03:49","guid":{"rendered":"https:\/\/nationaltrustcanada.ca\/?page_id=12353"},"modified":"2021-11-08T12:41:46","modified_gmt":"2021-11-08T17:41:46","slug":"lieux-de-fiducies-nationales-a-letranger","status":"publish","type":"page","link":"https:\/\/nationaltrustcanada.ca\/fr\/des-lieux-a-visiter\/lieux-de-fiducies-nationales-a-letranger","title":{"rendered":"Lieux de fiducies nationales \u00e0 l\u2019\u00e9tranger"},"content":{"rendered":"<p><strong>Une <a href=\"https:\/\/nationaltrustcanada.ca\/fr\/ce-que-vous-pouvez-faire\/devenez-membre\">carte de membre de la Fiducie nationale du Canada<\/a> donne acc\u00e8s \u00e0 un univers de lieux historiques \u00e0 explorer. Visitez plus d\u2019un millier de lieux enchanteurs de fiducies nationales\u00a0: les <a href=\"https:\/\/www.into.org\/places\/\" target=\"_blank\" rel=\"noopener\">lieux INTO<\/a>.<\/strong><\/p>\n<p><img loading=\"lazy\" decoding=\"async\" class=\"size-full wp-image-854\" src=\"https:\/\/nationaltrustcanada.ca\/wp-content\/uploads\/2017\/08\/England-Brodie-Castle1200.jpg\" alt=\"England Brodie Castle\" width=\"1200\" height=\"800\" srcset=\"https:\/\/nationaltrustcanada.ca\/wp-content\/uploads\/2017\/08\/England-Brodie-Castle1200.jpg 1200w, https:\/\/nationaltrustcanada.ca\/wp-content\/uploads\/2017\/08\/England-Brodie-Castle1200-300x200.jpg 300w, https:\/\/nationaltrustcanada.ca\/wp-content\/uploads\/2017\/08\/England-Brodie-Castle1200-768x512.jpg 768w, https:\/\/nationaltrustcanada.ca\/wp-content\/uploads\/2017\/08\/England-Brodie-Castle1200-1024x683.jpg 1024w\" sizes=\"auto, (max-width: 1200px) 100vw, 1200px\" \/><br \/>\n<span style=\"font-size: 10.0pt;\">National Trust for Scotland \u2013 Ch\u00e2teau de Brodie, Forres (Royaume-Uni)<\/span><\/p>\n<p>Une <a href=\"https:\/\/nationaltrustcanada.ca\/fr\/ce-que-vous-pouvez-faire\/devenez-membre\">carte de membre de la Fiducie nationale du Canada<\/a> donne acc\u00e8s \u00e0 un univers de lieux historiques \u00e0 explorer, gr\u00e2ce \u00e0 des accords de r\u00e9ciprocit\u00e9 avec des fiducies nationales dans le monde entier. Pr\u00e9sentez simplement votre carte de membre de la Fiducie nationale du Canada, et recevez *l\u2019entr\u00e9e gratuite ou \u00e0 prix r\u00e9duit \u00e0 des sites exploit\u00e9s par des organisations partenaires aux quatre coins du monde. Trouvez la liste des pays participants \u00e0 <a href=\"https:\/\/www.into.org\/places\/\" target=\"_blank\" rel=\"noopener\">INTO.org\/Places<\/a>.<\/p>\n<ul>\n<li>Angleterre, Pays de Galles et Irlande du Nord \u2013 <a href=\"https:\/\/www.nationaltrust.org.uk\/\" target=\"_blank\" rel=\"noopener\">National Trust for England, Wales and Northern Ireland<\/a><\/li>\n<li>\u00c9cosse \u2013 <a href=\"https:\/\/www.nts.org.uk\/\" target=\"_blank\" rel=\"noopener\">National Trust for Scotland<\/a><\/li>\n<li>Australie \u2013 <a href=\"https:\/\/www.nationaltrust.org.au\/\" target=\"_blank\" rel=\"noopener\">National Trust for Australia<\/a><\/li>\n<li>Jersey \u2013 <a href=\"http:\/\/www.nationaltrust.je\/\" target=\"_blank\" rel=\"noopener\">National Trust for Jersey<\/a><\/li>\n<li>Italie \u2013 <a href=\"https:\/\/www.fondoambiente.it\/visitfai\" target=\"_blank\" rel=\"noopener\">Fondo per l\u2019ambiente italiano<\/a><\/li>\n<li>Bermudes \u2013 <a href=\"https:\/\/bnt.bm\/visit-a-trust-property\/\" target=\"_blank\" rel=\"noopener\">Bermuda National Trust<\/a><\/li>\n<li>Allemagne \u2013 <a href=\"https:\/\/www.kulturerbebayern.de\/startseite.html\" target=\"_blank\" rel=\"noopener\">Kulturerbe Bayern<\/a><\/li>\n<li>Belgique \u2013 <a href=\"https:\/\/www.herita.be\/en\/about%20us\">Herita<\/a><\/li>\n<li>Pays-Bas \u2013 <a href=\"https:\/\/www.glk.nl\/english\/seven-castles-and-houses\/\" target=\"_blank\" rel=\"noopener\">Geldersch Landscap &amp; Kasteelen<\/a><\/li>\n<li>Nouvelle-Z\u00e9lande \u2013 <a href=\"https:\/\/www.heritage.org.nz\/places\/places-to-visit\" target=\"_blank\" rel=\"noopener\">Heritage New Zealand Pouhere Taonga<\/a><\/li>\n<li><a href=\"https:\/\/www.into.org\/places\/\" target=\"_blank\" rel=\"noopener\">Et plus encore<\/a><\/li>\n<\/ul>\n<p>* Les frais d\u2019entr\u00e9e \u00e0 des expositions sp\u00e9ciales, de visites guid\u00e9es et de stationnement, quand il y en a, ne sont habituellement PAS compris dans cette offre.<\/p>\n<h2>Des Canadiens \u00e0 l\u2019\u00e9tranger<\/h2>\n<p><img loading=\"lazy\" decoding=\"async\" class=\"alignnone size-full wp-image-12367\" src=\"https:\/\/nationaltrustcanada.ca\/wp-content\/uploads\/2021\/11\/2017-England-Wales-Bodnant-Gardens-scaled.jpg\" alt=\"\" width=\"2560\" height=\"1707\" srcset=\"https:\/\/nationaltrustcanada.ca\/wp-content\/uploads\/2021\/11\/2017-England-Wales-Bodnant-Gardens-scaled.jpg 2560w, https:\/\/nationaltrustcanada.ca\/wp-content\/uploads\/2021\/11\/2017-England-Wales-Bodnant-Gardens-300x200.jpg 300w, https:\/\/nationaltrustcanada.ca\/wp-content\/uploads\/2021\/11\/2017-England-Wales-Bodnant-Gardens-1024x683.jpg 1024w, https:\/\/nationaltrustcanada.ca\/wp-content\/uploads\/2021\/11\/2017-England-Wales-Bodnant-Gardens-768x512.jpg 768w, https:\/\/nationaltrustcanada.ca\/wp-content\/uploads\/2021\/11\/2017-England-Wales-Bodnant-Gardens-1536x1024.jpg 1536w, https:\/\/nationaltrustcanada.ca\/wp-content\/uploads\/2021\/11\/2017-England-Wales-Bodnant-Gardens-2048x1365.jpg 2048w\" sizes=\"auto, (max-width: 2560px) 100vw, 2560px\" \/><br \/>\n<span style=\"font-size: 10.0pt;\">Fiducie nationale \u2013 Jardin de Bodnant (Pays de Galles)<\/span><\/p>\n<h5>\u00ab\u00a0J\u2019ai visit\u00e9 de nombreuses propri\u00e9t\u00e9s avec ma carte de membre, surtout en Angleterre. J\u2019adore explorer des domaines patrimoniaux, et j\u2019ai beaucoup \u00e9conomis\u00e9 en utilisant ma carte de membre canadienne. Je me r\u00e9jouis de l\u2019utiliser davantage au Canada cette ann\u00e9e.\u00a0\u00bb<\/h5>\n<h5 class=\"xmsonormal\" style=\"text-align: right;\"><em>&#8211; Karen Longland<\/em><\/h5>\n<p>Vous cherchez des id\u00e9es de voyage? Lisez notre article \u00ab <a href=\"https:\/\/nationaltrustcanada.ca\/online-stories\/three-inspiring-getaways-at-national-trust-locations-abroad\" target=\"_blank\" rel=\"noopener noreferrer\">Trois magnifiques propri\u00e9t\u00e9s de fiducies nationales \u00e0 l\u2019\u00e9tranger<\/a>\u00a0\u00bb \u00bb.<\/p>\n<hr \/>\n<p><a href=\"https:\/\/www.into.org\/\" target=\"_blank\" rel=\"noopener\"><img loading=\"lazy\" decoding=\"async\" class=\"wp-image-12128 alignleft\" src=\"https:\/\/nationaltrustcanada.ca\/wp-content\/uploads\/2021\/10\/INTO-logo-CMYK-.jpg\" alt=\"\" width=\"184\" height=\"250\" srcset=\"https:\/\/nationaltrustcanada.ca\/wp-content\/uploads\/2021\/10\/INTO-logo-CMYK-.jpg 576w, https:\/\/nationaltrustcanada.ca\/wp-content\/uploads\/2021\/10\/INTO-logo-CMYK--221x300.jpg 221w\" sizes=\"auto, (max-width: 184px) 100vw, 184px\" \/><\/a><\/p>\n<p>Nous sommes fiers de faire partie de l\u2019International National Trusts Organization (INTO), qui compte aujourd\u2019hui plus de 60 organisations membres faisant \u0153uvre commune pour conserver le patrimoine culturel et naturel de toutes les nations, dans l\u2019int\u00e9r\u00eat de la population mondiale.<\/p>\n","protected":false},"excerpt":{"rendered":"<p>Une carte de membre de la Fiducie nationale du Canada donne acc\u00e8s \u00e0 un univers de lieux historiques \u00e0 explorer&#8230;.<\/p>\n","protected":false},"author":4,"featured_media":8751,"parent":1311,"menu_order":0,"comment_status":"closed","ping_status":"closed","template":"template-parts\/template-toplevel.php","meta":{"_acf_changed":false,"footnotes":""},"class_list":["post-12353","page","type-page","status-publish","has-post-thumbnail","hentry"],"acf":[],"yoast_head":"<!-- This site is optimized with the Yoast SEO plugin v26.3 - https:\/\/yoast.com\/wordpress\/plugins\/seo\/ -->\n<title>Lieux de fiducies nationales \u00e0 l\u2019\u00e9tranger - Fiducie nationale du Canada<\/title>\n<meta name=\"robots\" content=\"index, follow, max-snippet:-1, max-image-preview:large, max-video-preview:-1\" \/>\n<link rel=\"canonical\" href=\"https:\/\/nationaltrustcanada.ca\/fr\/des-lieux-a-visiter\/lieux-de-fiducies-nationales-a-letranger\" \/>\n<meta property=\"og:locale\" content=\"fr_FR\" \/>\n<meta property=\"og:type\" content=\"article\" \/>\n<meta property=\"og:title\" content=\"Lieux de fiducies nationales \u00e0 l\u2019\u00e9tranger - Fiducie nationale du Canada\" \/>\n<meta property=\"og:description\" content=\"Une carte de membre de la Fiducie nationale du Canada donne acc\u00e8s \u00e0 un univers de lieux historiques \u00e0 explorer....\" \/>\n<meta property=\"og:url\" content=\"https:\/\/nationaltrustcanada.ca\/fr\/des-lieux-a-visiter\/lieux-de-fiducies-nationales-a-letranger\" \/>\n<meta property=\"og:site_name\" content=\"Fiducie nationale du Canada\" \/>\n<meta property=\"article:modified_time\" content=\"2021-11-08T17:41:46+00:00\" \/>\n<meta property=\"og:image\" content=\"https:\/\/nationaltrustcanada.ca\/wp-content\/uploads\/2020\/02\/GiantsCauseway-1200x800-1.jpg\" \/>\n\t<meta property=\"og:image:width\" content=\"1200\" \/>\n\t<meta property=\"og:image:height\" content=\"801\" \/>\n\t<meta property=\"og:image:type\" content=\"image\/jpeg\" \/>\n<meta name=\"twitter:card\" content=\"summary_large_image\" \/>\n<meta name=\"twitter:label1\" content=\"Dur\u00e9e de lecture estim\u00e9e\" \/>\n\t<meta name=\"twitter:data1\" content=\"2 minutes\" \/>\n<script type=\"application\/ld+json\" class=\"yoast-schema-graph\">{\"@context\":\"https:\/\/schema.org\",\"@graph\":[{\"@type\":\"WebPage\",\"@id\":\"https:\/\/nationaltrustcanada.ca\/fr\/des-lieux-a-visiter\/lieux-de-fiducies-nationales-a-letranger\",\"url\":\"https:\/\/nationaltrustcanada.ca\/fr\/des-lieux-a-visiter\/lieux-de-fiducies-nationales-a-letranger\",\"name\":\"Lieux de fiducies nationales \u00e0 l\u2019\u00e9tranger - Fiducie nationale du Canada\",\"isPartOf\":{\"@id\":\"https:\/\/nationaltrustcanada.ca\/#website\"},\"primaryImageOfPage\":{\"@id\":\"https:\/\/nationaltrustcanada.ca\/fr\/des-lieux-a-visiter\/lieux-de-fiducies-nationales-a-letranger#primaryimage\"},\"image\":{\"@id\":\"https:\/\/nationaltrustcanada.ca\/fr\/des-lieux-a-visiter\/lieux-de-fiducies-nationales-a-letranger#primaryimage\"},\"thumbnailUrl\":\"https:\/\/nationaltrustcanada.ca\/wp-content\/uploads\/2020\/02\/GiantsCauseway-1200x800-1.jpg\",\"datePublished\":\"2020-11-08T16:03:49+00:00\",\"dateModified\":\"2021-11-08T17:41:46+00:00\",\"breadcrumb\":{\"@id\":\"https:\/\/nationaltrustcanada.ca\/fr\/des-lieux-a-visiter\/lieux-de-fiducies-nationales-a-letranger#breadcrumb\"},\"inLanguage\":\"fr-FR\",\"potentialAction\":[{\"@type\":\"ReadAction\",\"target\":[\"https:\/\/nationaltrustcanada.ca\/fr\/des-lieux-a-visiter\/lieux-de-fiducies-nationales-a-letranger\"]}]},{\"@type\":\"ImageObject\",\"inLanguage\":\"fr-FR\",\"@id\":\"https:\/\/nationaltrustcanada.ca\/fr\/des-lieux-a-visiter\/lieux-de-fiducies-nationales-a-letranger#primaryimage\",\"url\":\"https:\/\/nationaltrustcanada.ca\/wp-content\/uploads\/2020\/02\/GiantsCauseway-1200x800-1.jpg\",\"contentUrl\":\"https:\/\/nationaltrustcanada.ca\/wp-content\/uploads\/2020\/02\/GiantsCauseway-1200x800-1.jpg\",\"width\":1200,\"height\":801},{\"@type\":\"BreadcrumbList\",\"@id\":\"https:\/\/nationaltrustcanada.ca\/fr\/des-lieux-a-visiter\/lieux-de-fiducies-nationales-a-letranger#breadcrumb\",\"itemListElement\":[{\"@type\":\"ListItem\",\"position\":1,\"name\":\"Home\",\"item\":\"https:\/\/nationaltrustcanada.ca\/fr\"},{\"@type\":\"ListItem\",\"position\":2,\"name\":\"Des lieux \u00e0 visiter\",\"item\":\"https:\/\/nationaltrustcanada.ca\/fr\/des-lieux-a-visiter\"},{\"@type\":\"ListItem\",\"position\":3,\"name\":\"Lieux de fiducies nationales \u00e0 l\u2019\u00e9tranger\"}]},{\"@type\":\"WebSite\",\"@id\":\"https:\/\/nationaltrustcanada.ca\/#website\",\"url\":\"https:\/\/nationaltrustcanada.ca\/\",\"name\":\"Fiducie nationale du Canada\",\"description\":\"Bringing Heritage to Life\",\"potentialAction\":[{\"@type\":\"SearchAction\",\"target\":{\"@type\":\"EntryPoint\",\"urlTemplate\":\"https:\/\/nationaltrustcanada.ca\/?s={search_term_string}\"},\"query-input\":{\"@type\":\"PropertyValueSpecification\",\"valueRequired\":true,\"valueName\":\"search_term_string\"}}],\"inLanguage\":\"fr-FR\"}]}<\/script>\n<!-- \/ Yoast SEO plugin. -->","yoast_head_json":{"title":"Lieux de fiducies nationales \u00e0 l\u2019\u00e9tranger - Fiducie nationale du Canada","robots":{"index":"index","follow":"follow","max-snippet":"max-snippet:-1","max-image-preview":"max-image-preview:large","max-video-preview":"max-video-preview:-1"},"canonical":"https:\/\/nationaltrustcanada.ca\/fr\/des-lieux-a-visiter\/lieux-de-fiducies-nationales-a-letranger","og_locale":"fr_FR","og_type":"article","og_title":"Lieux de fiducies nationales \u00e0 l\u2019\u00e9tranger - Fiducie nationale du Canada","og_description":"Une carte de membre de la Fiducie nationale du Canada donne acc\u00e8s \u00e0 un univers de lieux historiques \u00e0 explorer....","og_url":"https:\/\/nationaltrustcanada.ca\/fr\/des-lieux-a-visiter\/lieux-de-fiducies-nationales-a-letranger","og_site_name":"Fiducie nationale du Canada","article_modified_time":"2021-11-08T17:41:46+00:00","og_image":[{"width":1200,"height":801,"url":"https:\/\/nationaltrustcanada.ca\/wp-content\/uploads\/2020\/02\/GiantsCauseway-1200x800-1.jpg","type":"image\/jpeg"}],"twitter_card":"summary_large_image","twitter_misc":{"Dur\u00e9e de lecture estim\u00e9e":"2 minutes"},"schema":{"@context":"https:\/\/schema.org","@graph":[{"@type":"WebPage","@id":"https:\/\/nationaltrustcanada.ca\/fr\/des-lieux-a-visiter\/lieux-de-fiducies-nationales-a-letranger","url":"https:\/\/nationaltrustcanada.ca\/fr\/des-lieux-a-visiter\/lieux-de-fiducies-nationales-a-letranger","name":"Lieux de fiducies nationales \u00e0 l\u2019\u00e9tranger - Fiducie nationale du Canada","isPartOf":{"@id":"https:\/\/nationaltrustcanada.ca\/#website"},"primaryImageOfPage":{"@id":"https:\/\/nationaltrustcanada.ca\/fr\/des-lieux-a-visiter\/lieux-de-fiducies-nationales-a-letranger#primaryimage"},"image":{"@id":"https:\/\/nationaltrustcanada.ca\/fr\/des-lieux-a-visiter\/lieux-de-fiducies-nationales-a-letranger#primaryimage"},"thumbnailUrl":"https:\/\/nationaltrustcanada.ca\/wp-content\/uploads\/2020\/02\/GiantsCauseway-1200x800-1.jpg","datePublished":"2020-11-08T16:03:49+00:00","dateModified":"2021-11-08T17:41:46+00:00","breadcrumb":{"@id":"https:\/\/nationaltrustcanada.ca\/fr\/des-lieux-a-visiter\/lieux-de-fiducies-nationales-a-letranger#breadcrumb"},"inLanguage":"fr-FR","potentialAction":[{"@type":"ReadAction","target":["https:\/\/nationaltrustcanada.ca\/fr\/des-lieux-a-visiter\/lieux-de-fiducies-nationales-a-letranger"]}]},{"@type":"ImageObject","inLanguage":"fr-FR","@id":"https:\/\/nationaltrustcanada.ca\/fr\/des-lieux-a-visiter\/lieux-de-fiducies-nationales-a-letranger#primaryimage","url":"https:\/\/nationaltrustcanada.ca\/wp-content\/uploads\/2020\/02\/GiantsCauseway-1200x800-1.jpg","contentUrl":"https:\/\/nationaltrustcanada.ca\/wp-content\/uploads\/2020\/02\/GiantsCauseway-1200x800-1.jpg","width":1200,"height":801},{"@type":"BreadcrumbList","@id":"https:\/\/nationaltrustcanada.ca\/fr\/des-lieux-a-visiter\/lieux-de-fiducies-nationales-a-letranger#breadcrumb","itemListElement":[{"@type":"ListItem","position":1,"name":"Home","item":"https:\/\/nationaltrustcanada.ca\/fr"},{"@type":"ListItem","position":2,"name":"Des lieux \u00e0 visiter","item":"https:\/\/nationaltrustcanada.ca\/fr\/des-lieux-a-visiter"},{"@type":"ListItem","position":3,"name":"Lieux de fiducies nationales \u00e0 l\u2019\u00e9tranger"}]},{"@type":"WebSite","@id":"https:\/\/nationaltrustcanada.ca\/#website","url":"https:\/\/nationaltrustcanada.ca\/","name":"Fiducie nationale du Canada","description":"Bringing Heritage to Life","potentialAction":[{"@type":"SearchAction","target":{"@type":"EntryPoint","urlTemplate":"https:\/\/nationaltrustcanada.ca\/?s={search_term_string}"},"query-input":{"@type":"PropertyValueSpecification","valueRequired":true,"valueName":"search_term_string"}}],"inLanguage":"fr-FR"}]}},"_links":{"self":[{"href":"https:\/\/nationaltrustcanada.ca\/fr\/wp-json\/wp\/v2\/pages\/12353","targetHints":{"allow":["GET"]}}],"collection":[{"href":"https:\/\/nationaltrustcanada.ca\/fr\/wp-json\/wp\/v2\/pages"}],"about":[{"href":"https:\/\/nationaltrustcanada.ca\/fr\/wp-json\/wp\/v2\/types\/page"}],"author":[{"embeddable":true,"href":"https:\/\/nationaltrustcanada.ca\/fr\/wp-json\/wp\/v2\/users\/4"}],"replies":[{"embeddable":true,"href":"https:\/\/nationaltrustcanada.ca\/fr\/wp-json\/wp\/v2\/comments?post=12353"}],"version-history":[{"count":7,"href":"https:\/\/nationaltrustcanada.ca\/fr\/wp-json\/wp\/v2\/pages\/12353\/revisions"}],"predecessor-version":[{"id":12371,"href":"https:\/\/nationaltrustcanada.ca\/fr\/wp-json\/wp\/v2\/pages\/12353\/revisions\/12371"}],"up":[{"embeddable":true,"href":"https:\/\/nationaltrustcanada.ca\/fr\/wp-json\/wp\/v2\/pages\/1311"}],"wp:featuredmedia":[{"embeddable":true,"href":"https:\/\/nationaltrustcanada.ca\/fr\/wp-json\/wp\/v2\/media\/8751"}],"wp:attachment":[{"href":"https:\/\/nationaltrustcanada.ca\/fr\/wp-json\/wp\/v2\/media?parent=12353"}],"curies":[{"name":"wp","href":"https:\/\/api.w.org\/{rel}","templated":true}]}}