{"id":11740,"date":"2021-09-07T10:26:12","date_gmt":"2021-09-07T14:26:12","guid":{"rendered":"https:\/\/nationaltrustcanada.ca\/?page_id=11740"},"modified":"2021-09-07T10:26:12","modified_gmt":"2021-09-07T14:26:12","slug":"2020-2021-annual-report-links","status":"publish","type":"page","link":"https:\/\/nationaltrustcanada.ca\/fr\/2020-2021-annual-report-links","title":{"rendered":"2020-2021 liens Rapport Annuel"},"content":{"rendered":"<p><strong>Page 2<\/strong><br \/>\n<a href=\"https:\/\/nationaltrustcanada.ca\/fr\/online-stories\/8-projets-chantierdupatrimoine-pour-aider-a-propulser-une-relance-ecologique\">En savoir plus sur la campagne \u00ab Chantier du patrimoine \u00bb<\/a><\/p>\n<p><strong>Page 3<\/strong><br \/>\n<a href=\"https:\/\/historicplacesdays.ca\/fr\/quoi-de-neuf\/la-journee-des-lieux-patrimoniaux-totalise-46-millions-dimpressions-et-bien-plus\/\">En savoir plus sur les Journ\u00e9es des lieux patrimoniaux du Canada 2020<\/a><br \/>\n<a href=\"https:\/\/nationaltrustcanada.ca\/wp-content\/uploads\/2020\/07\/Canadians-and-Heritage-Places-FR.pdf\">En savoir plus sur le sondage public national<\/a><\/p>\n<p><em>En savoir plus sur certains de nos anciens b\u00e9n\u00e9ficiaires du programme D\u00e9clic :<\/em><br \/>\n<a href=\"https:\/\/nationaltrustcanada.ca\/fr\/online-stories\/un-hotel-de-ville-historique-devient-un-centre-communautaire-grace-a-des-anges-gardiens\">L\u2019h\u00f4tel de ville d\u2019Acton (Ont.)<\/a><br \/>\n<a href=\"https:\/\/nationaltrustcanada.ca\/fr\/online-stories\/le-site-de-la-colony-of-avalon-permet-de-decouvrir-des-histoires-du-canada-qui-remontent-a-longtemps-avant-que-nexiste-le-pays-que-nous-connaissons\">La Colony of Avalon Foundation (T.-N.-L.)<\/a><\/p>\n<p><a href=\"https:\/\/regenerationworks.ca\/fr\/ressources\/shared-stewardship-toolkit\/\">La trousse d\u2019outils : Garde partag\u00e9e<\/a> <\/p>\n<p><strong>Page 4<\/strong><br \/>\n<a href=\"https:\/\/nationaltrustcanada.ca\/wp-content\/uploads\/2021\/02\/Creating-a-legacy-for-heritage-volunteers.pdf\">En savoir plus sur la cr\u00e9ation d&rsquo;un h\u00e9ritage pour les b\u00e9n\u00e9voles du patrimoine<\/a><br \/>\n<a href=\"https:\/\/youtube.com\/playlist?list=PLm8iW67mQsyNxEq4pCpNhXEktCmuNFZMf\">Regardez le vlogue de la chapelle Papineau<\/a><br \/>\n<a href=\"https:\/\/nationaltrustcanada.ca\/fr\/des-lieux-a-visiter\/lieux-passeport-au-canada\">En savoir plus sur les Lieux passeport de la Fiducie nationale<\/a><\/p>\n<p><strong>Page 5<\/strong><br \/>\n<a href=\"https:\/\/nationaltrustcanada.ca\/wp-content\/uploads\/2021\/08\/20210331-Etats-financiers-signes-National-Trust-for-Canada.pdf\" target=\"_blank\" rel=\"noopener noreferrer\">2020-2021 Financial Statements<\/a><\/p>\n<p><em>Gardez le contact :<\/em><br \/>\nFacebook: <a href=\"https:\/\/www.facebook.com\/NationalTrustCa\">facebook.com\/nationaltrustca<\/a><br \/>\nInstagram: <a href=\"https:\/\/www.instagram.com\/nationaltrustca\/\">@nationaltrustca<\/a><br \/>\nTwitter: <a href=\"https:\/\/twitter.com\/fiducienatca\">@fiducienatca<\/a><br \/>\nLinkedIn: <a href=\"https:\/\/www.linkedin.com\/company\/heritage-canada-foundation\/\">National Trust for Canada<\/a><\/p>\n<p><strong>Couverture arri\u00e8re<\/strong><br \/>\n<a href=\"https:\/\/nationaltrustcanada.ca\/fr\/ce-que-vous-pouvez-faire\/devenez-membre\">Devenez membre<\/a><br \/>\n<a href=\"https:\/\/nationaltrustcanada.ca\/fr\/ce-que-vous-pouvez-faire\/faites-un-don\">Faites un don<\/a><br \/>\n<a href=\"https:\/\/nationaltrustcanada.ca\/fr\/ce-que-vous-pouvez-faire\/faites-un-don\/dons-planifies\">Planifiez votre don<\/a><\/p>\n<p>Visitez <a href=\"https:\/\/nationaltrustcanada.ca\/what-you-can-do\">fiducienationalecanada.ca\/ce-que-vous-pouvez-faire<\/a> pour en savoir plus.<\/p>\n","protected":false},"excerpt":{"rendered":"<p>Page 2 En savoir plus sur la campagne \u00ab Chantier du patrimoine \u00bb Page 3 En savoir plus sur les&#8230;<\/p>\n","protected":false},"author":8,"featured_media":0,"parent":0,"menu_order":0,"comment_status":"closed","ping_status":"closed","template":"","meta":{"_acf_changed":false,"footnotes":""},"class_list":["post-11740","page","type-page","status-publish","hentry"],"acf":[],"yoast_head":"<!-- This site is optimized with the Yoast SEO plugin v26.3 - https:\/\/yoast.com\/wordpress\/plugins\/seo\/ -->\n<title>2020-2021 liens Rapport Annuel - Fiducie nationale du Canada<\/title>\n<meta name=\"robots\" content=\"index, follow, max-snippet:-1, max-image-preview:large, max-video-preview:-1\" \/>\n<link rel=\"canonical\" href=\"https:\/\/nationaltrustcanada.ca\/fr\/2020-2021-annual-report-links\" \/>\n<meta property=\"og:locale\" content=\"fr_FR\" \/>\n<meta property=\"og:type\" content=\"article\" \/>\n<meta property=\"og:title\" content=\"2020-2021 liens Rapport Annuel - Fiducie nationale du Canada\" \/>\n<meta property=\"og:description\" content=\"Page 2 En savoir plus sur la campagne \u00ab Chantier du patrimoine \u00bb Page 3 En savoir plus sur les...\" \/>\n<meta property=\"og:url\" content=\"https:\/\/nationaltrustcanada.ca\/fr\/2020-2021-annual-report-links\" \/>\n<meta property=\"og:site_name\" content=\"Fiducie nationale du Canada\" \/>\n<meta name=\"twitter:card\" content=\"summary_large_image\" \/>\n<meta name=\"twitter:label1\" content=\"Dur\u00e9e de lecture estim\u00e9e\" \/>\n\t<meta name=\"twitter:data1\" content=\"1 minute\" \/>\n<script type=\"application\/ld+json\" class=\"yoast-schema-graph\">{\"@context\":\"https:\/\/schema.org\",\"@graph\":[{\"@type\":\"WebPage\",\"@id\":\"https:\/\/nationaltrustcanada.ca\/fr\/2020-2021-annual-report-links\",\"url\":\"https:\/\/nationaltrustcanada.ca\/fr\/2020-2021-annual-report-links\",\"name\":\"2020-2021 liens Rapport Annuel - Fiducie nationale du Canada\",\"isPartOf\":{\"@id\":\"https:\/\/nationaltrustcanada.ca\/#website\"},\"datePublished\":\"2021-09-07T14:26:12+00:00\",\"breadcrumb\":{\"@id\":\"https:\/\/nationaltrustcanada.ca\/fr\/2020-2021-annual-report-links#breadcrumb\"},\"inLanguage\":\"fr-FR\",\"potentialAction\":[{\"@type\":\"ReadAction\",\"target\":[\"https:\/\/nationaltrustcanada.ca\/fr\/2020-2021-annual-report-links\"]}]},{\"@type\":\"BreadcrumbList\",\"@id\":\"https:\/\/nationaltrustcanada.ca\/fr\/2020-2021-annual-report-links#breadcrumb\",\"itemListElement\":[{\"@type\":\"ListItem\",\"position\":1,\"name\":\"Home\",\"item\":\"https:\/\/nationaltrustcanada.ca\/fr\"},{\"@type\":\"ListItem\",\"position\":2,\"name\":\"2020-2021 liens Rapport Annuel\"}]},{\"@type\":\"WebSite\",\"@id\":\"https:\/\/nationaltrustcanada.ca\/#website\",\"url\":\"https:\/\/nationaltrustcanada.ca\/\",\"name\":\"Fiducie nationale du Canada\",\"description\":\"Bringing Heritage to Life\",\"potentialAction\":[{\"@type\":\"SearchAction\",\"target\":{\"@type\":\"EntryPoint\",\"urlTemplate\":\"https:\/\/nationaltrustcanada.ca\/?s={search_term_string}\"},\"query-input\":{\"@type\":\"PropertyValueSpecification\",\"valueRequired\":true,\"valueName\":\"search_term_string\"}}],\"inLanguage\":\"fr-FR\"}]}<\/script>\n<!-- \/ Yoast SEO plugin. -->","yoast_head_json":{"title":"2020-2021 liens Rapport Annuel - Fiducie nationale du Canada","robots":{"index":"index","follow":"follow","max-snippet":"max-snippet:-1","max-image-preview":"max-image-preview:large","max-video-preview":"max-video-preview:-1"},"canonical":"https:\/\/nationaltrustcanada.ca\/fr\/2020-2021-annual-report-links","og_locale":"fr_FR","og_type":"article","og_title":"2020-2021 liens Rapport Annuel - Fiducie nationale du Canada","og_description":"Page 2 En savoir plus sur la campagne \u00ab Chantier du patrimoine \u00bb Page 3 En savoir plus sur les...","og_url":"https:\/\/nationaltrustcanada.ca\/fr\/2020-2021-annual-report-links","og_site_name":"Fiducie nationale du Canada","twitter_card":"summary_large_image","twitter_misc":{"Dur\u00e9e de lecture estim\u00e9e":"1 minute"},"schema":{"@context":"https:\/\/schema.org","@graph":[{"@type":"WebPage","@id":"https:\/\/nationaltrustcanada.ca\/fr\/2020-2021-annual-report-links","url":"https:\/\/nationaltrustcanada.ca\/fr\/2020-2021-annual-report-links","name":"2020-2021 liens Rapport Annuel - Fiducie nationale du Canada","isPartOf":{"@id":"https:\/\/nationaltrustcanada.ca\/#website"},"datePublished":"2021-09-07T14:26:12+00:00","breadcrumb":{"@id":"https:\/\/nationaltrustcanada.ca\/fr\/2020-2021-annual-report-links#breadcrumb"},"inLanguage":"fr-FR","potentialAction":[{"@type":"ReadAction","target":["https:\/\/nationaltrustcanada.ca\/fr\/2020-2021-annual-report-links"]}]},{"@type":"BreadcrumbList","@id":"https:\/\/nationaltrustcanada.ca\/fr\/2020-2021-annual-report-links#breadcrumb","itemListElement":[{"@type":"ListItem","position":1,"name":"Home","item":"https:\/\/nationaltrustcanada.ca\/fr"},{"@type":"ListItem","position":2,"name":"2020-2021 liens Rapport Annuel"}]},{"@type":"WebSite","@id":"https:\/\/nationaltrustcanada.ca\/#website","url":"https:\/\/nationaltrustcanada.ca\/","name":"Fiducie nationale du Canada","description":"Bringing Heritage to Life","potentialAction":[{"@type":"SearchAction","target":{"@type":"EntryPoint","urlTemplate":"https:\/\/nationaltrustcanada.ca\/?s={search_term_string}"},"query-input":{"@type":"PropertyValueSpecification","valueRequired":true,"valueName":"search_term_string"}}],"inLanguage":"fr-FR"}]}},"_links":{"self":[{"href":"https:\/\/nationaltrustcanada.ca\/fr\/wp-json\/wp\/v2\/pages\/11740","targetHints":{"allow":["GET"]}}],"collection":[{"href":"https:\/\/nationaltrustcanada.ca\/fr\/wp-json\/wp\/v2\/pages"}],"about":[{"href":"https:\/\/nationaltrustcanada.ca\/fr\/wp-json\/wp\/v2\/types\/page"}],"author":[{"embeddable":true,"href":"https:\/\/nationaltrustcanada.ca\/fr\/wp-json\/wp\/v2\/users\/8"}],"replies":[{"embeddable":true,"href":"https:\/\/nationaltrustcanada.ca\/fr\/wp-json\/wp\/v2\/comments?post=11740"}],"version-history":[{"count":4,"href":"https:\/\/nationaltrustcanada.ca\/fr\/wp-json\/wp\/v2\/pages\/11740\/revisions"}],"predecessor-version":[{"id":11755,"href":"https:\/\/nationaltrustcanada.ca\/fr\/wp-json\/wp\/v2\/pages\/11740\/revisions\/11755"}],"wp:attachment":[{"href":"https:\/\/nationaltrustcanada.ca\/fr\/wp-json\/wp\/v2\/media?parent=11740"}],"curies":[{"name":"wp","href":"https:\/\/api.w.org\/{rel}","templated":true}]}}