{"id":11079,"date":"2021-03-31T17:21:17","date_gmt":"2021-03-31T21:21:17","guid":{"rendered":"https:\/\/nationaltrustcanada.ca\/?page_id=11079"},"modified":"2026-01-29T12:01:29","modified_gmt":"2026-01-29T17:01:29","slug":"presenter-une-candidature","status":"publish","type":"page","link":"https:\/\/nationaltrustcanada.ca\/fr\/bourses-herb-stovel\/presenter-une-candidature","title":{"rendered":"Pr\u00e9senter une candidature"},"content":{"rendered":"<p>Merci pour votre int\u00e9r\u00eat envers les bourses Herb Stovel ! La p\u00e9riode de candidatures est maintenant termin\u00e9e. Pour plus d'informations veuillez visiter : <a href=\"https:\/\/nationaltrustcanada.ca\/fr\/bourses-herb-stovel\">fiducienationalecanada.ca\/bourses-herb-stovel<\/a><\/p>\n","protected":false},"excerpt":{"rendered":"","protected":false},"author":8,"featured_media":0,"parent":1522,"menu_order":0,"comment_status":"closed","ping_status":"closed","template":"","meta":{"_acf_changed":false,"footnotes":""},"class_list":["post-11079","page","type-page","status-publish","hentry"],"acf":[],"yoast_head":"<!-- This site is optimized with the Yoast SEO plugin v26.3 - https:\/\/yoast.com\/wordpress\/plugins\/seo\/ -->\n<title>Pr\u00e9senter une candidature - Fiducie nationale du Canada<\/title>\n<meta name=\"robots\" content=\"index, follow, max-snippet:-1, max-image-preview:large, max-video-preview:-1\" \/>\n<link rel=\"canonical\" href=\"https:\/\/nationaltrustcanada.ca\/fr\/bourses-herb-stovel\/presenter-une-candidature\" \/>\n<meta property=\"og:locale\" content=\"fr_FR\" \/>\n<meta property=\"og:type\" content=\"article\" \/>\n<meta property=\"og:title\" content=\"Pr\u00e9senter une candidature - Fiducie nationale du Canada\" \/>\n<meta property=\"og:url\" content=\"https:\/\/nationaltrustcanada.ca\/fr\/bourses-herb-stovel\/presenter-une-candidature\" \/>\n<meta property=\"og:site_name\" content=\"Fiducie nationale du Canada\" \/>\n<meta property=\"article:modified_time\" content=\"2026-01-29T17:01:29+00:00\" \/>\n<meta name=\"twitter:card\" content=\"summary_large_image\" \/>\n<meta name=\"twitter:label1\" content=\"Dur\u00e9e de lecture estim\u00e9e\" \/>\n\t<meta name=\"twitter:data1\" content=\"1 minute\" \/>\n<script type=\"application\/ld+json\" class=\"yoast-schema-graph\">{\"@context\":\"https:\/\/schema.org\",\"@graph\":[{\"@type\":\"WebPage\",\"@id\":\"https:\/\/nationaltrustcanada.ca\/fr\/bourses-herb-stovel\/presenter-une-candidature\",\"url\":\"https:\/\/nationaltrustcanada.ca\/fr\/bourses-herb-stovel\/presenter-une-candidature\",\"name\":\"Pr\u00e9senter une candidature - Fiducie nationale du Canada\",\"isPartOf\":{\"@id\":\"https:\/\/nationaltrustcanada.ca\/#website\"},\"datePublished\":\"2021-03-31T21:21:17+00:00\",\"dateModified\":\"2026-01-29T17:01:29+00:00\",\"breadcrumb\":{\"@id\":\"https:\/\/nationaltrustcanada.ca\/fr\/bourses-herb-stovel\/presenter-une-candidature#breadcrumb\"},\"inLanguage\":\"fr-FR\",\"potentialAction\":[{\"@type\":\"ReadAction\",\"target\":[\"https:\/\/nationaltrustcanada.ca\/fr\/bourses-herb-stovel\/presenter-une-candidature\"]}]},{\"@type\":\"BreadcrumbList\",\"@id\":\"https:\/\/nationaltrustcanada.ca\/fr\/bourses-herb-stovel\/presenter-une-candidature#breadcrumb\",\"itemListElement\":[{\"@type\":\"ListItem\",\"position\":1,\"name\":\"Home\",\"item\":\"https:\/\/nationaltrustcanada.ca\/fr\"},{\"@type\":\"ListItem\",\"position\":2,\"name\":\"Demandes de bourses Herb Stovel\",\"item\":\"https:\/\/nationaltrustcanada.ca\/fr\/bourses-herb-stovel\"},{\"@type\":\"ListItem\",\"position\":3,\"name\":\"Pr\u00e9senter une candidature\"}]},{\"@type\":\"WebSite\",\"@id\":\"https:\/\/nationaltrustcanada.ca\/#website\",\"url\":\"https:\/\/nationaltrustcanada.ca\/\",\"name\":\"Fiducie nationale du Canada\",\"description\":\"Bringing Heritage to Life\",\"potentialAction\":[{\"@type\":\"SearchAction\",\"target\":{\"@type\":\"EntryPoint\",\"urlTemplate\":\"https:\/\/nationaltrustcanada.ca\/?s={search_term_string}\"},\"query-input\":{\"@type\":\"PropertyValueSpecification\",\"valueRequired\":true,\"valueName\":\"search_term_string\"}}],\"inLanguage\":\"fr-FR\"}]}<\/script>\n<!-- \/ Yoast SEO plugin. -->","yoast_head_json":{"title":"Pr\u00e9senter une candidature - Fiducie nationale du Canada","robots":{"index":"index","follow":"follow","max-snippet":"max-snippet:-1","max-image-preview":"max-image-preview:large","max-video-preview":"max-video-preview:-1"},"canonical":"https:\/\/nationaltrustcanada.ca\/fr\/bourses-herb-stovel\/presenter-une-candidature","og_locale":"fr_FR","og_type":"article","og_title":"Pr\u00e9senter une candidature - Fiducie nationale du Canada","og_url":"https:\/\/nationaltrustcanada.ca\/fr\/bourses-herb-stovel\/presenter-une-candidature","og_site_name":"Fiducie nationale du Canada","article_modified_time":"2026-01-29T17:01:29+00:00","twitter_card":"summary_large_image","twitter_misc":{"Dur\u00e9e de lecture estim\u00e9e":"1 minute"},"schema":{"@context":"https:\/\/schema.org","@graph":[{"@type":"WebPage","@id":"https:\/\/nationaltrustcanada.ca\/fr\/bourses-herb-stovel\/presenter-une-candidature","url":"https:\/\/nationaltrustcanada.ca\/fr\/bourses-herb-stovel\/presenter-une-candidature","name":"Pr\u00e9senter une candidature - Fiducie nationale du Canada","isPartOf":{"@id":"https:\/\/nationaltrustcanada.ca\/#website"},"datePublished":"2021-03-31T21:21:17+00:00","dateModified":"2026-01-29T17:01:29+00:00","breadcrumb":{"@id":"https:\/\/nationaltrustcanada.ca\/fr\/bourses-herb-stovel\/presenter-une-candidature#breadcrumb"},"inLanguage":"fr-FR","potentialAction":[{"@type":"ReadAction","target":["https:\/\/nationaltrustcanada.ca\/fr\/bourses-herb-stovel\/presenter-une-candidature"]}]},{"@type":"BreadcrumbList","@id":"https:\/\/nationaltrustcanada.ca\/fr\/bourses-herb-stovel\/presenter-une-candidature#breadcrumb","itemListElement":[{"@type":"ListItem","position":1,"name":"Home","item":"https:\/\/nationaltrustcanada.ca\/fr"},{"@type":"ListItem","position":2,"name":"Demandes de bourses Herb Stovel","item":"https:\/\/nationaltrustcanada.ca\/fr\/bourses-herb-stovel"},{"@type":"ListItem","position":3,"name":"Pr\u00e9senter une candidature"}]},{"@type":"WebSite","@id":"https:\/\/nationaltrustcanada.ca\/#website","url":"https:\/\/nationaltrustcanada.ca\/","name":"Fiducie nationale du Canada","description":"Bringing Heritage to Life","potentialAction":[{"@type":"SearchAction","target":{"@type":"EntryPoint","urlTemplate":"https:\/\/nationaltrustcanada.ca\/?s={search_term_string}"},"query-input":{"@type":"PropertyValueSpecification","valueRequired":true,"valueName":"search_term_string"}}],"inLanguage":"fr-FR"}]}},"_links":{"self":[{"href":"https:\/\/nationaltrustcanada.ca\/fr\/wp-json\/wp\/v2\/pages\/11079","targetHints":{"allow":["GET"]}}],"collection":[{"href":"https:\/\/nationaltrustcanada.ca\/fr\/wp-json\/wp\/v2\/pages"}],"about":[{"href":"https:\/\/nationaltrustcanada.ca\/fr\/wp-json\/wp\/v2\/types\/page"}],"author":[{"embeddable":true,"href":"https:\/\/nationaltrustcanada.ca\/fr\/wp-json\/wp\/v2\/users\/8"}],"replies":[{"embeddable":true,"href":"https:\/\/nationaltrustcanada.ca\/fr\/wp-json\/wp\/v2\/comments?post=11079"}],"version-history":[{"count":14,"href":"https:\/\/nationaltrustcanada.ca\/fr\/wp-json\/wp\/v2\/pages\/11079\/revisions"}],"predecessor-version":[{"id":22967,"href":"https:\/\/nationaltrustcanada.ca\/fr\/wp-json\/wp\/v2\/pages\/11079\/revisions\/22967"}],"up":[{"embeddable":true,"href":"https:\/\/nationaltrustcanada.ca\/fr\/wp-json\/wp\/v2\/pages\/1522"}],"wp:attachment":[{"href":"https:\/\/nationaltrustcanada.ca\/fr\/wp-json\/wp\/v2\/media?parent=11079"}],"curies":[{"name":"wp","href":"https:\/\/api.w.org\/{rel}","templated":true}]}}